{"id":34,"date":"2015-05-06T13:43:29","date_gmt":"2015-05-06T12:43:29","guid":{"rendered":"http:\/?page_id=34"},"modified":"2022-08-08T09:32:28","modified_gmt":"2022-08-08T08:32:28","slug":"annee-2010","status":"publish","type":"page","link":"https:\/\/www.inserm-u1000.universite-paris-saclay.fr\/?page_id=34","title":{"rendered":"Ann\u00e9e 2010"},"content":{"rendered":"<p style=\"text-align: justify;\"><span style=\"color: #3366ff;\"><strong>Influence of prefrontal target region on the efficacy of repetitive transcranial magnetic stimulation in patients with medication-resistant depression: a [(18)F]-fluorodeoxyglucose PET and MRI study.<\/strong> <\/span><\/p>\n<p><u>Int J Neuropsychopharmacol<\/u>. 2010 Feb;13(1):45-59. Epub 2009 Mar 9.<\/p>\n<p style=\"text-align: justify;\"><strong>Paill\u00e8re-Martinot ML<\/strong>, <strong>Galinowski A<\/strong>, Ringuenet D, Gallarda T, Lefaucheur JP, Bellivier F, Picq C, Brugui\u00e8re P, Mangin JF, Rivi\u00e8re D, Willer JC, Falissard B, Leboyer M, Oli\u00e9 JP, <strong>Artiges E<\/strong>, <strong>Martinot<\/strong> <strong>JL<\/strong>.<\/p>\n<p style=\"text-align: justify;\"><span style=\"color: #3366ff;\"><strong>Brain imaging findings in children and adolescents with mental disorders: A cross-sectional review.<\/strong> <\/span><\/p>\n<p><u>Eur Psychiatry.<\/u> 2010 Jul 8. [Epub ahead of print]<\/p>\n<p><strong>Mana S, Paill\u00e8re-Martinot ML, Martinot JL<\/strong>.<\/p>\n<p style=\"text-align: justify;\"><span style=\"color: #3366ff;\"><strong>Posterior fossa imaging in 158 children with ataxia.<\/strong> <\/span><\/p>\n<p><u>J Neuroradiol.<\/u> 2010 Apr 6. [Epub ahead of print]<\/p>\n<p style=\"text-align: justify;\"><strong>Boddaert N<\/strong>, Desguerre I, Bahi-Buisson N, Romano S, Valayannopoulos V, Saillour Y, Seidenwurm D, <strong>Grevent D<\/strong>, Berteloot L, Lebre AS, <strong>Zilbovicius M<\/strong>, Puget S, Salomon R, Attie-Bitach T, Munnich A, <strong>Brunelle F<\/strong>, de Lonlay P.<\/p>\n<p><span style=\"color: #3366ff;\"><strong>A group model for stable multi-subject ICA on fMRI datasets.<\/strong> <\/span><\/p>\n<p><u>Neuroimage.<\/u> 2010 May 15;51(1):288-99. Epub 2010 Feb 12.<\/p>\n<p>Varoquaux G, Sadaghiani S, Pinel P, Kleinschmidt A, <strong>Poline JB<\/strong>, Thirion B.<\/p>\n<p><span style=\"color: #3366ff;\"><strong>Hearing loss severity: impaired processing of formant transition duration.<\/strong><\/span><\/p>\n<p><u>Neuropsychologia.<\/u> 2010 Aug;48(10):3057-61. Epub 2010 Jun 19.<\/p>\n<p><strong>Coez A<\/strong>, Belin P, Bizaguet E, Ferrary E, <strong>Zilbovicius M<\/strong>, Samson Y.<\/p>\n<p style=\"text-align: justify;\"><span style=\"color: #3366ff;\"><strong>N<\/strong><a style=\"color: #3366ff;\" href=\"http:\/\/www.ncbi.nlm.nih.gov\/pubmed\/20739099\"><strong>ormal age-related brain morphometric changes: nonuniformity across cortical thickness, surface area and gray matter volume?<\/strong><\/a> <\/span><\/p>\n<p>Neurobiol Aging. 2010 Aug 23 Epub ahead of print]<\/p>\n<p style=\"text-align: justify;\"><strong>Lemaitre H<\/strong>, Goldman AL, Sambataro F, Verchinski BA, Meyer-Lindenberg A, Weinberger DR, Mattay VS.<\/p>\n<p><span style=\"color: #3366ff;\"><a style=\"color: #3366ff;\" href=\"http:\/\/www.ncbi.nlm.nih.gov\/pubmed\/20427658\"><strong>Genetic variation in FGF20 modulates hippocampal biology.<\/strong><\/a> <\/span><\/p>\n<p>J Neurosci. 2010 Apr 28;30(17):5992-7.<\/p>\n<p style=\"text-align: justify;\"><strong>Lemaitre H<\/strong>, Mattay VS, Sambataro F, Verchinski B, Straub RE, Callicott JH, Kittappa R, Hyde TM, Lipska BK, Kleinman JE, McKay R, Weinberger DR.<\/p>\n","protected":false},"excerpt":{"rendered":"<p>Influence of prefrontal target region on the efficacy of repetitive transcranial magnetic stimulation in patients with medication-resistant depression: a [(18)F]-fluorodeoxyglucose PET and MRI study. Int J Neuropsychopharmacol. 2010 Feb;13(1):45-59. Epub 2009 Mar 9. Paill\u00e8re-Martinot ML, Galinowski A, Ringuenet D, Gallarda T, Lefaucheur JP, Bellivier F, Picq C, Brugui\u00e8re P, Mangin JF, Rivi\u00e8re D, Willer JC, &hellip; <a href=\"https:\/\/www.inserm-u1000.universite-paris-saclay.fr\/?page_id=34\" class=\"more-link\">Continuer la lecture de <span class=\"screen-reader-text\">Ann\u00e9e 2010<\/span> <span class=\"meta-nav\">&rarr;<\/span><\/a><\/p>\n","protected":false},"author":1,"featured_media":0,"parent":24,"menu_order":12,"comment_status":"closed","ping_status":"closed","template":"","meta":[],"_links":{"self":[{"href":"https:\/\/www.inserm-u1000.universite-paris-saclay.fr\/index.php?rest_route=\/wp\/v2\/pages\/34"}],"collection":[{"href":"https:\/\/www.inserm-u1000.universite-paris-saclay.fr\/index.php?rest_route=\/wp\/v2\/pages"}],"about":[{"href":"https:\/\/www.inserm-u1000.universite-paris-saclay.fr\/index.php?rest_route=\/wp\/v2\/types\/page"}],"author":[{"embeddable":true,"href":"https:\/\/www.inserm-u1000.universite-paris-saclay.fr\/index.php?rest_route=\/wp\/v2\/users\/1"}],"replies":[{"embeddable":true,"href":"https:\/\/www.inserm-u1000.universite-paris-saclay.fr\/index.php?rest_route=%2Fwp%2Fv2%2Fcomments&post=34"}],"version-history":[{"count":2,"href":"https:\/\/www.inserm-u1000.universite-paris-saclay.fr\/index.php?rest_route=\/wp\/v2\/pages\/34\/revisions"}],"predecessor-version":[{"id":2009,"href":"https:\/\/www.inserm-u1000.universite-paris-saclay.fr\/index.php?rest_route=\/wp\/v2\/pages\/34\/revisions\/2009"}],"up":[{"embeddable":true,"href":"https:\/\/www.inserm-u1000.universite-paris-saclay.fr\/index.php?rest_route=\/wp\/v2\/pages\/24"}],"wp:attachment":[{"href":"https:\/\/www.inserm-u1000.universite-paris-saclay.fr\/index.php?rest_route=%2Fwp%2Fv2%2Fmedia&parent=34"}],"curies":[{"name":"wp","href":"https:\/\/api.w.org\/{rel}","templated":true}]}}