{"id":250,"date":"2015-09-29T13:34:39","date_gmt":"2015-09-29T12:34:39","guid":{"rendered":"http:\/\/www.inserm-u1000.u-psud.fr\/?page_id=250"},"modified":"2022-08-03T14:58:54","modified_gmt":"2022-08-03T13:58:54","slug":"adolescents-a-risque","status":"publish","type":"page","link":"https:\/\/www.inserm-u1000.universite-paris-saclay.fr\/?page_id=250","title":{"rendered":"Adolescents vuln\u00e9rables et D\u00e9veloppement affectif"},"content":{"rendered":"\n<p style=\"text-align: justify;\">Nos analyses soulignent la vuln\u00e9rabilit\u00e9 des syst\u00e8mes neuro-affectifs d\u00e8s le d\u00e9but de l\u2019adolescence, et tout indique que le d\u00e9veloppement du cerveau peut s\u2019organiser autour de particularit\u00e9s pr\u00e9coces qui favoriseront le risque de d\u00e9pression r\u00e9cidivante.\u00a0\u00a0\u00a0\u00a0\u00a0\u00a0\u00a0\u00a0\u00a0\u00a0\u00a0\u00a0\u00a0\u00a0\u00a0\u00a0\u00a0\u00a0\u00a0\u00a0\u00a0\u00a0\u00a0\u00a0\u00a0\u00a0\u00a0\u00a0\u00a0\u00a0\u00a0\u00a0\u00a0\u00a0\u00a0\u00a0\u00a0\u00a0\u00a0\u00a0\u00a0\u00a0\u00a0\u00a0\u00a0\u00a0\u00a0\u00a0\u00a0\u00a0\u00a0\u00a0\u00a0\u00a0\u00a0\u00a0\u00a0\u00a0<\/p>\n<p style=\"text-align: justify;\">Ces recherches sont r\u00e9alis\u00e9es dans le cadre de la premi\u00e8re cohorte multidisciplinaire mondiale d\u2019adolescents europ\u00e9ens suivis de 14 \u00e0 23 ans (2000 adolescents, 3 vagues d\u2019\u00e9valuations) <span style=\"background-color: #ffffff; color: #3366ff;\">\u00a0<a style=\"background-color: #ffffff; color: #3366ff;\" href=\"https:\/\/imagen-project.org\/\">https:\/\/imagen-project.org\/<\/a><\/span><\/p>\n<p>Une attention particuli\u00e8re est port\u00e9e \u00e0 l\u2019\u00e9tude des interactions avec les \u00e9v\u00e8nements de vie au cours des p\u00e9riodes de transition, et \u00e0 leurs contributions \u00e0 la vuln\u00e9rabilit\u00e9 individuelle.<\/p>\n<p style=\"text-align: justify;\">L\u2019imagerie multimodale du d\u00e9veloppement du cerveau chez des adolescents et de jeunes adultes explore l\u2019hypoth\u00e8se que les p\u00e9riodes-cl\u00e9s de la maturation c\u00e9r\u00e9brale correspondent \u00e0 des phases de transition et de vuln\u00e9rabilit\u00e9 au risque de psychopathologie :<span style=\"color: #3366ff;\"><a style=\"color: #3366ff;\" href=\"https:\/\/www.neuron-eranet.eu\/_media\/ADORe_summary.pdf\"> https:\/\/www.neuron-eranet.eu\/_media\/ADORe_summary.pdf<\/a><\/span><\/p>\n<p style=\"text-align: justify;\">Des <strong>pr\u00e9curseurs<\/strong> <strong>des \u00e9tats d\u00e9pressifs<\/strong> ont \u00e9t\u00e9 d\u00e9tect\u00e9s par les collaborateurs de l\u2019ERL INSERM chez des adolescents suivis entre 14 et 16 ans\u00a0: les difficult\u00e9s de <em>r\u00e9gulation \u00e9motionnelle<\/em> \u00e0 l\u2019adolescence, font souvent craindre le d\u00e9but d\u2019un trouble de l\u2019humeur.<\/p>\n<ol>\n<li><strong> Pr\u00e9curseurs fonctionnels <\/strong>:<\/li>\n<\/ol>\n<p>&#8211; Chez les adolescents \u00ab\u00a0sains\u00a0\u00bb \u00e0 14 ans, une activation diminu\u00e9e du striatum ventral pr\u00e9c\u00e9dait un \u00e9tat sub-d\u00e9pressif ou une <em>d\u00e9pression majeure<\/em> \u00e0 l&rsquo;\u00e2ge de 16 ans (\u00a9 American Journal of Psychiatry 2015)\u00a0:<\/p>\n<p style=\"text-align: center;\"><a href=\"https:\/\/www.inserm-u1000.universite-paris-saclay.fr\/wp-content\/uploads\/2020\/03\/hypoactivation-stratum.jpg\"><img decoding=\"async\" loading=\"lazy\" class=\"wp-image-1120 size-full aligncenter\" src=\"https:\/\/www.inserm-u1000.universite-paris-saclay.fr\/wp-content\/uploads\/2020\/03\/hypoactivation-stratum.jpg\" alt=\"\" width=\"756\" height=\"317\" srcset=\"https:\/\/www.inserm-u1000.universite-paris-saclay.fr\/wp-content\/uploads\/2020\/03\/hypoactivation-stratum.jpg 756w, https:\/\/www.inserm-u1000.universite-paris-saclay.fr\/wp-content\/uploads\/2020\/03\/hypoactivation-stratum-300x126.jpg 300w\" sizes=\"(max-width: 756px) 100vw, 756px\" \/><\/a><\/p>\n<p style=\"text-align: justify;\">&#8211; Des <em>\u00e9v\u00e9nements de vie stressants<\/em> peuvent &#8211; modifier les r\u00e9ponses (fMRI) de r\u00e9gions activ\u00e9es par la col\u00e8re, et \u2013 m\u00e9dier un risque de diagnostic de d\u00e9pression majeure deux ans plus tard.<\/p>\n<p style=\"text-align: justify;\">Figure\u00a0: relation entre l\u2019activation r\u00e9gionale au cours de la vision de visages exprimant une \u00e9motion n\u00e9gative et la d\u00e9tresse psychologique v\u00e9cue lors d\u2019\u00e9v\u00e8nements de vie pass\u00e9s (\u00a9 Gollier-Briant et Coll., Social Cognitive and Affective Neuroscience 2016)\u00a0:<\/p>\n<p style=\"text-align: center;\"><a href=\"https:\/\/www.inserm-u1000.universite-paris-saclay.fr\/wp-content\/uploads\/2020\/03\/figure.tif\"><img decoding=\"async\" loading=\"lazy\" class=\"alignnone size-medium wp-image-1125\" src=\"https:\/\/www.inserm-u1000.universite-paris-saclay.fr\/wp-content\/uploads\/2020\/03\/figure.tif\" alt=\"\" width=\"1\" height=\"1\" \/><\/a><a href=\"https:\/\/www.inserm-u1000.universite-paris-saclay.fr\/wp-content\/uploads\/2020\/03\/figure.jpg\"><img decoding=\"async\" loading=\"lazy\" class=\"alignnone wp-image-1126 \" src=\"https:\/\/www.inserm-u1000.universite-paris-saclay.fr\/wp-content\/uploads\/2020\/03\/figure.jpg\" alt=\"\" width=\"520\" height=\"419\" srcset=\"https:\/\/www.inserm-u1000.universite-paris-saclay.fr\/wp-content\/uploads\/2020\/03\/figure.jpg 952w, https:\/\/www.inserm-u1000.universite-paris-saclay.fr\/wp-content\/uploads\/2020\/03\/figure-300x242.jpg 300w, https:\/\/www.inserm-u1000.universite-paris-saclay.fr\/wp-content\/uploads\/2020\/03\/figure-768x619.jpg 768w\" sizes=\"(max-width: 520px) 100vw, 520px\" \/><\/a><\/p>\n<p>2.<strong> Pr\u00e9curseurs structuraux :<\/strong><\/p>\n<table style=\"width: 100%; border-collapse: collapse;\">\n<tbody>\n<tr>\n<td style=\"width: 301.5px; vertical-align: top;\">\n<p><strong>Transition vers un \u00e9tat d\u00e9pressif<\/strong>. <em>Figure\u00a0: <\/em><\/p>\n<p><em><u>En haut\u00a0:<\/u><\/em> Des adolescents de 14 ans sub-d\u00e9prim\u00e9s avaient <em>d\u00e9j\u00e0<\/em> des volumes de mati\u00e8re grise diminu\u00e9s dans les cortex cingulaire ant\u00e9rieur, pr\u00e9frontal ventro-m\u00e9dian, et le striatum (\u00a9Journal of American Academy of Child and Adolescent Psychiatry 2015). <em><u>Au centre\u00a0:<\/u><\/em> Ces modifications m\u00e9diaient un risque important d\u2019aggravation vers une d\u00e9pression majeure 2 ans plus tard.<\/p>\n<p>\u00a0<\/p>\n<p><em><u>En bas <\/u><\/em>\u00a0: La microstructure de la substance blanche servant ces r\u00e9gions \u00e9tait alt\u00e9r\u00e9e chez ces adolescents. Une <strong><em>pr\u00e9diction individuelle<\/em><\/strong> de la transition vers un \u00e9tat d\u00e9pressif majeur pouvait \u00eatre effectu\u00e9e \u00e0 partir des mesures en imagerie de diffusion (DTI) selon une m\u00e9thode d\u2019apprentissage-machine supervis\u00e9e (machine learning) (d\u2019apr\u00e8s \u00a9JAACAP 2015, et \u00a9American Journal of Psychiatry 2018).<\/p>\n<\/td>\n<td style=\"width: 301.5px;\"><a href=\"https:\/\/www.inserm-u1000.universite-paris-saclay.fr\/wp-content\/uploads\/2020\/03\/smaller-gray-matter.jpg\"><img decoding=\"async\" loading=\"lazy\" class=\"alignnone wp-image-1127 size-large\" src=\"https:\/\/www.inserm-u1000.universite-paris-saclay.fr\/wp-content\/uploads\/2020\/03\/smaller-gray-matter-775x1024.jpg\" alt=\"\" width=\"604\" height=\"798\" srcset=\"https:\/\/www.inserm-u1000.universite-paris-saclay.fr\/wp-content\/uploads\/2020\/03\/smaller-gray-matter-775x1024.jpg 775w, https:\/\/www.inserm-u1000.universite-paris-saclay.fr\/wp-content\/uploads\/2020\/03\/smaller-gray-matter-227x300.jpg 227w, https:\/\/www.inserm-u1000.universite-paris-saclay.fr\/wp-content\/uploads\/2020\/03\/smaller-gray-matter-768x1014.jpg 768w, https:\/\/www.inserm-u1000.universite-paris-saclay.fr\/wp-content\/uploads\/2020\/03\/smaller-gray-matter.jpg 960w\" sizes=\"(max-width: 604px) 100vw, 604px\" \/><\/a><\/td>\n<\/tr>\n<\/tbody>\n<\/table>\n<p>\u00a0<\/p>\n<ol start=\"3\">\n<li><strong> R\u00e9gulation \u00e9motionnelle \u00e0 l\u2019adolescence, chez les filles et les gar\u00e7ons :<\/strong><\/li>\n<\/ol>\n<p style=\"text-align: justify;\">Entre 14 et 16 ans, les variations de volume des r\u00e9gions limbiques (amygdale limbique et hippocampe) m\u00e9diaient une partie des changements de personnalit\u00e9 entre les filles et les gar\u00e7ons (\u00a9Bezivin, Neuroimage 2020)\u00a0:<\/p>\n<p style=\"text-align: center;\"><a href=\"https:\/\/www.inserm-u1000.universite-paris-saclay.fr\/wp-content\/uploads\/2020\/03\/brain-volume-changes.jpg\"><img decoding=\"async\" loading=\"lazy\" class=\"alignnone wp-image-1145\" src=\"https:\/\/www.inserm-u1000.universite-paris-saclay.fr\/wp-content\/uploads\/2020\/03\/brain-volume-changes-300x196.jpg\" alt=\"\" width=\"480\" height=\"314\" srcset=\"https:\/\/www.inserm-u1000.universite-paris-saclay.fr\/wp-content\/uploads\/2020\/03\/brain-volume-changes-300x196.jpg 300w, https:\/\/www.inserm-u1000.universite-paris-saclay.fr\/wp-content\/uploads\/2020\/03\/brain-volume-changes-1024x670.jpg 1024w, https:\/\/www.inserm-u1000.universite-paris-saclay.fr\/wp-content\/uploads\/2020\/03\/brain-volume-changes-768x503.jpg 768w, https:\/\/www.inserm-u1000.universite-paris-saclay.fr\/wp-content\/uploads\/2020\/03\/brain-volume-changes.jpg 1033w\" sizes=\"(max-width: 480px) 100vw, 480px\" \/><\/a><\/p>\n<ol start=\"4\">\n<li><strong> Habitudes de sommeil \u00e0 l\u2019adolescence <\/strong>:<\/li>\n<\/ol>\n<p style=\"text-align: justify;\">A 14 ans, le d\u00e9calage des <em>habitudes de sommeil<\/em> entre les weekends et la semaine \u00e9tait corr\u00e9l\u00e9 aux diminutions de volume des r\u00e9gions pr\u00e9frontale m\u00e9diane et cingulaire ant\u00e9rieure, et \u00e0 la d\u00e9gradation des performances scolaires (Urrila et Coll., Scientific Reports 2017)\u00a0:<\/p>\n<p style=\"text-align: center;\"><a href=\"https:\/\/www.inserm-u1000.universite-paris-saclay.fr\/wp-content\/uploads\/2020\/03\/semaine-weekend.jpg\"><img decoding=\"async\" loading=\"lazy\" class=\"alignnone wp-image-1147\" src=\"https:\/\/www.inserm-u1000.universite-paris-saclay.fr\/wp-content\/uploads\/2020\/03\/semaine-weekend-300x294.jpg\" alt=\"\" width=\"480\" height=\"470\" srcset=\"https:\/\/www.inserm-u1000.universite-paris-saclay.fr\/wp-content\/uploads\/2020\/03\/semaine-weekend-300x294.jpg 300w, https:\/\/www.inserm-u1000.universite-paris-saclay.fr\/wp-content\/uploads\/2020\/03\/semaine-weekend-1024x1004.jpg 1024w, https:\/\/www.inserm-u1000.universite-paris-saclay.fr\/wp-content\/uploads\/2020\/03\/semaine-weekend-768x753.jpg 768w, https:\/\/www.inserm-u1000.universite-paris-saclay.fr\/wp-content\/uploads\/2020\/03\/semaine-weekend.jpg 1350w\" sizes=\"(max-width: 480px) 100vw, 480px\" \/><\/a><\/p>\n<table style=\"width: 100%; border-collapse: collapse;\">\n<tbody>\n<tr>\n<td style=\"width: 100%;\">\n<p style=\"text-align: justify;\"><span style=\"color: #0000ff;\"><span style=\"color: #000000;\">5.<\/span><span style=\"color: #3366ff;\"><strong> Cons\u00e9quences :<\/strong><\/span><\/span><\/p>\n<p style=\"text-align: justify;\">Ces informations soulignent la vuln\u00e9rabilit\u00e9 des syst\u00e8mes neuro-affectifs d\u00e8s le d\u00e9but de l\u2019adolescence.<\/p>\n<p style=\"text-align: justify;\"><span style=\"color: #3366ff;\"><strong>Elles contribuent \u00e0 rationaliser l\u2019\u00e2ge de protection des adolescents les plus vuln\u00e9rables (<\/strong><a style=\"color: #3366ff;\" href=\"http:\/\/www.assemblee-nationale.fr\/dyn\/15\/dossiers\/lutte_violences_sexuelles_sexistes\">http:\/\/www.assemblee-nationale.fr\/dyn\/15\/dossiers\/lutte_violences_sexuelles_sexistes<\/a><strong><a style=\"color: #3366ff;\" href=\"http:\/\/www.assemblee-nationale.fr\/dyn\/15\/dossiers\/lutte_violences_sexuelles_sexistes\">)<\/a><\/strong><\/span><\/p>\n<p style=\"text-align: justify;\"><span style=\"color: #3366ff;\"><strong>Vers de nouvelles interventions pour la pr\u00e9vention des \u00e9tats d\u00e9pressifs s\u00e9v\u00e8res<\/strong> (\u00a0<a style=\"color: #3366ff;\" href=\"https:\/\/www.neuron-eranet.eu\/_media\/ADORe_summary.pdf\">https:\/\/www.neuron-eranet.eu\/_media\/ADORe_summary.pdf <\/a>)<\/span><\/p>\n<p style=\"text-align: justify;\">L&rsquo;objectif principal du consortium international est de d\u00e9velopper des strat\u00e9gies pr\u00e9ventives innovantes pour cibler les comportements et sympt\u00f4mes qui, lorsqu&rsquo;ils sont pr\u00e9sents \u00e0 l&rsquo;adolescence, sont pr\u00e9curseurs d\u2019\u00e9tats d\u00e9pressifs s\u00e9v\u00e8res \u00e0 l&rsquo;\u00e2ge adulte.<\/p>\n<\/td>\n<\/tr>\n<\/tbody>\n<\/table>\n<p>\u00a0<\/p>\n<p>\u00a0<\/p>\n<p style=\"text-align: right;\">\u00a0<\/p>\n<p>\u00a0<\/p>\n<p style=\"text-align: center;\">\u00a0<\/p>\n","protected":false},"excerpt":{"rendered":"<p>Nos analyses soulignent la vuln\u00e9rabilit\u00e9 des syst\u00e8mes neuro-affectifs d\u00e8s le d\u00e9but de l\u2019adolescence, et tout indique que le d\u00e9veloppement du cerveau peut s\u2019organiser autour de particularit\u00e9s pr\u00e9coces qui favoriseront le risque de d\u00e9pression r\u00e9cidivante.\u00a0\u00a0\u00a0\u00a0\u00a0\u00a0\u00a0\u00a0\u00a0\u00a0\u00a0\u00a0\u00a0\u00a0\u00a0\u00a0\u00a0\u00a0\u00a0\u00a0\u00a0\u00a0\u00a0\u00a0\u00a0\u00a0\u00a0\u00a0\u00a0\u00a0\u00a0\u00a0\u00a0\u00a0\u00a0\u00a0\u00a0\u00a0\u00a0\u00a0\u00a0\u00a0\u00a0\u00a0\u00a0\u00a0\u00a0\u00a0\u00a0\u00a0\u00a0\u00a0\u00a0\u00a0\u00a0\u00a0\u00a0\u00a0 Ces recherches sont r\u00e9alis\u00e9es dans le cadre de la premi\u00e8re cohorte multidisciplinaire mondiale d\u2019adolescents europ\u00e9ens suivis de 14 \u00e0 23 ans &hellip; <a href=\"https:\/\/www.inserm-u1000.universite-paris-saclay.fr\/?page_id=250\" class=\"more-link\">Continuer la lecture de <span class=\"screen-reader-text\">Adolescents vuln\u00e9rables et D\u00e9veloppement affectif<\/span> <span class=\"meta-nav\">&rarr;<\/span><\/a><\/p>\n","protected":false},"author":1,"featured_media":0,"parent":16,"menu_order":2,"comment_status":"closed","ping_status":"closed","template":"","meta":[],"_links":{"self":[{"href":"https:\/\/www.inserm-u1000.universite-paris-saclay.fr\/index.php?rest_route=\/wp\/v2\/pages\/250"}],"collection":[{"href":"https:\/\/www.inserm-u1000.universite-paris-saclay.fr\/index.php?rest_route=\/wp\/v2\/pages"}],"about":[{"href":"https:\/\/www.inserm-u1000.universite-paris-saclay.fr\/index.php?rest_route=\/wp\/v2\/types\/page"}],"author":[{"embeddable":true,"href":"https:\/\/www.inserm-u1000.universite-paris-saclay.fr\/index.php?rest_route=\/wp\/v2\/users\/1"}],"replies":[{"embeddable":true,"href":"https:\/\/www.inserm-u1000.universite-paris-saclay.fr\/index.php?rest_route=%2Fwp%2Fv2%2Fcomments&post=250"}],"version-history":[{"count":37,"href":"https:\/\/www.inserm-u1000.universite-paris-saclay.fr\/index.php?rest_route=\/wp\/v2\/pages\/250\/revisions"}],"predecessor-version":[{"id":1839,"href":"https:\/\/www.inserm-u1000.universite-paris-saclay.fr\/index.php?rest_route=\/wp\/v2\/pages\/250\/revisions\/1839"}],"up":[{"embeddable":true,"href":"https:\/\/www.inserm-u1000.universite-paris-saclay.fr\/index.php?rest_route=\/wp\/v2\/pages\/16"}],"wp:attachment":[{"href":"https:\/\/www.inserm-u1000.universite-paris-saclay.fr\/index.php?rest_route=%2Fwp%2Fv2%2Fmedia&parent=250"}],"curies":[{"name":"wp","href":"https:\/\/api.w.org\/{rel}","templated":true}]}}