{"id":2024,"date":"2022-08-08T10:46:23","date_gmt":"2022-08-08T09:46:23","guid":{"rendered":"https:\/\/www.inserm-u1000.universite-paris-saclay.fr\/?page_id=2024"},"modified":"2022-08-08T10:50:19","modified_gmt":"2022-08-08T09:50:19","slug":"year-2007","status":"publish","type":"page","link":"https:\/\/www.inserm-u1000.universite-paris-saclay.fr\/?page_id=2024","title":{"rendered":"Year 2007"},"content":{"rendered":"\n<p><span style=\"color: #3366ff;\"><a style=\"color: #3366ff;\" href=\"http:\/\/www.ncbi.nlm.nih.gov\/pubmed\/17427742?ordinalpos=2&amp;itool=EntrezSystem2.PEntrez.Pubmed.Pubmed_ResultsPanel.Pubmed_DefaultReportPanel.Pubmed_RVDocSum\"><strong>Classification from cortical folding patterns<\/strong><\/a>. <\/span><\/p>\n<p><span style=\"color: #000000;\">IEEE Transactions on Medical Imaging 2007; 26(4), 553-65.<\/span><\/p>\n<p style=\"text-align: justify;\"><span style=\"color: #000000;\"><strong>Duchesnay E<\/strong>, <strong>Cachia A<\/strong>, Roche A, Riv\u00e8re D, Cointepas Y, Papadopoulos-Orfanos D, <strong>Zilbovicius<\/strong> <strong>M<\/strong>, <strong>Martinot JL<\/strong>, R\u00e9gis J, Mangin JF.<\/span><\/p>\n<p style=\"text-align: justify;\"><span style=\"color: #3366ff;\"><a style=\"color: #3366ff;\" href=\"http:\/\/www.ncbi.nlm.nih.gov\/pubmed\/17633723?ordinalpos=11&amp;itool=EntrezSystem2.PEntrez.Pubmed.Pubmed_ResultsPanel.Pubmed_DefaultReportPanel.Pubmed_RVDocSum\"><strong>High level group analysis of fMRI data based on dirichlet process mixture models<\/strong><\/a>. <\/span><\/p>\n<p><span style=\"color: #000000;\">Inf Process Med Imaging 2007; 20, 482-94.<\/span><\/p>\n<p><span style=\"color: #000000;\">Thirion B, Tucholka A, Keller M, Pinel P, Roche A, Mangin JF, <strong>Poline JB<\/strong>. <\/span><\/p>\n<p style=\"text-align: justify;\"><span style=\"color: #3366ff;\"><a style=\"color: #3366ff;\" href=\"http:\/\/www.ncbi.nlm.nih.gov\/pubmed\/17471288?ordinalpos=9&amp;itool=EntrezSystem2.PEntrez.Pubmed.Pubmed_ResultsPanel.Pubmed_DefaultReportPanel.Pubmed_RVDocSum\"><strong>Increased white matter connectivity in euthymic bipolar patients: Diffusion tensor tractography between the subgenual cingulate and the amygdalo-hippocampal complex<\/strong><\/a>.<\/span><\/p>\n<p><span style=\"color: #000000;\"> Molecular Psychiatry 2007; 12(11), 1001-10.<\/span><\/p>\n<p style=\"text-align: justify;\"><span style=\"color: #000000;\"><strong>Houenou J<\/strong>, <strong>Wessa M<\/strong>, Douaud G, Leboyer M, <strong>Chanraud S<\/strong>, Perrin M, Poupon C, <strong>Martinot JL<\/strong>, <strong>Paill\u00e8re-Martinot ML<\/strong>. <\/span><\/p>\n<p style=\"text-align: justify;\"><span style=\"color: #3366ff;\"><a style=\"color: #3366ff;\" href=\"http:\/\/www.ncbi.nlm.nih.gov\/pubmed\/17047671?ordinalpos=1&amp;itool=EntrezSystem2.PEntrez.Pubmed.Pubmed_ResultsPanel.Pubmed_DefaultReportPanel.Pubmed_RVDocSum\"><strong>Brain morphometry and cognitive performance in detoxified alcohol-dependent subjects with preserved social functioning.<\/strong><\/a> <\/span><\/p>\n<p><span style=\"color: #000000;\">Neuropsychopharmacology. 2007; 32(2), 429-38.<\/span><\/p>\n<p style=\"text-align: justify;\"><span style=\"color: #000000;\"><strong>Chanraud S<\/strong>, <strong>Martelli C<\/strong>, <strong>Reynaud M<\/strong>, Delain F, Kostogianni N, Douaud G, Aubin HJ, <strong>Martinot JL<\/strong>.<\/span><\/p>\n<p style=\"text-align: justify;\"><span style=\"color: #3366ff;\"><a style=\"color: #3366ff;\" href=\"http:\/\/www.ncbi.nlm.nih.gov\/pubmed\/17379741?ordinalpos=7&amp;itool=EntrezSystem2.PEntrez.Pubmed.Pubmed_ResultsPanel.Pubmed_DefaultReportPanel.Pubmed_RVDocSum\"><strong>Effect Of Deferiprone On Ataxia And Cerebellar Iron Accumulation In Friedreich&rsquo;s A<span style=\"color: #3366ff;\">taxia : A Pilot Study.<\/span><\/strong><\/a> <\/span><\/p>\n<p><span style=\"color: #000000;\">Blood 2007; 110(1), 401-8.<\/span><\/p>\n<p style=\"text-align: justify;\"><span style=\"color: #000000;\"><strong>Boddaert N<\/strong>, Le Quan Sang K, R\u00f6tig A, Leroy-Willig A, Gallet S, <strong>Brunelle F<\/strong>, Sidi D, Thalabard JC, Cabantchik IZ, Munnich A. <\/span><\/p>\n<p><span style=\"color: #3366ff;\"><a style=\"color: #3366ff;\" href=\"http:\/\/www.ncbi.nlm.nih.gov\/pubmed\/17490990?ordinalpos=1&amp;itool=EntrezSystem2.PEntrez.Pubmed.Pubmed_ResultsPanel.Pubmed_DefaultReportPanel.Pubmed_RVDocSum\"><strong>Priming magnetic stimulations over Wernicke&rsquo;s area modulates word detection.<\/strong><\/a> <\/span><\/p>\n<p><span style=\"color: #000000;\">Cerebral Cortex 2008; 18(1), 210-6.<\/span><\/p>\n<p style=\"text-align: justify;\"><span style=\"color: #000000;\"><strong>Andoh J<\/strong>, <strong>Artiges E<\/strong>, Pallier C, Rivi\u00e8re D, Mangin JF, <strong>Paill\u00e8re-Martinot ML<\/strong>, <strong>Martinot JL<\/strong>. <\/span><\/p>\n<p style=\"text-align: justify;\"><span style=\"color: #3366ff;\"><a style=\"color: #3366ff;\" href=\"http:\/\/www.ncbi.nlm.nih.gov\/pubmed\/17403978?ordinalpos=1&amp;itool=EntrezSystem2.PEntrez.Pubmed.Pubmed_ResultsPanel.Pubmed_DefaultReportPanel.Pubmed_RVDocSum\"><strong>Increased frontal-striatal activation during response inhibition to emotional faces in euthymic bipolar disorder.<\/strong><\/a><\/span><\/p>\n<p><span style=\"color: #000000;\"> American Journal of Psychiatry 2007; 164, 638-46.<\/span><\/p>\n<p style=\"text-align: justify;\"><span style=\"color: #000000;\"><strong>Wessa M<\/strong>, <strong>Houenou J<\/strong>,<strong> Paill\u00e8re-Martinot ML<\/strong>, <strong>Berthoz S<\/strong>, Leboyer M,<strong> Martinot JL<\/strong>. <\/span><\/p>\n<p style=\"text-align: justify;\"><span style=\"color: #3366ff;\"><a style=\"color: #3366ff;\" href=\"http:\/\/www.ncbi.nlm.nih.gov\/pubmed\/17401089?ordinalpos=1&amp;itool=EntrezSystem2.PEntrez.Pubmed.Pubmed_ResultsPanel.Pubmed_DefaultReportPanel.Pubmed_RVDocSum\"><strong>Assessment of 11C-PE2I binding to the neuronal dopamine transporter in humans with the high-spatial-resolution PET scanner HRRT.<\/strong><\/a> <\/span><\/p>\n<p><span style=\"color: #000000;\">J Nucl Med<em>.<\/em> 2007; 48, 538-46.<\/span><\/p>\n<p><span style=\"color: #000000;\"><strong>Leroy C<\/strong>, Comtat C, Trebossen R, Syrota A, <strong>Martinot JL<\/strong>, <strong>Ribeiro MJ<\/strong>. <\/span><\/p>\n<p style=\"text-align: justify;\"><span style=\"color: #3366ff;\"><a style=\"color: #3366ff;\" href=\"http:\/\/www.ncbi.nlm.nih.gov\/pubmed\/17306513?ordinalpos=1&amp;itool=EntrezSystem2.PEntrez.Pubmed.Pubmed_ResultsPanel.Pubmed_DefaultReportPanel.Pubmed_RVDocSum\"><strong>Dopaminergic function in depressed patients with affective flattening or with impulsivity: [18F]fluoro-L-dopa positron emission tomography study with voxel-based analysis.<\/strong><\/a><\/span><\/p>\n<p><span style=\"color: #000000;\"> Psychiatry Res. <em>Neuroimaging<\/em> 2007; 154, 115-24.<\/span><\/p>\n<p><span style=\"color: #000000;\"><strong>Bragulat V<\/strong>, <strong>Paillere-Martinot ML<\/strong>, <strong>Artiges E<\/strong>, Frouin V, <strong>Poline JB<\/strong>, <strong>Martinot JL<\/strong>. <\/span><\/p>\n<p style=\"text-align: justify;\"><span style=\"color: #3366ff;\"><a style=\"color: #3366ff;\" href=\"http:\/\/www.ncbi.nlm.nih.gov\/pubmed\/17927843?ordinalpos=1&amp;itool=EntrezSystem2.PEntrez.Pubmed.Pubmed_ResultsPanel.Pubmed_DefaultReportPanel.Pubmed_RVDocSum\"><strong>New treatments for cocaine dependence: a focused review.<\/strong> <\/a><\/span><\/p>\n<p><span style=\"color: #000000;\">Int J Neuropsychopharmacol<em>. <\/em>2007; 1-14.<\/span><\/p>\n<p style=\"text-align: justify;\"><span style=\"color: #000000;\"><strong>Karila L<\/strong>, Gorelick D, Weinstein A, Noble F, Benyamina A, Coscas S, Blecha L, Lowenstein W, <strong>Martinot JL<\/strong>, <strong>Reynaud M<\/strong>, L\u00e9pine JP. <\/span><\/p>\n<p style=\"text-align: justify;\"><span style=\"color: #3366ff;\"><a style=\"color: #3366ff;\" href=\"http:\/\/www.ncbi.nlm.nih.gov\/pubmed\/17261362?ordinalpos=1&amp;itool=EntrezSystem2.PEntrez.Pubmed.Pubmed_ResultsPanel.Pubmed_DefaultReportPanel.Pubmed_RVDocSum\"><strong>Sensory dysfunction is correlated to cerebellar volume reduction in early schizophrenia.<\/strong><\/a><\/span><\/p>\n<p><span style=\"color: #000000;\"> Schizophrenia Research 2007; 91(1-3), 266-9.<\/span><\/p>\n<p style=\"text-align: justify;\"><span style=\"color: #000000;\"><strong>Mouchet-Mages S<\/strong>, <strong>Cachia A<\/strong>, Canceil O, Rodrigo S, Oppenheim C, Willard D, Meder JF, <strong>Martinot<\/strong> <strong>JL<\/strong>, Krebs MO. <\/span><\/p>\n<p style=\"text-align: justify;\"><span style=\"color: #3366ff;\"><a style=\"color: #3366ff;\" href=\"http:\/\/www.ncbi.nlm.nih.gov\/pubmed\/17923769?ordinalpos=1&amp;itool=EntrezSystem2.PEntrez.Pubmed.Pubmed_ResultsPanel.Pubmed_DefaultReportPanel.Pubmed_RVDocSum\"><strong>Functional imaging of the pancreas: the role of [18F]fluoro-L-DOPA PET in the diagnosis of hyperinsulinism of infancy.<\/strong><\/a> <\/span><\/p>\n<p><span style=\"color: #000000;\">Endocr Dev<em>.<\/em> 2007; 12, 55-66.<\/span><\/p>\n<p style=\"text-align: justify;\"><span style=\"color: #000000;\"><strong>Ribeiro MJ<\/strong>, <strong>Boddaert N<\/strong>, Delzescaux T, Valayannopoulos V, Bellann\u00e9-Chantelot C, Jaubert F, Verkarre V, Nihoul-F\u00e9k\u00e9t\u00e9 C, <strong>Brunelle F<\/strong>, De Lonlay P. <\/span><\/p>\n<p style=\"text-align: justify;\"><span style=\"color: #3366ff;\"><a style=\"color: #3366ff;\" href=\"http:\/\/www.ncbi.nlm.nih.gov\/pubmed\/17661030?ordinalpos=1&amp;itool=EntrezSystem2.PEntrez.Pubmed.Pubmed_ResultsPanel.Pubmed_DefaultReportPanel.Pubmed_RVDocSum\"><strong>The added value of [(18)F]fluoro-L: -DOPA PET in the diagnosis of hyperinsulinism of infancy: a retrospective study involving 49 children. <\/strong><\/a><\/span><\/p>\n<p><span style=\"color: #000000;\">Eur J Nucl Med Mol Imaging 2007; 34(12), 2120-8.<\/span><\/p>\n<p style=\"text-align: justify;\"><span style=\"color: #000000;\"><strong>Ribeiro MJ<\/strong>, <strong>Boddaert N<\/strong>, Bellann\u00e9-Chantelot C, Bourgeois S, Valayannopoulos V, Delzescaux T, Jaubert F, Nihoul-F\u00e9k\u00e9t\u00e9 C, <strong>Brunelle F<\/strong>, De Lonlay P. <\/span><\/p>\n<p style=\"text-align: justify;\"><span style=\"color: #3366ff;\"><a style=\"color: #3366ff;\" href=\"http:\/\/www.ncbi.nlm.nih.gov\/pubmed\/17436254?ordinalpos=1&amp;itool=EntrezSystem2.PEntrez.Pubmed.Pubmed_ResultsPanel.Pubmed_DefaultReportPanel.Pubmed_RVDocSum\"><strong>Mutations in TCF4, encoding a class I basic helix-loop-helix transcription factor, are responsible for Pitt-Hopkins syndrome, a severe epileptic encephalopathy associated with autonomic dysfunction.<\/strong><\/a> <\/span><\/p>\n<p><span style=\"color: #000000;\">Am J Hum Genet. 200; 80(5), 988-93.<\/span><\/p>\n<p style=\"text-align: justify;\"><span style=\"color: #000000;\">Amiel J, Rio M, de Pontual L, Redon R, Malan V,<strong> Boddaert N<\/strong>, Plouin P, Carter NP, Lyonnet S, Munnich A, Colleaux L.<\/span><\/p>\n<p style=\"text-align: justify;\"><span style=\"color: #3366ff;\"><a style=\"color: #3366ff;\" href=\"http:\/\/www.ncbi.nlm.nih.gov\/pubmed\/17409309?ordinalpos=1&amp;itool=EntrezSystem2.PEntrez.Pubmed.Pubmed_ResultsPanel.Pubmed_DefaultReportPanel.Pubmed_RVDocSum\"><strong>High NPHP1 and NPHP6 mutation rate in patients with Joubert syndrome and nephronophthisis: potential epistatic effect of NPHP6 and AHI1 mutations in patients with NPHP1 mutations.<\/strong><\/a> <\/span><\/p>\n<p><span style=\"color: #000000;\">J Am Soc Nephrol<em>.<\/em> 2007; 18(5), 1566-75.<\/span><\/p>\n<p style=\"text-align: justify;\"><span style=\"color: #000000;\">Tory K, Lacoste T, Burglen L, Morini\u00e8re V,<strong> Boddaert N<\/strong>, Macher MA, Llanas B, Nivet H, Bensman A, Niaudet P, Antignac C, Salomon R, Saunier S. <\/span><\/p>\n<p><span style=\"color: #3366ff;\"><a style=\"color: #3366ff;\" href=\"http:\/\/www.ncbi.nlm.nih.gov\/pubmed\/17379741?ordinalpos=1&amp;itool=EntrezSystem2.PEntrez.Pubmed.Pubmed_ResultsPanel.Pubmed_DefaultReportPanel.Pubmed_RVDocSum\"><strong>Selective iron chelation in Friedreich ataxia: biologic and clinical implications.<\/strong><\/a> <\/span><\/p>\n<p><span style=\"color: #000000;\">Blood 2007; 110(1), 401-8.<\/span><\/p>\n<p style=\"text-align: justify;\"><span style=\"color: #000000;\"><strong>Boddaert N<\/strong>, Le Quan Sang KH, R\u00f6tig A, Leroy-Willig A, Gallet S, <strong>Brunelle F<\/strong>, Sidi D, Thalabard JC, Munnich A, Cabantchik ZI.<\/span><\/p>\n<p style=\"text-align: justify;\"><span style=\"color: #3366ff;\"><a style=\"color: #3366ff;\" href=\"http:\/\/www.ncbi.nlm.nih.gov\/pubmed\/17353897?ordinalpos=1&amp;itool=EntrezSystem2.PEntrez.Pubmed.Pubmed_ResultsPanel.Pubmed_DefaultReportPanel.Pubmed_RVDocSum\"><strong>Homozygous silencing of T-box transcription factor EOMES leads to microcephaly with polymicrogyria and corpus callosum agenesis.<\/strong><\/a> <\/span><\/p>\n<p><span style=\"color: #000000;\">Nat Genet<em>.<\/em> 2007; 39(4), 454-6.<\/span><\/p>\n<p style=\"text-align: justify;\"><span style=\"color: #000000;\">Baala L, Briault S, Etchevers HC, Laumonnier F, Natiq A, Amiel J,<strong> Boddaert N<\/strong>, Picard C, Sbiti A, Asermouh A, Atti\u00e9-Bitach T, Encha-Razavi F, Munnich A, Sefiani A, Lyonnet S.<\/span><\/p>\n<p><strong><span style=\"color: #3366ff;\"><a style=\"color: #3366ff;\" href=\"http:\/\/www.ncbi.nlm.nih.gov\/pubmed\/17160906?ordinalpos=1&amp;itool=EntrezSystem2.PEntrez.Pubmed.Pubmed_ResultsPanel.Pubmed_DefaultReportPanel.Pubmed_RVDocSum\">The Meckel-Gruber Syndrome Gene, MKS3, Is Mutated in Joubert Syndrome.<\/a> <\/span><\/strong><\/p>\n<p><span style=\"color: #000000;\">Am J Hum Genet<em>.<\/em> 2007; 80(1), 186-94.<\/span><\/p>\n<p style=\"text-align: justify;\"><span style=\"color: #000000;\">Baala L, Romano S, Khaddour R, Saunier S, Smith UM, Audollent S, Ozilou C, Faivre L, Laurent N, Foliguet B, Munnich A, Lyonnet S, Salomon R, Encha-Razavi F, Gubler MC, <strong>Boddaert N<\/strong>, Lonlay P, Johnson CA, Vekemans M, Antignac C, Attie-Bitach T.<\/span><\/p>\n<p><span style=\"color: #3366ff;\"><a style=\"color: #3366ff;\" href=\"http:\/\/www.ncbi.nlm.nih.gov\/pubmed\/17384337?ordinalpos=1&amp;itool=EntrezSystem2.PEntrez.Pubmed.Pubmed_ResultsPanel.Pubmed_DefaultReportPanel.Pubmed_RVDocSum\"><strong>Coexistence in the same family of both focal and diffuse forms of hyperinsulinism.<\/strong> <\/a><\/span><\/p>\n<p><span style=\"color: #000000;\">Diabetes Care 2007; 30(6), 1590-2.<\/span><\/p>\n<p style=\"text-align: justify;\"><span style=\"color: #000000;\">Valayannopoulos V, Vaxillaire M, Aigrain Y, Jaubert F, Bellann\u00e9-Chantelot C, <strong>Ribeiro MJ<\/strong>, <strong>Brunelle F<\/strong>, Froguel P, Robert JJ, Polak M, Nihoul-F\u00e9k\u00e9t\u00e9 C, de Lonlay P. <\/span><\/p>\n<p><span style=\"color: #3366ff;\"><a style=\"color: #3366ff;\" href=\"http:\/\/www.ncbi.nlm.nih.gov\/pubmed\/17910580?ordinalpos=1&amp;itool=EntrezSystem2.PEntrez.Pubmed.Pubmed_ResultsPanel.Pubmed_DefaultReportPanel.Pubmed_RVDocSum\"><strong>Pathogenesis and pharmacology of epilepsy in the lithium-pilocarpine model.<\/strong> <\/a><\/span><\/p>\n<p><span style=\"color: #000000;\">Epilepsia<em>.<\/em> 2007; 48 Suppl 5, 41-7. erratum in : <em>Epilepsia.<\/em> 2007; 48(12), 2379.<\/span><\/p>\n<p><span style=\"color: #000000;\">Andr\u00e9 V, Dub\u00e9 C, Fran\u00e7ois J, <strong>Leroy C<\/strong>, Rigoulot MA, Roch C, Namer IJ, Nehlig A.<\/span><\/p>\n\n\n","protected":false},"excerpt":{"rendered":"<p>Classification from cortical folding patterns. IEEE Transactions on Medical Imaging 2007; 26(4), 553-65. Duchesnay E, Cachia A, Roche A, Riv\u00e8re D, Cointepas Y, Papadopoulos-Orfanos D, Zilbovicius M, Martinot JL, R\u00e9gis J, Mangin JF. High level group analysis of fMRI data based on dirichlet process mixture models. Inf Process Med Imaging 2007; 20, 482-94. Thirion B, &hellip; <a href=\"https:\/\/www.inserm-u1000.universite-paris-saclay.fr\/?page_id=2024\" class=\"more-link\">Continuer la lecture de <span class=\"screen-reader-text\">Year 2007<\/span> <span class=\"meta-nav\">&rarr;<\/span><\/a><\/p>\n","protected":false},"author":1,"featured_media":0,"parent":0,"menu_order":15,"comment_status":"closed","ping_status":"closed","template":"","meta":[],"_links":{"self":[{"href":"https:\/\/www.inserm-u1000.universite-paris-saclay.fr\/index.php?rest_route=\/wp\/v2\/pages\/2024"}],"collection":[{"href":"https:\/\/www.inserm-u1000.universite-paris-saclay.fr\/index.php?rest_route=\/wp\/v2\/pages"}],"about":[{"href":"https:\/\/www.inserm-u1000.universite-paris-saclay.fr\/index.php?rest_route=\/wp\/v2\/types\/page"}],"author":[{"embeddable":true,"href":"https:\/\/www.inserm-u1000.universite-paris-saclay.fr\/index.php?rest_route=\/wp\/v2\/users\/1"}],"replies":[{"embeddable":true,"href":"https:\/\/www.inserm-u1000.universite-paris-saclay.fr\/index.php?rest_route=%2Fwp%2Fv2%2Fcomments&post=2024"}],"version-history":[{"count":2,"href":"https:\/\/www.inserm-u1000.universite-paris-saclay.fr\/index.php?rest_route=\/wp\/v2\/pages\/2024\/revisions"}],"predecessor-version":[{"id":2029,"href":"https:\/\/www.inserm-u1000.universite-paris-saclay.fr\/index.php?rest_route=\/wp\/v2\/pages\/2024\/revisions\/2029"}],"wp:attachment":[{"href":"https:\/\/www.inserm-u1000.universite-paris-saclay.fr\/index.php?rest_route=%2Fwp%2Fv2%2Fmedia&parent=2024"}],"curies":[{"name":"wp","href":"https:\/\/api.w.org\/{rel}","templated":true}]}}