{"id":2010,"date":"2022-08-08T09:54:02","date_gmt":"2022-08-08T08:54:02","guid":{"rendered":"https:\/\/www.inserm-u1000.universite-paris-saclay.fr\/?page_id=2010"},"modified":"2022-08-08T09:55:09","modified_gmt":"2022-08-08T08:55:09","slug":"year-2009","status":"publish","type":"page","link":"https:\/\/www.inserm-u1000.universite-paris-saclay.fr\/?page_id=2010","title":{"rendered":"Year 2009"},"content":{"rendered":"\n<p><span style=\"color: #3366ff;\"><a style=\"color: #3366ff;\" href=\"http:\/\/www.ncbi.nlm.nih.gov\/pubmed\/18615012?ordinalpos=5&amp;itool=EntrezSystem2.PEntrez.Pubmed.Pubmed_ResultsPanel.Pubmed_DefaultReportPanel.Pubmed_RVDocSum\"><strong>Diffusion tensor tractography in mesencephalic bundles: relation to executive dysfunction in detoxified alcohol-dependent subjects.<\/strong><\/a><\/span><span style=\"color: #000000;\"> <em><u><a href=\"http:\/\/www.unites.inserm.fr\/download.asp?download=stockfile\/u797\/Chanraud2009Neuropsychopharmacology.pdf\"><img decoding=\"async\" class=\"icone\" src=\"http:\/\/www.unites.inserm.fr\/upload\/icofile\/ico_pdf.gif\" alt=\"\"><\/a><\/u><\/em><\/span><\/p>\n<p><span style=\"color: #000000;\"><em><u><a href=\"http:\/\/www.unites.inserm.fr\/download.asp?download=stockfile\/u797\/Chanraud2009Neuropsychopharmacology.pdf\">Neuropsychopharmacology<\/a><\/u><\/em> 2009;34:1223-32.<\/span><\/p>\n<p><span style=\"color: #000000;\"><strong>Chanraud S<\/strong>, <strong>Reynaud M<\/strong>, <strong>Wessa M<\/strong>, <strong>Cachia A<\/strong>, <strong>Artiges E<\/strong>, Kostogianni N, Delain F, Perrin M, <strong>Penttil\u00e4 J<\/strong>, Aubin HJ, Cointepas Y, <strong>Martelli C<\/strong>, <strong>Martinot JL<\/strong>. <\/span><\/p>\n<p style=\"text-align: justify;\"><a href=\"http:\/\/www.ncbi.nlm.nih.gov\/pubmed\/19142115?ordinalpos=2&amp;itool=EntrezSystem2.PEntrez.Pubmed.Pubmed_ResultsPanel.Pubmed_DefaultReportPanel.Pubmed_RVDocSum\"><strong><span style=\"color: #3366ff;\">Cerebral Monoamine Oxidase A inhibition in Tobacco smokers confirmed with PET and [<sup>11<\/sup>C]Befloxatone.<\/span><\/strong><\/a> <a href=\"http:\/\/www.unites.inserm.fr\/download.asp?download=stockfile\/u797\/Leroy.pdf\"><img decoding=\"async\" class=\"icone\" src=\"http:\/\/www.unites.inserm.fr\/upload\/icofile\/ico_pdf.gif\" alt=\"\">Leroy.pdf<\/a><\/p>\n<p><span style=\"color: #000000;\">Journal of Clinical Psychopharmacol 2009;29:86-8.<\/span><\/p>\n<p><span style=\"color: #000000;\"><strong>Leroy C<\/strong><u>,<\/u> Bragulat V, Berlin I, Bottlaender M, Bourgeois S, Gr\u00e9goire MC, Roumenov D, Doll\u00e9 F, <strong>Penttil\u00e4 J<\/strong>, <strong>Artiges E<\/strong>, <strong>Martinot JL<\/strong>, <strong>Trichard C<\/strong>. <\/span><\/p>\n<p style=\"text-align: justify;\"><span style=\"color: #000000;\"><a href=\"http:\/\/www.ncbi.nlm.nih.gov\/pubmed\/19500089?ordinalpos=1&amp;itool=EntrezSystem2.PEntrez.Pubmed.Pubmed_ResultsPanel.Pubmed_DefaultReportPanel.Pubmed_RVDocSum\"><strong><span style=\"color: #3366ff;\">Cortical folding difference between patients with early-onset and patients with intermediate-onset bipolar disorder<\/span><\/strong><\/a><strong><span style=\"color: #3366ff;\">.<\/span><\/strong> <a href=\"http:\/\/www.unites.inserm.fr\/download.asp?download=stockfile\/u797\/Penttila.pdf\"><img decoding=\"async\" class=\"icone\" src=\"http:\/\/www.unites.inserm.fr\/upload\/icofile\/ico_pdf.gif\" alt=\"\">Penttila.pdf<\/a> <\/span><\/p>\n<p><span style=\"color: #000000;\"><em>Bipolar<\/em> Disord 2009;11:361-70.<\/span><\/p>\n<p style=\"text-align: justify;\"><span style=\"color: #000000;\"><strong>Penttil\u00e4 J<\/strong>, <strong>Cachia A<\/strong>, <strong>Martinot JL<\/strong>, <strong>Ringuenet D<\/strong>, <strong>Wessa M<\/strong>, <strong>Houenou J<\/strong>, <strong>Galinowski A<\/strong>, Bellivier F, Gallarda T, <strong>Duchesnay E<\/strong>, <strong>Artiges E<\/strong>, Leboyer M, Oli\u00e9 JP, Mangin JF, <strong>Paill\u00e8re-Martinot ML. <\/strong><\/span><\/p>\n<p style=\"text-align: justify;\"><span style=\"color: #000000;\"><span style=\"color: #3366ff;\"><a style=\"color: #3366ff;\" href=\"http:\/\/www.ncbi.nlm.nih.gov\/pubmed\/19204795?ordinalpos=1&amp;itool=EntrezSystem2.PEntrez.Pubmed.Pubmed_ResultsPanel.Pubmed_DefaultReportPanel.Pubmed_RVDocSum\"><strong>MRI findings in 77 children with non-syndromic autistic disorder<\/strong><\/a>.<\/span> <a href=\"http:\/\/www.unites.inserm.fr\/download.asp?download=stockfile\/u797\/Boddaert.pdf\"><img decoding=\"async\" class=\"icone\" src=\"http:\/\/www.unites.inserm.fr\/upload\/icofile\/ico_pdf.gif\" alt=\"\">Boddaert.pdf<\/a><\/span><\/p>\n<p><span style=\"color: #000000;\"><em>PLoS ONE<\/em> 2009;4:e4415.<\/span><\/p>\n<p style=\"text-align: justify;\"><span style=\"color: #000000;\"><strong>Boddaert N<\/strong>, <strong>Zilbovicius M<\/strong>, Phillipe A, Robel L, Bourgeois M, Barthelemy C, Seidenwurm D, <strong>Meresse I<\/strong>, Laurier L, Desguerre I, Bahi-Buisson N, <strong>Brunelle F<\/strong>, Munnich A, Samson Y, Mouren MC, <strong>Chabane N<\/strong>. <\/span><\/p>\n<p style=\"text-align: justify;\"><span style=\"color: #000000;\"><span style=\"color: #3366ff;\"><strong>Episodic memory in detoxified alcoholics: contribution of grey matter microstructure alteration.<\/strong> <\/span><a href=\"http:\/\/www.unites.inserm.fr\/download.asp?download=stockfile\/u797\/Chanraud.pdf\"><span style=\"color: #3366ff;\"><img decoding=\"async\" class=\"icone\" src=\"http:\/\/www.unites.inserm.fr\/upload\/icofile\/ico_pdf.gif\" alt=\"\"><\/span>Chanraud.pdf<\/a> <\/span><\/p>\n<p><span style=\"color: #000000;\">PLoS One. 2009 Aug 26;4(8):e6786.<\/span><\/p>\n<p><span style=\"color: #000000;\"><strong>Chanraud S<\/strong>, <strong>Leroy C<\/strong>, <strong>Martelli C<\/strong>, Kostogianni N, Delain F, Aubin HJ, <strong>Reynaud M<\/strong>,<strong> Martinot JL<\/strong>. <\/span><\/p>\n<p class=\"title\" style=\"text-align: justify;\"><span style=\"color: #3366ff;\"><strong>\u00ab\u00a0<\/strong><a style=\"color: #3366ff;\" href=\"http:\/\/www.ncbi.nlm.nih.gov\/pubmed\/19666833?itool=EntrezSystem2.PEntrez.Pubmed.Pubmed_ResultsPanel.Pubmed_RVDocSum&amp;ordinalpos=1\"><strong>Where Do Auditory Hallucinations Come From?\u00a0\u00bbA Brain Morphometry Study of Schizophrenia Patients With Inner or Outer Space Hallucinations.<\/strong><\/a><\/span><a href=\"http:\/\/www.unites.inserm.fr\/download.asp?download=stockfile\/u797\/Plaze.pdf\"><span style=\"color: #3366ff;\"><img decoding=\"async\" class=\"icone\" src=\"http:\/\/www.unites.inserm.fr\/upload\/icofile\/ico_pdf.gif\" alt=\"\"><\/span>Plaze.pdf<\/a><\/p>\n<p class=\"title\"><span style=\"color: #000000;\"><u><span class=\"jrnl\" title=\"Schizophrenia bulletin\">Schizophr Bull<\/span>.<\/u> 2009 Aug 7.<\/span><\/p>\n<p class=\"title\" style=\"text-align: justify;\"><span style=\"color: #000000;\"><strong>Plaze M<\/strong>,<strong> Paill\u00e8re-Martinot ML<\/strong>, <strong>Penttil\u00e4 J<\/strong>, Januel D, de Beaurepaire R, Bellivier F, <strong>Andoh J<\/strong>, <strong>Galinowski A<\/strong>, Gallarda T, <strong>Artiges E<\/strong>, Oli\u00e9 JP, Mangin JF,<strong> Martinot JL<\/strong>, <strong>Cachia A<\/strong><\/span>.<\/p>\n<p style=\"text-align: justify;\"><span style=\"color: #000000;\"><span style=\"color: #3366ff;\"><strong>Exposure to smoking cues during an emotion recognition task can modulate limbic fMRI activation in cigarette smokers.<\/strong><\/span> <a href=\"http:\/\/www.unites.inserm.fr\/download.asp?download=stockfile\/u797\/Artiges.pdf\"><img decoding=\"async\" class=\"icone\" src=\"http:\/\/www.unites.inserm.fr\/upload\/icofile\/ico_pdf.gif\" alt=\"\">Artiges.pdf<\/a> <\/span><\/p>\n<p><span style=\"color: #000000;\">Addict Biol. 2009 Sep;14(4):469-77.<\/span><\/p>\n<p><span style=\"color: #000000;\"><strong>Artiges E<\/strong>, <strong>Ricalens E<\/strong>, <strong>Berthoz S<\/strong>, Krebs MO, <strong>Penttil\u00e4 J<\/strong>, <strong>Trichard C<\/strong>, <strong>Martinot JL<\/strong>. <\/span><\/p>\n<p style=\"text-align: justify;\"><span style=\"color: #000000;\"><span style=\"color: #005380;\"><strong><span style=\"color: #3366ff;\">Microstructural white matter changes in euthymic bipolar patients: a whole-brain diffusion tensor imaging study. <\/span><a href=\"http:\/\/www.unites.inserm.fr\/download.asp?download=stockfile\/u797\/Wessa_BPD.pdf\"><span style=\"color: #3366ff;\"><img decoding=\"async\" class=\"icone\" src=\"http:\/\/www.unites.inserm.fr\/upload\/icofile\/ico_pdf.gif\" alt=\"\"><\/span>Wessa_BPD.pdf<\/a> <\/strong><\/span><\/span><\/p>\n<p><span style=\"color: #000000;\"><span class=\"jrnl\" title=\"Bipolar disorders\">Bipolar Disord<\/span>. 2009 Jun;11(4):361-70.<\/span><\/p>\n<p style=\"text-align: justify;\"><span style=\"color: #000000;\"><strong>Wessa M<\/strong>, <strong>Houesnou J<\/strong>, Leboyer M, <strong>Chanraud S<\/strong>, Poupon C, <strong>Martinot JL<\/strong>, <strong>Paill\u00e8re-Martinot ML<\/strong>.<\/span><\/p>\n<p style=\"text-align: justify;\"><span style=\"color: #000000;\"><span style=\"color: #005380;\"><strong><span style=\"color: #3366ff;\">Imaging of language-related brain regions in detoxified alcoholics. <\/span><a href=\"http:\/\/www.unites.inserm.fr\/download.asp?download=stockfile\/u797\/andoh.pdf\"><span style=\"color: #3366ff;\"><img decoding=\"async\" class=\"icone\" src=\"http:\/\/www.unites.inserm.fr\/upload\/icofile\/ico_pdf.gif\" alt=\"\"><\/span><\/a><u><a href=\"http:\/\/www.unites.inserm.fr\/download.asp?download=stockfile\/u797\/andoh.pdf\">andoh.pdf<\/a><\/u><\/strong><\/span><\/span><\/p>\n<p><span style=\"color: #000000;\"> <span class=\"jrnl\" title=\"Alcoholism, clinical and experimental research\">Alcohol Clin Exp Res<\/span>. 2009 Jun;33(6):977-84. Epub 2009 Mar 25.<\/span><\/p>\n<p style=\"text-align: justify;\"><span style=\"color: #000000;\"><strong>Chanraud-Guillermo S<\/strong>, <strong>Andoh J<\/strong>, <strong>Martelli C<\/strong>,<strong> Artiges E<\/strong>, Pallier C, Aubin HJ, <strong>Martinot JL<\/strong>, <strong>Reynaud M<\/strong>.<\/span><\/p>\n<p><span style=\"color: #000000;\"><span style=\"color: #005380;\"><strong><span style=\"color: #3366ff;\">Cortical folding in patients with bipolar disorder or unipolar depression. <\/span><a href=\"http:\/\/www.unites.inserm.fr\/download.asp?download=stockfile\/u797\/Penttila_j.pdf\"><img decoding=\"async\" class=\"icone\" src=\"http:\/\/www.unites.inserm.fr\/upload\/icofile\/ico_pdf.gif\" alt=\"\">Penttila_j.pdf<\/a> <\/strong><\/span><\/span><\/p>\n<p><span style=\"color: #000000;\"><span class=\"jrnl\" title=\"Journal of psychiatry &amp; neuroscience : JPN\">J Psychiatry Neurosci<\/span>. 2009 Mar;34(2):127-35.<\/span><\/p>\n<p style=\"text-align: justify;\"><span style=\"color: #000000;\"><strong>Penttil\u00e4 J<\/strong>, <strong>Paill\u00e8re-Martinot ML<\/strong>, <strong>Martinot JL<\/strong>, <strong>Ringuenet D<\/strong>, <strong>Wessa M<\/strong>, <strong>Houesnou J<\/strong>, Gallarda T, Bellivier F, <strong>Galinowski A<\/strong>, Brugui\u00e8re P, Pinabel F, Leboyer M, Oli\u00e9 JP,<strong> Duchesnay E<\/strong>, <strong>Artiges E<\/strong>, Mangin JF, <strong>Cachia A<\/strong>.<\/span><\/p>\n<p style=\"text-align: justify;\"><span style=\"color: #000000;\"><span style=\"color: #3366ff;\"><a style=\"color: #3366ff; text-decoration: underline;\" href=\"http:\/\/www.ncbi.nlm.nih.gov\/pubmed\/19267956?itool=EntrezSystem2.PEntrez.Pubmed.Pubmed_ResultsPanel.Pubmed_RVDocSum&amp;ordinalpos=8\"><strong>Influence of prefrontal target region on the efficacy of repetitive transcranial magnetic stimulation in patients with medication-resistant depression: a [18F]-fluorodeoxyglucose PET and MRI study.<\/strong><\/a><\/span><a href=\"http:\/\/www.unites.inserm.fr\/download.asp?download=stockfile\/u797\/Paillere.pdf\"><span style=\"text-decoration: underline;\"><span style=\"color: #3366ff; text-decoration: underline;\"><img decoding=\"async\" class=\"icone\" src=\"http:\/\/www.unites.inserm.fr\/upload\/icofile\/ico_pdf.gif\" alt=\"\"><\/span><\/span>Paillere.pdf<\/a> <\/span><\/p>\n<p><span style=\"color: #000000;\"><span class=\"src\"><span class=\"jrnl\" title=\"The international journal of neurops\nhopharmacology \/ official scientific journal of the Collegium Internationale Neuropsychopharmacologicum (CINP)\">Int J Neuropsychopharmacol<\/span>. 2009 Mar 9:1-15.<\/span><\/span><\/p>\n<p style=\"text-align: justify;\"><span style=\"color: #000000;\"><strong>Paill\u00e8re-Martinot ML<\/strong>, <strong>Galinowski A<\/strong>,<strong> Ringuenet D<\/strong>, Gallarda T, Lefaucheur JP, Bellivier F, Picq C, Brugui\u00e8re P, Mangin JF, Rivi\u00e8re D, Willer JC, Falissard B, Leboyer M, Oli\u00e9 JP,<strong> Artiges E<\/strong>, <strong>Martinot<\/strong> <strong>JL<\/strong>.<\/span><\/p>\n<p><span style=\"color: #000000;\"><span style=\"color: #3366ff;\"><a style=\"color: #3366ff;\" href=\"http:\/\/www.ncbi.nlm.nih.gov\/pubmed\/19481164?itool=EntrezSystem2.PEntrez.Pubmed.Pubmed_ResultsPanel.Pubmed_RVDocSum&amp;ordinalpos=2\"><strong>Processing of voices in deafness rehabilitation by auditory brainstem implant.<\/strong><\/a><\/span> <a href=\"http:\/\/www.unites.inserm.fr\/download.asp?download=stockfile\/u797\/coez.pdf\"><img decoding=\"async\" class=\"icone\" src=\"http:\/\/www.unites.inserm.fr\/upload\/icofile\/ico_pdf.gif\" alt=\"\">coez.pdf<\/a><\/span><\/p>\n<p><span style=\"color: #000000;\"><span class=\"src\"><span class=\"jrnl\" title=\"NeuroImage\"> Neuroimage<\/span>. 2009 Oct 1;47(4):1792-6.<\/span><\/span><\/p>\n<p><span style=\"color: #000000;\"><strong>Coez A<\/strong>, <strong>Zilbovicius M<\/strong>, Ferrary E, Bouccara D, Mosnier I, Ambert-Dahan E, Kalamarides M, Bizaguet E, Syrota A, Samson Y, Sterkers O.<\/span><\/p>\n<p style=\"text-align: justify;\"><span style=\"color: #000000;\"><span style=\"color: #3366ff;\"> <a style=\"color: #3366ff;\" href=\"http:\/\/www.ncbi.nlm.nih.gov\/pubmed\/18992375?itool=EntrezSystem2.PEntrez.Pubmed.Pubmed_ResultsPanel.Pubmed_RVDocSum&amp;ordinalpos=4\"><strong>Impairment of cerebello-thalamo-frontal pathway in Rab-GDI mutated patients with pure mental deficiency.<\/strong><\/a> <\/span><a href=\"http:\/\/www.unites.inserm.fr\/download.asp?download=stockfile\/u797\/Curie.pdf\"><img decoding=\"async\" class=\"icone\" src=\"http:\/\/www.unites.inserm.fr\/upload\/icofile\/ico_pdf.gif\" alt=\"\">Curie.pdf<\/a> <\/span><\/p>\n<p><span style=\"color: #000000;\"><span class=\"src\"><span class=\"jrnl\" title=\"European journal of medical genetics\">Eur J Med Genet<\/span>. 2009 Jan-Feb;52(1):6-13.<\/span><\/span><\/p>\n<p><span style=\"color: #000000;\">Curie A, Sacco S, Bussy G, de Saint Martin A, <strong>Boddaert N<\/strong>, <strong>Chanraud S<\/strong>, <strong>Meresse I<\/strong>, Chelly J, <strong>Zilbovicius M<\/strong>, des Portes V.<\/span><\/p>\n\n\n","protected":false},"excerpt":{"rendered":"<p>Diffusion tensor tractography in mesencephalic bundles: relation to executive dysfunction in detoxified alcohol-dependent subjects. Neuropsychopharmacology 2009;34:1223-32. Chanraud S, Reynaud M, Wessa M, Cachia A, Artiges E, Kostogianni N, Delain F, Perrin M, Penttil\u00e4 J, Aubin HJ, Cointepas Y, Martelli C, Martinot JL. Cerebral Monoamine Oxidase A inhibition in Tobacco smokers confirmed with PET and [11C]Befloxatone. &hellip; <a href=\"https:\/\/www.inserm-u1000.universite-paris-saclay.fr\/?page_id=2010\" class=\"more-link\">Continuer la lecture de <span class=\"screen-reader-text\">Year 2009<\/span> <span class=\"meta-nav\">&rarr;<\/span><\/a><\/p>\n","protected":false},"author":1,"featured_media":0,"parent":0,"menu_order":14,"comment_status":"closed","ping_status":"closed","template":"","meta":[],"_links":{"self":[{"href":"https:\/\/www.inserm-u1000.universite-paris-saclay.fr\/index.php?rest_route=\/wp\/v2\/pages\/2010"}],"collection":[{"href":"https:\/\/www.inserm-u1000.universite-paris-saclay.fr\/index.php?rest_route=\/wp\/v2\/pages"}],"about":[{"href":"https:\/\/www.inserm-u1000.universite-paris-saclay.fr\/index.php?rest_route=\/wp\/v2\/types\/page"}],"author":[{"embeddable":true,"href":"https:\/\/www.inserm-u1000.universite-paris-saclay.fr\/index.php?rest_route=\/wp\/v2\/users\/1"}],"replies":[{"embeddable":true,"href":"https:\/\/www.inserm-u1000.universite-paris-saclay.fr\/index.php?rest_route=%2Fwp%2Fv2%2Fcomments&post=2010"}],"version-history":[{"count":3,"href":"https:\/\/www.inserm-u1000.universite-paris-saclay.fr\/index.php?rest_route=\/wp\/v2\/pages\/2010\/revisions"}],"predecessor-version":[{"id":2016,"href":"https:\/\/www.inserm-u1000.universite-paris-saclay.fr\/index.php?rest_route=\/wp\/v2\/pages\/2010\/revisions\/2016"}],"wp:attachment":[{"href":"https:\/\/www.inserm-u1000.universite-paris-saclay.fr\/index.php?rest_route=%2Fwp%2Fv2%2Fmedia&parent=2010"}],"curies":[{"name":"wp","href":"https:\/\/api.w.org\/{rel}","templated":true}]}}