{"id":1996,"date":"2022-08-05T16:50:23","date_gmt":"2022-08-05T15:50:23","guid":{"rendered":"https:\/\/www.inserm-u1000.universite-paris-saclay.fr\/?page_id=1996"},"modified":"2022-08-05T16:51:13","modified_gmt":"2022-08-05T15:51:13","slug":"year-2011","status":"publish","type":"page","link":"https:\/\/www.inserm-u1000.universite-paris-saclay.fr\/?page_id=1996","title":{"rendered":"Year 2011"},"content":{"rendered":"\n<p style=\"text-align: justify;\"><span style=\"color: #3366ff;\"><a style=\"color: #3366ff;\" href=\"http:\/\/www.ncbi.nlm.nih.gov\/pubmed\/21600290\"><strong>Feature selection and classification of imbalanced datasets Application to PET images of children with autistic spectrum disorders.<\/strong><\/a> <\/span><\/p>\n<p><span title=\"NeuroImage\">Neuroimage<\/span>. 2011 May 10. [Epub ahead of print]<\/p>\n<p style=\"text-align: justify;\"><strong>Duchesnay E,<\/strong> Cachia A, <strong>Boddaert N<\/strong>, Chabane N, Mangin JF, <strong>Martinot JL<\/strong>,<strong> Brunelle F<\/strong>, <strong>Zilbovicius M<\/strong>.<\/p>\n<div>\n<div>\n<p style=\"text-align: justify;\"><a href=\"http:\/\/www.ncbi.nlm.nih.gov\/pubmed\/21362742\"><strong><span style=\"color: #3366ff;\">Lower ventral striatal activation during reward anticipation in adolescent smokers.<\/span><\/strong><\/a><\/p>\n<p><span title=\"The American journal of psychiatry\">Am J Psychiatry<\/span>. 2011 May;168(5):540-9. Epub 2011 Mar 1.<\/p>\n<p style=\"text-align: justify;\"><span style=\"color: #000000;\">Peters J, Bromberg U, Schneider S, Brassen S, Menz M, Banaschewski T, Conrod PJ, Flor H, Gallinat J, Garavan H, Heinz A, Itterman B, Lathrop M, <strong>Martinot JL<\/strong>, Paus T, Poline JB, Robbins TW, Rietschel M, Smolka M, Str\u00f6hle A, Struve M, Loth E, Schumann G, B\u00fcchel C; IMAGEN Consortium. <span title=\"The American journal of psychiatry\">Am J Psychiatry<\/span>. 2011 May;168(5):540-9. Epub 2011 Mar 1.<\/span><\/p>\n<div>\n<p style=\"text-align: justify;\"><span style=\"color: #3366ff;\"><a style=\"color: #3366ff;\" href=\"http:\/\/www.ncbi.nlm.nih.gov\/pubmed\/20588317\"><strong>PET scan perfusion imaging in the Prader-Willi syndrome: new insights into the psychiatric and social disturbances.<\/strong><\/a> <\/span><\/p>\n<p>J Cereb Blood Flow Metab. 2011 Jan;31(1):275-82.<\/p>\n<p>Mantoulan C, Payoux P, Diene G, Glattard M, Rog\u00e9 B, Molinas C, Sevely A, <strong>Zilbovicius M,<\/strong> Celsis P, Tauber M.<\/p>\n<div>\n<p style=\"text-align: justify;\"><strong><span style=\"color: #3366ff;\">Baseline Brain Metabolism in Resistant Depression and Response to Transcranial Magnetic Stimulation.<\/span> <\/strong><a href=\"http:\/\/www.unites.inserm.fr\/download.asp?download=stockfile\/u797\/paillere_et_al_npp_2011.pdf\"><img decoding=\"async\" src=\"http:\/\/www.unites.inserm.fr\/upload\/icofile\/ico_pdf.gif\" alt=\"\"><\/a><\/p>\n<p><a href=\"http:\/\/www.unites.inserm.fr\/download.asp?download=stockfile\/u797\/paillere_et_al_npp_2011.pdf\">Neuropychopharmacology.<\/a> 2011 Aug;doi:10.1038\/npp.2011.161.<\/p>\n<p style=\"text-align: justify;\"><strong>Paill\u00e8re Martinot ML<\/strong>, <strong>Martinot JL<\/strong>, Ringuenet D, <strong>Galinowski A<\/strong>, Gallarda T, Bellivier F, Lefaucheur JP, <strong>Lemaitre H<\/strong>, <strong>Artiges E<\/strong>.<\/p>\n<p style=\"text-align: justify;\"><span style=\"color: #3366ff;\"><a style=\"color: #3366ff;\" href=\"http:\/\/www.ncbi.nlm.nih.gov\/pubmed\/21073959\"><strong>Prefrontal cortical abnormalities in currently depressed versus currently remitted patients with major depressive disorder.<\/strong><\/a> <\/span><\/p>\n<p>Neuroimage. 2011 Feb 14;54(4):2643-51.<\/p>\n<p style=\"text-align: justify;\">Salvadore G, Nugent AC, <strong>Lemaitre H<\/strong>, Luckenbaugh DA, Tinsley R, Cannon DM, Neumeister A, Zarate CA Jr, Drevets WC.<\/p>\n<p style=\"text-align: justify;\"><span style=\"color: #3366ff;\"><strong>Neuroimaging of psychiatric and pedopsychiatric disorders. <\/strong><\/span><\/p>\n<p>Med Sci (Paris). 2011 6-7;27(6-7):639-650.<\/p>\n<p><strong>Martinot JL<\/strong>, Mana S.<\/p>\n<p style=\"text-align: justify;\"><span style=\"color: #3366ff;\"><a style=\"color: #3366ff;\" href=\"http:\/\/www.ncbi.nlm.nih.gov\/pubmed\/21316467\"><strong>Boys do it the right way: sex-dependent amygdala lateralization during face processing in adolescents.<\/strong><\/a> <\/span><\/p>\n<p>Neuroimage. 2011 Jun 1;56(3):1847-53.<\/p>\n<p style=\"text-align: justify;\">Schneider S, Peters J, Bromberg U, Brassen S, Menz MM, Miedl SF, Loth E, Banaschewski T, Barbot A, Barker G, Conrod PJ, Dalley JW, Flor H, Gallinat J, Garavan H, Heinz A, Itterman B, Mallik C, Mann K, <strong>Artiges E<\/strong>, Paus T, Poline JB, Rietschel M, Reed L, Smolka MN, Spanagel R, Speiser C, Str\u00f6hle A, Struve M, Schumann G, B\u00fcchel C; IMAGEN consortium.<\/p>\n<p style=\"text-align: justify;\"><span style=\"color: #3366ff;\"><a style=\"color: #3366ff;\" href=\"http:\/\/www.ncbi.nlm.nih.gov\/pubmed\/19666833\"><strong>\u00ab\u00a0Where do auditory hallucinations come from?\u00a0\u00bb&#8211;a brain morphometry study of schizophrenia patients with inner or outer space hallucinations.<\/strong><\/a> <\/span><\/p>\n<p>Schizophr Bull. 2011 Jan;37(1):212-21.<\/p>\n<p style=\"text-align: justify;\">Plaze M, <strong>Paill\u00e8re-Martinot ML<\/strong>, Penttil\u00e4 J, Januel D, de Beaurepaire R, Bellivier F, Andoh J, <strong>Galinowski A<\/strong>, Gallarda T, <strong>Artiges E<\/strong>, Oli\u00e9 JP, Mangin JF, <strong>Martinot JL<\/strong>, Cachia A.<\/p>\n<p style=\"text-align: justify;\"><span style=\"color: #3366ff;\"><a style=\"color: #3366ff;\" href=\"http:\/\/www.ncbi.nlm.nih.gov\/pubmed\/21102431\"><strong>The IMAGEN study: reinforcement-related behaviour in normal brain function and psychopathology.<\/strong><\/a> <\/span><\/p>\n<p><span title=\"Molecular psychiatry\">Mol Psychiatry<\/span>. 2010 Dec;15(12):1128-39. Review.<\/p>\n<p style=\"text-align: justify;\">Schumann G, Loth E, Banaschewski T, Barbot A, Barker G, B\u00fcchel C, Conrod PJ, Dalley JW, Flor H, Gallinat J, Garavan H, Heinz A, Itterman B, Lathrop M, Mallik C, Mann K, <strong>Martinot JL<\/strong>, Paus T, Poline JB, Robbins TW, Rietschel M, Reed L, Smolka M, Spanagel R, Speiser C, Stephens DN, Str\u00f6hle A, Struve M; IMAGEN consortium<\/p>\n<p style=\"text-align: justify;\"><span style=\"color: #3366ff;\"><strong>Voxelwise multivariate statistics and brain-wide machine learning using the full diffusion tensor.<\/strong> <\/span><\/p>\n<p>Med ImageComput Assist Interv. 2011;14(pt2):9-16.<\/p>\n<p style=\"text-align: justify;\">Fouque AL, Fillard P, Bargiacchi A, Cachia A, <strong>Zilbovicius M<\/strong>, Thyreau B, Le Floch E, Ciuciu P, <strong>Duchesnay E<\/strong>.<\/p>\n<p style=\"text-align: justify;\"><span style=\"color: #3366ff;\"><strong>A neuro-imaging approach to evidencing bilateral cochlear implant advantages in auditory perception.<\/strong> <\/span><\/p>\n<p>Cochlear Implants Int. 2011 May; Suppl1:S124-6.<\/p>\n<p style=\"text-align: justify;\"><strong>Coez A<\/strong>, <strong>Zilbovicius M<\/strong>, Ferrary E, Bouccara D, Mosnier I, Bozorg-Grayeli A, Ambert-Dahan E, Bizaguet E, <strong>Martinot JL<\/strong>, Samson Y, Sterkers O.<\/p>\n<p style=\"text-align: justify;\"><span style=\"color: #3366ff;\"><strong>Determinants of Early Alcohol Use In Healthy Adolescents: The Differential Contribution of Neuroimaging and Psychological Factors. <\/strong><\/span><\/p>\n<p><a title=\"Neuropsychopharmacology : official publication of the American College of Neuropsychopharmacology.\" href=\"http:\/\/www.ncbi.nlm.nih.gov\/pubmed\/22113088\">Neuropsychopharmacology.<\/a> 2011 Nov 23. doi: 10.1038\/npp.2011.282.<\/p>\n<p style=\"text-align: justify;\">Nees F, Tzschoppe J, Patrick CJ, Vollst\u00e4dt-Klein S, Steiner S, Poustka L, Banaschewski T, Barker GJ, B\u00fcchel C, Conrod PJ, Garavan H, Heinz A, Gallinat J, Lathrop M, Mann K, <strong>Artiges E,<\/strong> Paus T, Poline JB, Robbins TW, Rietschel M, Smolka MN, Spanagel R, Struve M, Loth E, Schumann G, Flor H.<\/p>\n<p style=\"text-align: justify;\"><span style=\"color: #3366ff;\"><strong>Common structural correlates of trait impulsiveness and perceptual reasoning in adolescence.<\/strong> <\/span><\/p>\n<p>Hum Brain Mapp. 2011 Nov 11. doi: 10.1002\/hbm.21446.<\/p>\n<p style=\"text-align: justify;\">Schilling C, K\u00fchn S, Romanowski A, Banaschewski T, Barbot A, Barker GJ, Br\u00fchl R, B\u00fcchel C, Charlet K, Conrod PJ, Czech K, Dalley JW, Flor H, H\u00e4ke I, Ittermann B, Ivanov N, Mann K, L\u00fcdemann K, <strong>Martinot JL<\/strong>, Palafox C, Paus T, Poline JB, Reuter J, Rietschel M, Robbins TW, Smolka MN, Str\u00f6hle A, Walaszek B, Kathmann N, Schumann G, Heinz A, Garavan H, Gallinat J; the IMAGEN consortium.<\/p>\n<p style=\"text-align: justify;\"><span style=\"color: #3366ff;\"><strong>Risk Taking and the Adolescent Reward System: A Potential Common Link to Substance Abuse. <\/strong><\/span><\/p>\n<p>Am J Psychiatry. 2011 Sep .<\/p>\n<p style=\"text-align: justify;\">Schneider S, Peters J, Bromberg U, Brassen S, Miedl SF, Banaschewski T, Barker GJ, Conrod P, Flor H, Garavan H, Heinz A, Ittermann B, Lathrop M, Loth E, Mann K, <strong>Martinot JL<\/strong>, Nees F, Paus T, Rietschel M, Robbins TW, Smolka MN, Spanagel R, Str\u00f6hle A, Struve M, Schumann G, B\u00fcchel C; the IMAGEN Consortium.<\/p>\n<p><span style=\"color: #3366ff;\"><strong>Manual dexterity correlating with right lobule VI volume in right-handed 14-year-olds.<\/strong><\/span><\/p>\n<p><u> <\/u>Neuroimage. 2011 Sep.<\/p>\n<p style=\"text-align: justify;\">K\u00fchn S, Romanowski A, Schilling C, Banaschewski T, Barbot A, Barker GJ, Br\u00fchl R, B\u00fcchel C, Conrod PJ, Czech K, Dalley JW, Flor H, Garavan H, H\u00e4ke I, Ittermann B, Ivanov N, Mann K, Lathrop M, Loth E, L\u00fcdemann K, Mallik C, <strong>Martinot JL<\/strong>, Palafox C, Poline JB, Reuter J, Rietschel M, Robbins TW, Smolka MN, Nees F, Walaszek B, Schumann G, Heinz A, Gallinat J; the IMAGEN consortium.<\/p>\n<p style=\"text-align: justify;\"><span style=\"color: #3366ff;\"><strong>Common and distinct neural correlates of emotional processing in Bipolar Disorder and Major Depressive Disorder: A voxel-based meta-analysis of functional magnetic resonance imaging studies. <\/strong><\/span><\/p>\n<p>Eur Neuropsychopharmacol. 2011 Aug.<\/p>\n<p style=\"text-align: justify;\">Delvecchio G, Fossati P, Boyer P, Brambilla P, Falkai P, Gruber O, Hietala J, Lawrie SM, <strong>Martinot JL<\/strong>, McIntosh AM, Meisenzahl E, Frangou S.<\/p>\n<p style=\"text-align: justify;\"><span style=\"color: #3366ff;\"><strong>Neuroimaging Features of Neurodegeneration with Brain Iron Accumulation. <\/strong><\/span><\/p>\n<p>Am J Neuroradiol. 2011 Sep. [Epub ahead of print]<\/p>\n<p style=\"text-align: justify;\">Kruer MC, <strong>Boddaert N<\/strong>, Schneider SA, Houlden H, Bhatia KP, Gregory A, Anderson JC, Rooney WD, Hogarth P, Hayflick SJ.<\/p>\n<p style=\"text-align: justify;\"><span style=\"color: #3366ff;\"><strong>The neural basis of video gaming. <\/strong><\/span><a href=\"http:\/\/www.unites.inserm.fr\/download.asp?download=stockfile\/u797\/video%20game%20translational%20psychiatry.pdf\"><strong><img decoding=\"async\" src=\"http:\/\/www.unites.inserm.fr\/upload\/icofile\/ico_pdf.gif\" alt=\"\"><\/strong>video game translational psychiatry.pdf<\/a><\/p>\n<p>Translational Psychiatry (2011) 1, e53; doi:10.1038\/tp.2011.53; published online 15 November 2011.<\/p>\n<p style=\"text-align: justify;\">K\u00fchn S, Romanowski A, Schilling C, Lorenz R, M\u00f6rsen C, Seiferth N, Banaschewski T, Barbot A, Barker JG, B\u00fcchel C, Conrod PJ, Dalley JW, Flor H, Garavan H, Ittermann B, Mann K, <strong>Martinot JL<\/strong>, Paus T, Rietschel M,Smolka MN, Str\u00f6hle A, Walaszek B, Schumann G, Heinz A, Gallinat J and The IMAGEN Consortium.<\/p>\n<\/div>\n<\/div>\n<\/div>\n<\/div>\n\n\n","protected":false},"excerpt":{"rendered":"<p>Feature selection and classification of imbalanced datasets Application to PET images of children with autistic spectrum disorders. Neuroimage. 2011 May 10. [Epub ahead of print] Duchesnay E, Cachia A, Boddaert N, Chabane N, Mangin JF, Martinot JL, Brunelle F, Zilbovicius M. Lower ventral striatal activation during reward anticipation in adolescent smokers. Am J Psychiatry. 2011 &hellip; <a href=\"https:\/\/www.inserm-u1000.universite-paris-saclay.fr\/?page_id=1996\" class=\"more-link\">Continuer la lecture de <span class=\"screen-reader-text\">Year 2011<\/span> <span class=\"meta-nav\">&rarr;<\/span><\/a><\/p>\n","protected":false},"author":1,"featured_media":0,"parent":0,"menu_order":12,"comment_status":"closed","ping_status":"closed","template":"","meta":[],"_links":{"self":[{"href":"https:\/\/www.inserm-u1000.universite-paris-saclay.fr\/index.php?rest_route=\/wp\/v2\/pages\/1996"}],"collection":[{"href":"https:\/\/www.inserm-u1000.universite-paris-saclay.fr\/index.php?rest_route=\/wp\/v2\/pages"}],"about":[{"href":"https:\/\/www.inserm-u1000.universite-paris-saclay.fr\/index.php?rest_route=\/wp\/v2\/types\/page"}],"author":[{"embeddable":true,"href":"https:\/\/www.inserm-u1000.universite-paris-saclay.fr\/index.php?rest_route=\/wp\/v2\/users\/1"}],"replies":[{"embeddable":true,"href":"https:\/\/www.inserm-u1000.universite-paris-saclay.fr\/index.php?rest_route=%2Fwp%2Fv2%2Fcomments&post=1996"}],"version-history":[{"count":3,"href":"https:\/\/www.inserm-u1000.universite-paris-saclay.fr\/index.php?rest_route=\/wp\/v2\/pages\/1996\/revisions"}],"predecessor-version":[{"id":2001,"href":"https:\/\/www.inserm-u1000.universite-paris-saclay.fr\/index.php?rest_route=\/wp\/v2\/pages\/1996\/revisions\/2001"}],"wp:attachment":[{"href":"https:\/\/www.inserm-u1000.universite-paris-saclay.fr\/index.php?rest_route=%2Fwp%2Fv2%2Fmedia&parent=1996"}],"curies":[{"name":"wp","href":"https:\/\/api.w.org\/{rel}","templated":true}]}}