{"id":1979,"date":"2022-08-05T16:09:42","date_gmt":"2022-08-05T15:09:42","guid":{"rendered":"https:\/\/www.inserm-u1000.universite-paris-saclay.fr\/?page_id=1979"},"modified":"2022-08-05T16:10:48","modified_gmt":"2022-08-05T15:10:48","slug":"year-2013","status":"publish","type":"page","link":"https:\/\/www.inserm-u1000.universite-paris-saclay.fr\/?page_id=1979","title":{"rendered":"Year 2013"},"content":{"rendered":"\n<p style=\"text-align: justify;\"><span style=\"color: #3366ff;\"><strong>No Differences in Ventral Striatum Responsivity between Adolescents with a Positive Family History of Alcoholism and Controls<\/strong>. <\/span><\/p>\n<p><span style=\"color: #000000;\">Addiction Biology. 2013. Accepted for publication. <\/span><\/p>\n<p style=\"text-align: justify;\"><span style=\"color: #000000;\">M\u00fcller KU, Gan G, Banaschewski T, Barker GJ, Bokde AL W, B\u00fcchel C, Conrod P, Fauth-B\u00fchler M, Flor H, Gallinat J, Garavan H, Gowland P, Heinz A, Lawrence C, Loth E, Mann K, <strong>Martinot JL<\/strong>, Nees F, Paus T, Pausova Z, Rietschel M, Str\u00f6hle A, Struve M, Ittermann B, Schumann G, Smolka MN &amp; the IMAGEN Consortium.<\/span><\/p>\n<p style=\"text-align: justify;\"><span style=\"color: #3366ff;\"><strong>Neural Mechanisms of Attention-Deficit\/Hyperactivity Disorder Symptoms Are Stratified by MAOA Genotype.<\/strong><\/span><span style=\"color: #000000;\"> <a href=\"http:\/\/www.unites.inserm.fr\/download.asp?download=stockfile\/u797\/neural%20mechanisms.pdf\"><img decoding=\"async\" class=\"icone\" src=\"http:\/\/www.unites.inserm.fr\/upload\/icofile\/ico_pdf.gif\" alt=\"\">neural mechanisms.pdf<\/a> <\/span><\/p>\n<p><span style=\"color: #000000;\">Biological Psychiatry.<\/span><span style=\"color: #000000;\"> 2013, doi:pii: S0006-3223(13)00337-5. 10.1016\/j.biopsych.2013.03.027. [Epub ahead of print] <\/span><\/p>\n<p style=\"text-align: justify;\"><span style=\"color: #000000;\">Nymberg C, Jia T, Lubbe S, Ruggeri B, Desrivieres S, Barker G, B\u00fcchel C, Fauth-Buehler M, Cattrell A, Conrod P, Flor H, Gallinat J, Garavan H, Heinz A, Ittermann B, Lawrence C, Mann K, Nees F, Salatino-Oliveira A, <strong>Paill\u00e8re-Martinot ML<\/strong>, Paus T, Rietschel M, Robbins T, Smolka M, Banaschewski T, Rubia K, Loth E, Schumann G &amp; the IMAGEN Consortium.<\/span><\/p>\n<p style=\"text-align: justify;\"><span style=\"color: #3366ff;\"><strong>Do You See What I See? Sex Differences in the Discrimination of Facial Emotions During Adolescence.<\/strong> <\/span><\/p>\n<p><span style=\"color: #000000;\">Emotion. 2013. [Epub ahead of print] <\/span><\/p>\n<p style=\"text-align: justify;\"><span style=\"color: #000000;\">Lee NC, Krabbendam L, White TP, Meeter M, Banaschewski T, Barker GJ, Bokde AL, B\u00fcchel C, Conrod P, Flor H, Frouin V, Heinz A, Garavan H, Gowland P, Ittermann B, Mann K, <strong>Paill\u00e8re-Martinot ML<\/strong>, Nees F, Paus T, Pausova Z, Rietschel M, Robbins T, Fauth-B\u00fchler M, Smolka MN, Gallinat J, Schumann G, Shergill SS &amp; the IMAGEN Consortium.<\/span><\/p>\n<p style=\"text-align: justify;\"><span style=\"color: #3366ff;\"><strong>White-matter microstructure and gray-matter volumes in adolescents with subthreshold bipolar symptoms.<\/strong><\/span> <a href=\"http:\/\/www.unites.inserm.fr\/download.asp?download=stockfile\/u797\/mpmlp.pdf\"><img decoding=\"async\" class=\"icone\" src=\"http:\/\/www.unites.inserm.fr\/upload\/icofile\/ico_pdf.gif\" alt=\"\">mpmlp.pdf<\/a><\/p>\n<p><span style=\"color: #000000;\">Molecular Psychiatry. 2013, doi: 10.1038\/mp.2013.44. [Epub ahead of print] <\/span><\/p>\n<p style=\"text-align: justify;\"><span style=\"color: #000000;\"><strong>Paill\u00e8re-Martinot ML<\/strong>, <strong>Lemaitre H<\/strong>, <strong>Artiges E<\/strong>,<strong> Miranda R<\/strong>, Goodman R, Penttil\u00e4 J, Struve M, Fadai T, Kappel V, Poustka L, Conrod P, Banaschewski T, Barbot A, Barker GJ, B\u00fcchel C, Flor H, Gallinat J, Garavan H, Heinz A, Ittermann B, Lawrence C, Loth E, Mann K, Paus T, Pausova Z, Rietschel M, Robbins TW, Smolka MN, Schumann G,<\/span> <span style=\"color: #000000;\"><strong>Martinot JL<\/strong><\/span> <span style=\"color: #000000;\">&amp; the IMAGEN Consortium. <\/span><\/p>\n<p style=\"text-align: justify;\"><span style=\"color: #3366ff;\"><strong>Altered reward processing in adolescents with prenatal exposure to maternal cigarette smoking.<\/strong> <\/span><\/p>\n<p><span style=\"color: #000000;\">JAMA Psychiatry. 2013, 19:1-10. <\/span><\/p>\n<p style=\"text-align: justify;\"><span style=\"color: #000000;\">M\u00fcller KU, Mennigen E, Ripke S, Banaschewski T, Barker G,B\u00fcchel C, Conrod P, Flor H, Gallinat J, Garavan H,Heinz A, Ittermann B, Loth E, Mann K, <strong>Martinot JL<\/strong>,Pausova Z, Rietschel M, Schumann G, Struve M, Paus T, Smolka M, The IMAGEN Consortium.<\/span><\/p>\n<p style=\"text-align: justify;\"><span style=\"color: #3366ff;\"><strong>Cortical thickness of superior frontal cortex predicts impulsiveness and perceptual reasoning in adolescence.<\/strong><\/span> <a href=\"http:\/\/www.unites.inserm.fr\/download.asp?download=stockfile\/u797\/mpjlm.pdf\"><img decoding=\"async\" class=\"icone\" src=\"http:\/\/www.unites.inserm.fr\/upload\/icofile\/ico_pdf.gif\" alt=\"\">mpjlm.pdf<\/a><\/p>\n<p><span style=\"color: #000000;\">Molecular Psychiatry. 2013, 18(5):624-30. <\/span><\/p>\n<p style=\"text-align: justify;\"><span style=\"color: #000000;\">Schilling C, K\u00fchn S, Paus T, Romanowski A, Banaschewski T, Barbot A, Barker GJ, Br\u00fchl R, B\u00fcchel C, Conrod PJ, Dalley JW, Flor H, Ittermann B, Ivanov N, Mann K, <strong>Martinot JL<\/strong>, Nees F, Rietschel M, Robbins TW, Smolka MN, Str\u00f6hle A, Kathmann N, Garavan H, Heinz A, Schumann G, Gallinat J &amp; the IMAGEN Consortium<\/span> (<a href=\"http:\/\/www.imagen-europe.com\/\">www.imagen-europe.com<\/a>).<\/p>\n<p style=\"text-align: justify;\"><span style=\"color: #3366ff;\"><strong>Oxytocin receptor genotype modulates ventral striatal activity to social cues and response to stressful life events.<\/strong> <\/span><\/p>\n<p><span style=\"color: #000000;\">Biological Psychiatry. 2013. (In press) <\/span><\/p>\n<p style=\"text-align: justify;\"><span style=\"color: #000000;\">Loth E, <strong>Poline JB<\/strong>,Thyreau B, Jia T, Tao C, Lourdusamy A, Stacey D, Cattrell A, Desrivieres S, Ruggeri B, Fritsch V, Banaschewski T, Barker GJ, Bokde AL, Bruehl R, B\u00fcchel C, Carvalho F, Conrod PJ, Fauth-Buehler M, Flor H, Gallinat J,Garavan H, Heinz A, Lawrence C, Mann K, <strong>Martinot JL<\/strong>, Nees F, Paus T, Pausova Z, Poustka L, Rietschel M, Smolka MN, Struve M, Feng J, Schumann G &amp; the IMAGEN Consortium.<\/span><\/p>\n<p style=\"text-align: justify;\"><span style=\"color: #3366ff;\"><strong>Genetic Risk For Nicotine Dependence in the Cholinergic System and Activation of the Brain Reward System in Healthy Adolescents.<\/strong><\/span> <a href=\"http:\/\/www.unites.inserm.fr\/download.asp?download=stockfile\/u797\/genetic%20risk.pdf\"><img decoding=\"async\" class=\"icone\" src=\"http:\/\/www.unites.inserm.fr\/upload\/icofile\/ico_pdf.gif\" alt=\"\">genetic risk.pdf<\/a><\/p>\n<p><span style=\"color: #000000;\">Neuropsychopharmacology. 2013, doi: 10.1038\/npp.2013.131. [Epub ahead of print] <\/span><\/p>\n<p style=\"text-align: justify;\"><span style=\"color: #000000;\">Nees F, Witt SH, Lourdusamy A, Vollst\u00e4dt-Klein S, Steiner S, Poustka L, Banaschewski T, Barker GJ, B\u00fcchel C, Conrod PJ, Frank J, Gallinat J, Garavan H, Heinz A, Ittermann B, Loth E, Mann K,<strong> Artiges E<\/strong>, Paus T, Pausova Z, Smolka MN, Struve M, Schumann G, Rietschel M, Flor H &amp; the IMAGEN Consortium.<\/span><\/p>\n<p style=\"text-align: justify;\"><span style=\"color: #005380;\"><strong><span style=\"color: #3366ff;\">Schizophrenia as a network disease: disruption of emergent brain function in patients with auditory hallucinations.<\/span><\/strong><u><strong> <a href=\"http:\/\/www.unites.inserm.fr\/download.asp?download=stockfile\/u797\/schizophrenia%20plosone.pdf\">schizophrenia plos one.pdf<\/a><\/strong><\/u><\/span><\/p>\n<p><span style=\"color: #000000;\">PLoS One. 2013;8(1):e50625. <\/span><\/p>\n<p style=\"text-align: justify;\"><span style=\"color: #000000;\">Rish I, Cecchi G, Thyreau B, Thirion B, Plaze M, <strong>Paillere-Martinot ML<\/strong>, <strong>Martelli C<\/strong>, <strong>Martinot JL<\/strong>,<strong> Poline JB<\/strong>.<\/span><\/p>\n<p style=\"text-align: justify;\"><span style=\"color: #3366ff;\"><strong>FTO. obesity and the adolescent brain.<\/strong> <\/span><\/p>\n<p><span style=\"color: #000000;\">Hum Mol Genet. <a href=\"http:\/\/www.unites.inserm.fr\/download.asp?download=stockfile\/u797\/obesity.pdf\"><img decoding=\"async\" class=\"icone\" src=\"http:\/\/www.unites.inserm.fr\/upload\/icofile\/ico_pdf.gif\" alt=\"\">obesity.pdf<\/a> 2013;22(5):1050-8. <\/span><\/p>\n<p style=\"text-align: justify;\"><span style=\"color: #000000;\">Melka MG, Gillis J, Bernard M, Abrahamowicz M, Chakravarty MM, Leonard GT, Perron M, Richer L, Veillette S, Banaschewski T, Barker GJ, B\u00fcchel C, Conrod P, Flor H, Heinz A, Garavan H, Br\u00fchl R, Mann K, <strong>Artiges E<\/strong>, Lourdusamy A, Lathrop M, Loth E, Schwartz Y, Frouin V, Rietschel M, Smolka MN, Str\u00f6hle A, Gallinat J, Struve M, Lattka E, Waldenberger M, Schumann G, Pavlidis P, Gaudet D, Paus T, Pausova Z.<\/span><\/p>\n<p style=\"text-align: justify;\"><span style=\"color: #3366ff;\"><strong>Common structural correlates of trait impulsiveness and perceptual reasoning in adolescence.<\/strong> <\/span><a href=\"http:\/\/www.unites.inserm.fr\/download.asp?download=stockfile\/u797\/hbm-2012_martinot.pdf\"><span style=\"color: #3366ff;\"><img decoding=\"async\" class=\"icone\" src=\"http:\/\/www.unites.inserm.fr\/upload\/icofile\/ico_pdf.gif\" alt=\"\"><\/span>hbm-2012_martinot.pdf<\/a><\/p>\n<p><span style=\"color: #000000;\">Human Brain Mapping, 2013;(34) 374-383. <\/span><\/p>\n<p style=\"text-align: justify;\"><span style=\"color: #000000;\">Schilling C, Kuhn S, Romanowski A, Banaschewski T, Barbot A, Barker GJ, Bruhl R, Buchel C, Charlet K, Conrod PJ et al.<\/span><\/p>\n<p style=\"text-align: justify;\"><span style=\"color: #3366ff;\"><strong>From gene to brain to behavior: schizophrenia-associated variation in AMBRA1 alters impulsivity-related traits.<\/strong> <\/span><\/p>\n<p><span style=\"color: #000000;\">Eur J Neurosci. 2013; doi: 10.1111\/ejn.12201. [Epub ahead of print] <\/span><\/p>\n<p style=\"text-align: justify;\"><span style=\"color: #000000;\">Heinrich A, Nees F, Lourdusamy A, Tzschoppe J, Meier S, Vollst\u00e4dt-Klein S, Fauth-B\u00fchler M, Steiner S, Bach C, Poustka L, Banaschewski T, Barker GJ, B\u00fcchel C, Conrod PJ, Garavan H, Gallinat J, Heinz A, Ittermann B, Loth E, Mann K, <strong>Artiges E<\/strong>, et al.<\/span><\/p>\n\n\n","protected":false},"excerpt":{"rendered":"<p>No Differences in Ventral Striatum Responsivity between Adolescents with a Positive Family History of Alcoholism and Controls. Addiction Biology. 2013. Accepted for publication. M\u00fcller KU, Gan G, Banaschewski T, Barker GJ, Bokde AL W, B\u00fcchel C, Conrod P, Fauth-B\u00fchler M, Flor H, Gallinat J, Garavan H, Gowland P, Heinz A, Lawrence C, Loth E, Mann &hellip; <a href=\"https:\/\/www.inserm-u1000.universite-paris-saclay.fr\/?page_id=1979\" class=\"more-link\">Continuer la lecture de <span class=\"screen-reader-text\">Year 2013<\/span> <span class=\"meta-nav\">&rarr;<\/span><\/a><\/p>\n","protected":false},"author":1,"featured_media":0,"parent":0,"menu_order":10,"comment_status":"closed","ping_status":"closed","template":"","meta":[],"_links":{"self":[{"href":"https:\/\/www.inserm-u1000.universite-paris-saclay.fr\/index.php?rest_route=\/wp\/v2\/pages\/1979"}],"collection":[{"href":"https:\/\/www.inserm-u1000.universite-paris-saclay.fr\/index.php?rest_route=\/wp\/v2\/pages"}],"about":[{"href":"https:\/\/www.inserm-u1000.universite-paris-saclay.fr\/index.php?rest_route=\/wp\/v2\/types\/page"}],"author":[{"embeddable":true,"href":"https:\/\/www.inserm-u1000.universite-paris-saclay.fr\/index.php?rest_route=\/wp\/v2\/users\/1"}],"replies":[{"embeddable":true,"href":"https:\/\/www.inserm-u1000.universite-paris-saclay.fr\/index.php?rest_route=%2Fwp%2Fv2%2Fcomments&post=1979"}],"version-history":[{"count":3,"href":"https:\/\/www.inserm-u1000.universite-paris-saclay.fr\/index.php?rest_route=\/wp\/v2\/pages\/1979\/revisions"}],"predecessor-version":[{"id":1985,"href":"https:\/\/www.inserm-u1000.universite-paris-saclay.fr\/index.php?rest_route=\/wp\/v2\/pages\/1979\/revisions\/1985"}],"wp:attachment":[{"href":"https:\/\/www.inserm-u1000.universite-paris-saclay.fr\/index.php?rest_route=%2Fwp%2Fv2%2Fmedia&parent=1979"}],"curies":[{"name":"wp","href":"https:\/\/api.w.org\/{rel}","templated":true}]}}