{"id":1970,"date":"2022-08-05T10:20:32","date_gmt":"2022-08-05T09:20:32","guid":{"rendered":"https:\/\/www.inserm-u1000.universite-paris-saclay.fr\/?page_id=1970"},"modified":"2022-08-05T10:21:42","modified_gmt":"2022-08-05T09:21:42","slug":"year-2014","status":"publish","type":"page","link":"https:\/\/www.inserm-u1000.universite-paris-saclay.fr\/?page_id=1970","title":{"rendered":"Year 2014"},"content":{"rendered":"\n<p style=\"text-align: justify;\"><span style=\"color: #3366ff;\"><strong>Neuropsychosocial profiles of current and future adolescent alcohol misusers.<\/strong><\/span> <a href=\"http:\/\/www.unites.inserm.fr\/download.asp?download=stockfile\/u797\/nature%202014.pdf\"><img decoding=\"async\" class=\"icone\" src=\"http:\/\/www.unites.inserm.fr\/upload\/icofile\/ico_pdf.gif\" alt=\"\">nature 2014.pdf<\/a><\/p>\n<p><span style=\"color: #000000;\">Nature. 2014 512(7513):185-9. doi: 10.1038\/nature13402. Epub 2014 Jul 2.<\/span><\/p>\n<p style=\"text-align: justify;\"><span style=\"color: #000000;\">Whelan R, Watts R, Orr A. C, Althoff R, <strong>Artiges E<\/strong>, Banaschewski T, Barker J. G, Bokde L.W. A, B\u00fcche C, Carvalho M. F, Conrod J. P, Flor H, Fauth-B\u00fchler M, Frouin V, Gallinat J , Gan G, Gowland P, Heinz A, Ittermann B, Lawrence C, Mann K, <strong>Martinot JL<\/strong>, Nees F, Ortiz N, <strong>Paill\u00e8re-Martinot ML<\/strong>, Paus T, Pausova Z, Rietschel M, Robbins W. T, Smolka N. M, Str\u00f6hl A, Schumann G, Garavan H and IMAGEN Consortium.<\/span><\/p>\n<p style=\"text-align: justify;\"><span style=\"color: #005380;\"><span style=\"color: #3366ff;\"><strong>White-matter microstructure and gray-matter volumes in adolescents with subthreshold bipolar symptoms.<\/strong><\/span> <a href=\"http:\/\/www.unites.inserm.fr\/download.asp?download=stockfile\/u797\/molpsy2014.pdf\"><img decoding=\"async\" class=\"icone\" src=\"http:\/\/www.unites.inserm.fr\/upload\/icofile\/ico_pdf.gif\" alt=\"\">molpsy2014.pdf<\/a><\/span><\/p>\n<p><span style=\"color: #005380;\"><span style=\"color: #747474;\"><span style=\"color: #000000;\">Molecular Psychiatry. 2014.<\/span> <span style=\"color: #000000;\">19(4):462-70. doi: 10.1038\/mp.2013.44. <\/span><\/span><\/span><\/p>\n<p style=\"text-align: justify;\"><span style=\"color: #000000;\"><strong>Paill\u00e8re Martinot ML<\/strong>, <strong>Lemaitre H<\/strong>, <strong>Artiges E<\/strong>, <strong>Miranda R<\/strong>, Goodman R, Penttil\u00e4 J, Struve M, Fadai T, Kappel V, Poustka L, Conrod P, Banaschewski T, Barbot A, Barker GJ, B\u00fcchel C, Flor H, Gallinat J, Garavan H, Heinz A, Ittermann B, Lawrence C, Loth E, Mann K, Paus T, Pausova Z, Rietschel M, Robbins TW, Smolka MN, Schumann G,<strong> Martinot JL <\/strong>and IMAGEN Consortium.<\/span><\/p>\n<p style=\"text-align: justify;\"><span style=\"color: #005380;\"><span style=\"color: #3366ff;\"><strong>DRD2\/ANKK1 Polymorphism Modulates the Effect of Ventral Striatal Activation on Working Memory Performance.<\/strong> <\/span><a href=\"http:\/\/www.unites.inserm.fr\/download.asp?download=stockfile\/u797\/npp2014.pdf\"><span style=\"color: #3366ff;\"><img decoding=\"async\" class=\"icone\" src=\"http:\/\/www.unites.inserm.fr\/upload\/icofile\/ico_pdf.gif\" alt=\"\"><\/span>npp2014.pdf<\/a><\/span><\/p>\n<p><span style=\"color: #000000;\">Neuropsychopharmacology. 2014 39(10):2357-65. doi: 10.1038\/npp.2014.83. Epub 2014 Apr 9.&nbsp; <\/span><\/p>\n<p style=\"text-align: justify;\"><span style=\"color: #000000;\">Nymberg C, Banaschewski T, Bokde AL, B\u00fcchel C, Conrod P, Flor H, <strong>Frouin V<\/strong>, Garavan H, Gowland P, Heinz A, Ittermann B, Mann K, <strong>Martinot JL<\/strong>, Nees F, Paus T, Pausova Z, Rietschel M, Robbins TW, Smolka MN, Str\u00f6hle A, Schumann G, Klingberg T and IMAGEN Consortium.<\/span><\/p>\n<p style=\"text-align: justify;\"><span style=\"color: #000000;\"><span style=\"color: #3366ff;\"><strong>Genetic and Environmental Influences on the Visual Word Form and Fusiform Face Areas.&nbsp;<\/strong><\/span><\/span><\/p>\n<p style=\"text-align: justify;\"><span style=\"color: #000000;\"> Cereb Cortex. 2014. pii: bhu048. [Epub ahead of print] <\/span><\/p>\n<p><span style=\"color: #000000;\">Pinel P, Lalanne C, Bourgeron T, Fauchereau F, Poupon C, <strong>Artiges E<\/strong>, Le Bihan D, Dehaene-Lambertz G, Dehaene S.<\/span><\/p>\n<p style=\"text-align: justify;\"><span style=\"color: #005380;\"><strong><span style=\"color: #3366ff;\">Oppositional COMT Val158Met effects on resting state functional connectivity in adolescents and adults.<\/span> <a href=\"http:\/\/www.unites.inserm.fr\/download.asp?download=stockfile\/u797\/bsf2014.pdf\"><img decoding=\"async\" class=\"icone\" src=\"http:\/\/www.unites.inserm.fr\/upload\/icofile\/ico_pdf.gif\" alt=\"\">bsf2014.pdf<\/a> <\/strong><\/span><\/p>\n<p><span style=\"color: #000000;\">Brain Struct Funct. 2014. [Epub ahead of print] <\/span><\/p>\n<p style=\"text-align: justify;\"><span style=\"color: #000000;\">Meyer BM, Huemer J, Rabl U, Boubela RN, Kalcher K, Berger A, Banaschewski T, Barker G, Bokde A, B\u00fcchel C, Conrod P, Desrivi\u00e8res S, Flor H, <strong>Frouin V<\/strong>, Gallinat J, Garavan H, Heinz A, Ittermann B, Jia T, Lathrop M, <strong>Martinot JL<\/strong>, Nees F, Rietschel M, Smolka MN, Bartova L, Popovic A, Scharinger C, Sitte HH, Steiner H, Friedrich MH, Kasper S, Perkmann T, Praschak-Rieder N, Haslacher H, Esterbauer H, Moser E, Schumann G, Pezawas L.<\/span><\/p>\n<p style=\"text-align: justify;\"><span style=\"color: #3366ff;\"><strong>Imaging of monoamine oxidase-A in the human brain with [11C]befloxatone : quantification strategies and correlation with mRNA transcription maps. <\/strong><\/span><\/p>\n<p><span style=\"color: #000000;\">Nucl. Med. Commun. 2014 35(12):1254-61. doi: 10.1097\/MNM.0000000000000196.&nbsp; <\/span><\/p>\n<p style=\"text-align: justify;\"><span style=\"color: #000000;\">Zanotti-Fregonara P, <strong>Leroy C<\/strong>, Rizzo G, Roumenov D, <strong>Trichard C<\/strong>, <strong>Martinot JL<\/strong>, Bottlaender M.<\/span><\/p>\n<p style=\"text-align: justify;\"><span style=\"color: #005380;\"><span style=\"color: #3366ff;\"><strong>Global genetic variations predict brain response to faces.<\/strong> <\/span><a href=\"http:\/\/www.unites.inserm.fr\/download.asp?download=stockfile\/u797\/ggv.pdf\"><img decoding=\"async\" class=\"icone\" src=\"http:\/\/www.unites.inserm.fr\/upload\/icofile\/ico_pdf.gif\" alt=\"\">ggv.pdf<\/a> <\/span><\/p>\n<p><span style=\"color: #005380;\"><span style=\"color: #000000;\">PLoS Genet. 2014 10(8):e1004523. doi: 10.1371\/journal.pgen.1004523.&nbsp; <\/span><\/span><\/p>\n<p style=\"text-align: justify;\"><span style=\"color: #747474;\"><span style=\"color: #000000;\">Dickie EW, Tahmasebi A, French L, Kovacevic N, Banaschewski T, Barker GJ, Bokde A, B\u00fcchel C, Conrod P, Flor H, Garavan H, Gallinat J, Gowland P, Heinz A, Ittermann B, Lawrence C, Mann K, <strong>Martinot JL<\/strong>, Nees F, Nichols T, Lathrop M, Loth E, Pausova Z, Rietschel M, Smolka MN, Str\u00f6hle A, Toro R, Schumann G, Paus T and IMAGEN Consortium.<\/span><\/span><\/p>\n<p style=\"text-align: justify;\"><span style=\"color: #3366ff;\"><strong>Machine learning patterns for neuroimaging-genetic studies in the cloud.<\/strong><\/span> <a href=\"http:\/\/www.unites.inserm.fr\/download.asp?download=stockfile\/u797\/fni2014.pdf\"><img decoding=\"async\" class=\"icone\" src=\"http:\/\/www.unites.inserm.fr\/upload\/icofile\/ico_pdf.gif\" alt=\"\">fni2014.pdf<\/a><\/p>\n<p><span style=\"color: #000000;\">Front Neuroinform. 2014 8;8:31. <\/span><\/p>\n<p style=\"text-align: justify;\"><span style=\"color: #000000;\">Da Mota B, Tudoran R, Costan A, Varoquaux G, Brasche G, Conrod P, <strong>Lemaitre H<\/strong>, Paus T, Rietschel M, <strong>Frouin V<\/strong>, Poline JB, Antoniu G, Thirion B and IMAGEN Consortium.<\/span><\/p>\n<p style=\"text-align: justify;\"><span style=\"color: #3366ff;\"><strong>Brain voice processing with bilateral cochlear implants: a positron emission tomography study.<\/strong> <\/span><a href=\"http:\/\/www.unites.inserm.fr\/download.asp?download=stockfile\/u797\/eao2014.pdf\"><img decoding=\"async\" class=\"icone\" src=\"http:\/\/www.unites.inserm.fr\/upload\/icofile\/ico_pdf.gif\" alt=\"\">eao2014.pdf<\/a><\/p>\n<p><span style=\"color: #000000;\">Eur Arch Otorhinolaryngol. 2014 271(12):3187-93. <\/span><\/p>\n<p style=\"text-align: justify;\"><span style=\"color: #000000;\"><strong>Coez A<\/strong>, <strong>Zilbovicius M<\/strong>, Ferrary E, Bouccara D, Mosnier I, Ambert-Dahan E, Bizaguet E, <strong>Martinot JL<\/strong>, Samson Y, Sterkers O.<\/span><\/p>\n<p style=\"text-align: justify;\"><span style=\"color: #005380;\"><span style=\"color: #3366ff;\"><strong>No differences in hippocampal volume between carriers and non-carriers of the ApoE 4 and 2 alleles in young healthy adolescents.<\/strong><\/span> <a href=\"http:\/\/www.unites.inserm.fr\/download.asp?download=stockfile\/u797\/jad2014.pdf\"><img decoding=\"async\" class=\"icone\" src=\"http:\/\/www.unites.inserm.fr\/upload\/icofile\/ico_pdf.gif\" alt=\"\">jad2014.pdf<\/a> <\/span><\/p>\n<p><span style=\"color: #005380;\"><span style=\"color: #747474;\"><span style=\"color: #000000;\">J<\/span> <\/span><\/span><span style=\"color: #000000;\">Alzheimers Dis. 2014 40(1):37-43. doi: 10.3233\/JAD-131841.&nbsp; <\/span><\/p>\n<p style=\"text-align: justify;\"><span style=\"color: #000000;\">Khan W, Giampietro V, Ginestet C, Dell&rsquo;Acqua F, Bouls D, Newhouse S, Dobson R, Banaschewski T, Barker GJ, Bokde AL, B\u00fcchel C, Conrod P, Flor H, <strong>Frouin V<\/strong>, Garavan H, Gowland P, Heinz A, Ittermann B, <strong>Lema\u00eetre H<\/strong>, Nees F, Paus T, Pausova Z, Rietschel M, Smolka MN, Str\u00f6hle A, Gallinat J, Westman E, Schumann G, Lovestone S, Simmons A and IMAGEN Consortium.<\/span><\/p>\n<p style=\"text-align: justify;\"><span style=\"color: #005380;\"><span style=\"color: #3366ff;\"><strong>WWC1 genotype modulates age-related decline in episodic memory function across the adult life span.<\/strong><\/span> <a href=\"http:\/\/www.unites.inserm.fr\/download.asp?download=stockfile\/u797\/bp2014.pdf\"><img decoding=\"async\" class=\"icone\" src=\"http:\/\/www.unites.inserm.fr\/upload\/icofile\/ico_pdf.gif\" alt=\"\">bp2014.pdf<\/a> <\/span><\/p>\n<p><span style=\"color: #005380;\"><span style=\"color: #000000;\">Biol. Psychiatry. 2014 75(9):693-700. <\/span><\/span><\/p>\n<p style=\"text-align: justify;\"><span style=\"color: #000000;\">Muse J, Emery M, Sambataro F, <strong>Lemaitre H<\/strong>, Tan HY, Chen Q, Kolachana BS, Das S, Callicott JH, Weinberger DR, Mattay VS.<\/span><\/p>\n<p style=\"text-align: justify;\"><span style=\"color: #005380;\"><span style=\"color: #3366ff;\"><strong>Neural and cognitive correlates of the common and specific variance across externalizing problems in young adolescence.<\/strong> <\/span><a href=\"http:\/\/www.unites.inserm.fr\/download.asp?download=stockfile\/u797\/ajp2014.pdf\"><span style=\"color: #3366ff;\"><img decoding=\"async\" class=\"icone\" src=\"http:\/\/www.unites.inserm.fr\/upload\/icofile\/ico_pdf.gif\" alt=\"\"><\/span>ajp2014.pdf<\/a> <\/span><\/p>\n<p><span style=\"color: #000000;\">Am. J. Psychiatry. 2014 171(12):1310-9. doi: 10.1176\/appi.ajp.2014.13111499. Epub 2014 Oct 31<\/span><span style=\"color: #000000;\">. <\/span><\/p>\n<p style=\"text-align: justify;\"><span style=\"color: #000000;\">Castellanos-Ryan N, Struve M, Whelan R, Banaschewski T, Barker GJ, Bokde AL, Bromberg U, B\u00fcchel C, r H, Fauth-B\u00fchler M, <strong>Frouin V<\/strong>, Gallinat J, Gowland P, Heinz A, Lawrence C, <strong>Martinot JL<\/strong>, Nees F, Paus T, Pausova Z, Rietschel M, Robbins TW, Smolka MN, S u nn G, Garavan H, Conrod PJ and IMAGEN Consortium.<\/span><\/p>\n<p style=\"text-align: justify;\"><strong><span style=\"color: #3366ff;\">Ch<\/span><span style=\"color: #005380;\"><span style=\"color: #3366ff;\">ronic alcohol consumption and its effect on nodes of fronto rebellar and limbic circuitry : comparison of effects in France and the United States.<\/span> <a href=\"http:\/\/www.unites.inserm.fr\/download.asp?download=stockfile\/u797\/alcohol-berre_-2014-human_brain_mapping.pdf\"><img decoding=\"async\" class=\"icone\" src=\"http:\/\/www.unites.inserm.fr\/upload\/icofile\/ico_pdf.gif\" alt=\"\">alcohol-berre_-2014-human_brain_mapping.pdf<\/a> <\/span><\/strong><\/p>\n<p><span style=\"color: #000000;\">Hum. Brain Mapp. 2014 35(9):4635-53. doi: 10.1002\/hbm.22500. Epub 2014 Mar 17.&nbsp; <\/span><\/p>\n<p style=\"text-align: justify;\"><span style=\"color: #000000;\">Le Berre AP, Pitel AL, Chanraud S, Beaunieux H, Eustache F, <strong>Martinot JL,<\/strong> <strong>Reynaud M<\/strong>, <strong>Martelli C<\/strong>, Rohlfing T, Sullivan EV, Pfefferbaum A.<\/span><\/p>\n<p style=\"text-align: justify;\"><span style=\"color: #005380;\"><span style=\"color: #3366ff;\"><strong>1910s&rsquo; brains revisited. Cortical complexity in early 20th century patients with intellectual disa lity or with dementia praecox.<\/strong><\/span> <a href=\"http:\/\/www.unites.inserm.fr\/download.asp?download=stockfile\/u797\/acta-1910-brains-acps.pdf\"><img decoding=\"async\" class=\"icone\" src=\"http:\/\/www.unites.inserm.fr\/upload\/icofile\/ico_pdf.gif\" alt=\"\">acta-1910-brains-acps.pdf<\/a> <\/span><\/p>\n<p><span style=\"color: #000000;\">Acta Psychiatr. Scand. 2014 130(3):227-37. doi: 10.1111\/acps.12243. Epub 2014 Jan 9. <\/span><\/p>\n<p style=\"text-align: justify;\"><span style=\"color: #000000;\">Sandu AL,<strong> Paill\u00e8re-Martinot ML<\/strong>,<strong> Artiges E<\/strong>, <strong>Martinot JL<\/strong>.<\/span><\/p>\n<p style=\"text-align: justify;\"><span style=\"color: #005380;\"><span style=\"color: #3366ff;\"><strong>Positive association of video me playing with left frontal cortical thickness in adolescents.<\/strong> <\/span><a href=\"http:\/\/www.unites.inserm.fr\/download.asp?download=stockfile\/u797\/plosone2014.pdf\"><img decoding=\"async\" class=\"icone\" src=\"http:\/\/www.unites.inserm.fr\/upload\/icofile\/ico_pdf.gif\" alt=\"\">plosone2014.pdf<\/a><\/span><\/p>\n<p><span style=\"color: #000000;\">PLoS One. 2014 9(3):e91506.&nbsp; <\/span><\/p>\n<p style=\"text-align: justify;\"><span style=\"color: #000000;\">K\u00fchn S, Lorenz R, Banaschewski T, Barker GJ, B\u00fcchel C, Conrod PJ, Flor H, Garavan H, Ittermann B, Loth E, Mann K, Nees F, <strong>Artiges E<\/strong>, Paus T, Rietschel M, Smolka MN, Str\u00f6hle A, Walaszek B, S mann G, Heinz A, Gallinat J and IMAGEN Consortium.<\/span><\/p>\n<p style=\"text-align: justify;\"><span style=\"color: #005380;\"><span style=\"color: #3366ff;\"><strong>The ENIGMA Consortium: large-scale collaborative analyses of neuroimaging and genet data.<\/strong><\/span> <a href=\"http:\/\/www.unites.inserm.fr\/download.asp?download=stockfile\/u797\/bib2014.pdf\"><img decoding=\"async\" class=\"icone\" src=\"http:\/\/www.unites.inserm.fr\/upload\/icofile\/ico_pdf.gif\" alt=\"\">bib2014.pdf<\/a> <\/span><\/p>\n<p><span style=\"color: #000000;\">Brain Imaging Behav. 2014 8(2):153-82. doi: 1 1007\/s11682-013-9269-5. Review.&nbsp; <\/span><\/p>\n<p style=\"text-align: justify;\"><span style=\"color: #000000;\">Thompson PM, Stein JL, Medland SE, H ar DP, Vasquez AA, Renteria ME, Toro R, Jahanshad N, Schumann G, Franke B, Wright MJ, Martin NG, Agartz I, Alda M, Alhusaini S, Almasy L, Almeida J, Alpert K, Andreasen NC, Andreassen OA, Apostolova LG, Appel K, Armstrong NJ, Aribisala B, Bastin ME, Bauer M, Bearden CE, Bergmann O, Binder EB, Blangero J, Bockholt HJ, B\u00f8en E, Bois C, Boomsma DI, Booth T, Bowman IJ, Bralten J, Brouwer RM, Brunner HG, Brohawn DG, Buckner RL, Buitelaar J, Bulayeva K, Bustillo JR, Calhoun VD, Cannon DM, Cantor RM, Carless MA, Caseras X, Cavalleri GL, Chakravarty MM, Chang KD, Ching CR, Christoforou A, Cichon S, Clark VP, Conrod P, Coppola G, Crespo-Facorro B, Curran JE, Czisch M, Deary IJ, de Geus EJ, den Braber A, Delvecchio G, Depondt C, de Haan L, de Zubicaray GI, Dima D, Dimitrova R, Djurovic S, Dong H, Donohoe G, Duggirala R, Dyer TD, Ehrlich S, Ekman CJ, Elvs\u00e5shagen T, Emsell L, Erk S, Espeseth T, Fagerness J, Fears S, Fedko I, Fern\u00e1ndez G, Fisher SE, Foroud T, Fox PT, Francks C, Frangou S, Frey EM, Frodl T, <strong>Frouin V<\/strong>, Garavan H, Giddaluru S, Glahn DC, Godlewska B, Goldstein RZ, Gollub RL, Grabe HJ, Grimm O, Gruber O, Guadalupe T, Gur RE, Gur RC, G\u00f6ring HH, Hagenaars S, Hajek T, Hall GB, Hall J, Hardy J, Hartman CA, Hass J, Hatton SN, Haukvik UK, Hegenscheid K, Heinz A, Hickie IB, Ho BC, Hoehn D, Hoekstra PJ, Hollinshead M, Holmes AJ, Homuth G, Hoogman M, Hong LE, Hosten N, Hottenga JJ, Hulshoff Pol HE, Hwang KS, Jack CR Jr, Jenkinson M, Johnston C, J\u00f6nsson EG, Kahn RS, Kasperaviciute D, Kelly S, Kim S, Kochunov P, Koenders L, Kr\u00e4mer B, Kwok JB, Lagopoulos J, Laje G, Landen M, Landman BA, Lauriello J, Lawrie SM, Lee PH, Le Hellard S,<strong> Lema\u00eetre H<\/strong>, Leonardo CD, Li CS, Liberg B, Liewald DC, Liu X, Lopez LM, Loth E, Lourdusamy A, Luciano M, Macciardi F, Machielsen MW, Macqueen GM, Malt UF, Mandl R, Manoach DS, <strong>Martinot JL<\/strong>, Matarin M, Mather KA, Mattheisen M, Mattingsdal M, Meyer-Lindenberg A, McDonald C, McIntosh AM, McMahon FJ, McMahon KL, Meisenzahl E, Melle I, Milaneschi Y, Mohnke S, Montgomery GW, Morris DW, Moses EK, Mueller BA, Mu\u00f1oz Maniega S, M\u00fchleisen TW, M\u00fcller-Myhsok B, Mwangi B, Nauck M, Nho K, Nichols TE, Nilsson LG, Nugent AC, Nyberg L, Olvera RL, Oosterlaan J, Ophoff RA, Pandolfo M, Papalampropoulou-Tsiridou M, Papmeyer M, Paus T, Pausova Z, Pearlson GD, Penninx BW, Peterson CP, Pfennig A, Phillips M, Pike GB, Poline JB, Potkin SG, P\u00fctz B, Ramasamy A, Rasmussen J, Rietschel M, Rijpkema M, Risacher SL, Roffman JL, Roiz-Santia\u00f1ez R, Romanczuk-Seiferth N, Rose EJ, Royle NA, Rujescu D, Ryten M, Sachdev PS, Salami A, Satterthwaite TD, Savitz J, Saykin AJ, Scanlon C, Schmaal L, Schnack HG, Schork AJ, Schulz SC, Sch\u00fcr R, Seidman L, Shen L, Shoemaker JM, Simmons A, Sisodiya SM, Smith C, Smoller JW, Soares JC, Sponheim SR, Sprooten E, Starr JM, Steen VM, Strakowski S, Strike L, Sussmann J, S\u00e4mann PG, Teumer A, Toga AW, Tordesillas-Gutierrez D, Trabzuni D, Trost S, Turner J, Van den Heuvel M, van der Wee NJ, van Eijk K, van Erp TG, van Haren NE, van &lsquo;t Ent D, van Tol MJ, Vald\u00e9s Hern\u00e1ndez MC, Veltman DJ, Versace A, V\u00f6lzke H, Walker R, Walter H, Wang L, Wardlaw JM, Weale ME, Weiner MW, Wen W, Westlye LT, Whalley HC, Whelan CD, White T, Winkler AM, Wittfeld K, Woldehawariat G, Wolf C, Zilles D, Zwiers MP, Thalamuthu A, Schofield PR, Freimer NB, Lawrence NS, Drevets W; Alzheimer&rsquo;s Disease Neuroimaging Initiative, EPIGEN Consortium, IMAGEN Consortium, Saguenay Youth Study (SYS) Group.<\/span><\/p>\n<p style=\"text-align: justify;\"><span style=\"color: #005380;\"><span style=\"color: #3366ff;\"><strong>Randomized parcellation based inference.<\/strong> <\/span><a href=\"http:\/\/www.unites.inserm.fr\/download.asp?download=stockfile\/u797\/ni2014.pdf\"><span style=\"color: #3366ff;\"><img decoding=\"async\" class=\"icone\" src=\"http:\/\/www.unites.inserm.fr\/upload\/icofile\/ico_pdf.gif\" alt=\"\"><\/span>ni2014.pdf<\/a> <\/span><\/p>\n<p><span style=\"color: #000000;\">Neuroimage. 2014 89:203-15. doi: 10.1016\/j.neuroimage.2013.11.012. Epub 2013 Nov 19.&nbsp; <\/span><\/p>\n<p style=\"text-align: justify;\"><span style=\"color: #000000;\">Da<\/span><span style=\"color: #000000;\"> Mota B, Fritsch V, Varoquaux G, Banaschewski T, Barker GJ, Bokde AL, Bromberg U, Conrod P, Gallinat J, Garavan H, <strong>Martinot JL<\/strong>, Nees F, Paus T, Pausova Z, Rietschel M, Smolka MN, Str\u00f6hle A, <strong>Frouin V<\/strong>, Poline JB, Thirion B and IMAGEN Consortium.<\/span><\/p>\n<p style=\"text-align: justify;\"><span style=\"color: #005380;\"><span style=\"color: #3366ff;\"><strong>Stratified medicine for mental disorders.<\/strong> <\/span><a href=\"http:\/\/www.unites.inserm.fr\/download.asp?download=stockfile\/u797\/enp2014.pdf\"><img decoding=\"async\" class=\"icone\" src=\"http:\/\/www.unites.inserm.fr\/upload\/icofile\/ico_pdf.gif\" alt=\"\">enp2014.pdf<\/a> <\/span><\/p>\n<p><span style=\"color: #000000;\">Eur. Neuropsychopharmacol. 2014 24(1):5-50. doi: 10.1016\/j.euroneuro.2013.09.010. Epub 2013 Oct 4. Review. <\/span><\/p>\n<p style=\"text-align: justify;\"><span style=\"color: #000000;\">Schumann G, Binder EB, Holte A, de Kloet ER, Oedegaard KJ, Robbins TW, Walker-Tilley TR, Bitter I, Brown VJ, Buitelaar J, Ciccocioppo R, Cools R, Escera C, Fleischhacker W, Flor H, Frith CD, Heinz A, Johnsen E, Kirschbaum C, Klingberg T, Lesch KP, Lewis S, Maier W, Mann K, <strong>Martinot JL<\/strong>, Meyer-Lindenberg A, M\u00fcller CP, M\u00fcller WE, Nutt DJ, Persico A, Perugi G, Pessiglione M, Preuss UW, Roiser JP, Rossini PM, Rybakowski JK, Sandi C, Stephan KE, Undurraga J, Vieta E, van der Wee N, Wykes T, Haro JM, Wittchen HU.<\/span><\/p>\n<p style=\"text-align: justify;\"><span style=\"color: #005380;\"><span style=\"color: #3366ff;\"><strong>Aversive learning in adolescents: modulation by amygdala-prefrontal and amygdala-hippocampal connectivity and neuroticism.<\/strong><\/span> <a href=\"http:\/\/www.unites.inserm.fr\/download.asp?download=stockfile\/u797\/npsychop2014.pdf\"><img decoding=\"async\" class=\"icone\" src=\"http:\/\/www.unites.inserm.fr\/upload\/icofile\/ico_pdf.gif\" alt=\"\">npsychop2014.pdf<\/a> <\/span><\/p>\n<p><span style=\"color: #000000;\">Neuropsychopharmacology. 2014 39(4):875-84. doi: 10.1038\/npp.2013.287. Epub 2013 Oct 15. <\/span><\/p>\n<p style=\"text-align: justify;\"><span style=\"color: #000000;\">Tzschoppe J, Nees F, Banaschewski T, Barker GJ, B\u00fcchel C, Conrod PJ, Garavan H, Heinz A, Loth E, Mann K, <strong>Martinot JL<\/strong>, Smolka MN, Gallinat J, Str\u00f6hle A, Struve M, Rietschel M, Schumann G, Flor H and IMAGEN Consortium.<\/span><\/p>\n<p style=\"text-align: justify;\"><span style=\"color: #005380;\"><span style=\"color: #3366ff;\"><strong>Oxytocin receptor genotype modulates ventral striatal activity to social cues and response to stressful life events.<\/strong><\/span> <a href=\"http:\/\/www.unites.inserm.fr\/download.asp?download=stockfile\/u797\/biolpsych2014.pdf\"><img decoding=\"async\" class=\"icone\" src=\"http:\/\/www.unites.inserm.fr\/upload\/icofile\/ico_pdf.gif\" alt=\"\">biolpsych2014.pdf<\/a> <\/span><\/p>\n<p><span style=\"color: #005380;\"><span style=\"color: #000000;\">Biol. Psychiatry. 2014 76(5):367-76. doi: 10.1016\/j.biopsych.2013.07.043. Epub 2013 Oct 8. PMID: 24120094. <\/span><\/span><\/p>\n<p style=\"text-align: justify;\"><span style=\"color: #000000;\">Loth E, Poline JB, Thyreau B, Jia T, Tao C, Lourdusamy A, Stacey D, Cattrell A, Desrivi\u00e8res S, Ruggeri B, Fritsch V, Banaschewski T, Barker GJ, Bokde AL, B\u00fcchel C, Carvalho FM, Conrod PJ, Fauth-Buehler M, Flor H, Gallinat J, Garavan H, Heinz A, Bruehl R, Lawrence C, Mann K, <strong>Martinot JL<\/strong>, Nees F, Paus T, Pausova Z, Poustka L, Rietschel M, Smolka M, Struve M, Feng J, Schumann G and IMAGEN Consortium.<\/span><\/p>\n<p style=\"text-align: justify;\"><span style=\"color: #3366ff;\"><strong>Hormonal contraceptives, menstrual cycle and brain response to faces.<\/strong> <\/span><\/p>\n<p><span style=\"color: #000000;\">Soc. Cogn. Affect. Neurosci. 2014 9(2):191-200. doi: 10.1093\/scan\/nss128. Epub 2012 Nov 21. <\/span><\/p>\n<p><span style=\"color: #000000;\">Mareckov\u00e1 K, Perrin JS, Nawaz Khan I, Lawrence C, Dickie E, McQuiggan DA, Paus T and IMAGEN Consortium.<\/span><\/p>\n\n\n","protected":false},"excerpt":{"rendered":"<p>Neuropsychosocial profiles of current and future adolescent alcohol misusers. nature 2014.pdf Nature. 2014 512(7513):185-9. doi: 10.1038\/nature13402. Epub 2014 Jul 2. Whelan R, Watts R, Orr A. C, Althoff R, Artiges E, Banaschewski T, Barker J. G, Bokde L.W. A, B\u00fcche C, Carvalho M. F, Conrod J. P, Flor H, Fauth-B\u00fchler M, Frouin V, Gallinat J &hellip; <a href=\"https:\/\/www.inserm-u1000.universite-paris-saclay.fr\/?page_id=1970\" class=\"more-link\">Continuer la lecture de <span class=\"screen-reader-text\">Year 2014<\/span> <span class=\"meta-nav\">&rarr;<\/span><\/a><\/p>\n","protected":false},"author":1,"featured_media":0,"parent":0,"menu_order":9,"comment_status":"closed","ping_status":"closed","template":"","meta":[],"_links":{"self":[{"href":"https:\/\/www.inserm-u1000.universite-paris-saclay.fr\/index.php?rest_route=\/wp\/v2\/pages\/1970"}],"collection":[{"href":"https:\/\/www.inserm-u1000.universite-paris-saclay.fr\/index.php?rest_route=\/wp\/v2\/pages"}],"about":[{"href":"https:\/\/www.inserm-u1000.universite-paris-saclay.fr\/index.php?rest_route=\/wp\/v2\/types\/page"}],"author":[{"embeddable":true,"href":"https:\/\/www.inserm-u1000.universite-paris-saclay.fr\/index.php?rest_route=\/wp\/v2\/users\/1"}],"replies":[{"embeddable":true,"href":"https:\/\/www.inserm-u1000.universite-paris-saclay.fr\/index.php?rest_route=%2Fwp%2Fv2%2Fcomments&post=1970"}],"version-history":[{"count":3,"href":"https:\/\/www.inserm-u1000.universite-paris-saclay.fr\/index.php?rest_route=\/wp\/v2\/pages\/1970\/revisions"}],"predecessor-version":[{"id":1976,"href":"https:\/\/www.inserm-u1000.universite-paris-saclay.fr\/index.php?rest_route=\/wp\/v2\/pages\/1970\/revisions\/1976"}],"wp:attachment":[{"href":"https:\/\/www.inserm-u1000.universite-paris-saclay.fr\/index.php?rest_route=%2Fwp%2Fv2%2Fmedia&parent=1970"}],"curies":[{"name":"wp","href":"https:\/\/api.w.org\/{rel}","templated":true}]}}