{"id":1958,"date":"2022-08-05T09:36:49","date_gmt":"2022-08-05T08:36:49","guid":{"rendered":"https:\/\/www.inserm-u1000.universite-paris-saclay.fr\/?page_id=1958"},"modified":"2022-08-05T09:36:51","modified_gmt":"2022-08-05T08:36:51","slug":"year-2016","status":"publish","type":"page","link":"https:\/\/www.inserm-u1000.universite-paris-saclay.fr\/?page_id=1958","title":{"rendered":"Year 2016"},"content":{"rendered":"\n<p><strong><span style=\"color: #3366ff;\">Determinants of brain metabolism changes in mesial temporal lobe epilepsy. <\/span><a href=\"http:\/\/www.inserm-u1000.u-psud.fr\/wp-content\/uploads\/2016\/03\/PET-mtle-FC.pdf\">PET-mtle-FC<\/a>\u00a0<\/strong><\/p>\n<p>Epilepsia. 2016 Jun;57(6):907-19. doi: 10.1111\/epi.13377.<\/p>\n<p style=\"text-align: justify;\">Chassoux F, <strong>Artiges E<\/strong>, Semah F, Desarnaud S, Laurent A, Landre E, Gervais P, Devaux B, Helal OB.<\/p>\n<p style=\"text-align: justify;\"><span style=\"color: #3366ff;\"><strong><span style=\"background-color: #ffffff;\">Neural correlates of three types of negative life events during angry face processing in adolescents<\/span><\/strong><span style=\"background-color: #ffffff;\">. <\/span><\/span><a href=\"http:\/\/www.inserm-u1000.u-psud.fr\/wp-content\/uploads\/2016\/03\/Gollier-Briant_et_al.pdf\">Gollier-Briant_et_al<\/a><\/p>\n<p style=\"text-align: justify;\"><span style=\"background-color: #ffffff;\">Social Cognitive and Affective Neuroscience. 2016 Jul 21.<\/span><\/p>\n<p style=\"text-align: justify;\"><strong>Gollier-Briant F<\/strong>, <strong>Paill\u00e8re-Martinot ML<\/strong>, <strong>Lema\u00eetre H<\/strong>, <strong>Miranda R<\/strong>, <strong>Vulser H<\/strong>, Goodman R, Penttil\u00e4 J, Struve M, Fada\u00ef T, Kappel V, Poustka L, Grimmer Y, Bromberg U, Conrod P, Banaschewski T, Barker GJ, Bokde ALW, B\u00fcchel C, Flor H, Gallinat J, Garavan H, Heinz A, Lawrence C, Mann K, Nees F, Paus T, Pausova Z, <strong>Frouin V<\/strong>, Rietschel M, Robbins TW, Smolka MN, Schumann G, IMAGEN Consortium, <strong>Martinot JL and Artiges E.<\/strong><\/p>\n<p style=\"text-align: justify;\"><strong><a href=\"http:\/\/www.ncbi.nlm.nih.gov\/pubmed\/26892922\"><span style=\"color: #0000ff;\">Dopamine Transporter Correlates and Occupancy by Modafinil in Cocaine-Dependent Patients: A Controlled Study with High-Resolution PET and [<sup>11<\/sup>C]-PE2I.<\/span><\/a><span style=\"color: #0000ff;\">\u00a0<\/span><\/strong><\/p>\n<p style=\"text-align: justify;\"><span style=\"color: #3366ff;\">Neuropsychopharmacology.<\/span> 2016 Feb 19. doi: 10.1038\/npp.2016.28. [Epub ahead of print] PMID:26892922<\/p>\n<p style=\"text-align: justify;\">Karila L, Leroy C, Dubol M, Trichard C, Mabondo A, Marill C, Dubois A, Bordas N,\u00a0<b>Martinot JL<\/b>, Reynaud M, Artiges E.<\/p>\n<p style=\"text-align: justify;\"><span style=\"color: #3366ff;\"><strong><a style=\"color: #3366ff;\" href=\"http:\/\/www.ncbi.nlm.nih.gov\/pubmed\/26527537\">The role of the cannabinoid receptor in adolescents&rsquo; processing of facial expressions.<\/a><\/strong>\u00a0<\/span><\/p>\n<p style=\"text-align: justify;\">Eur J Neurosci. 2016 Jan;43(1):98-105. doi: 10.1111\/ejn.13118. Epub 2015 Dec 28. PMID:26527537<\/p>\n<p style=\"text-align: justify;\">Ewald A, Becker S, Heinrich A, Banaschewski T, Poustka L, Bokde A, B\u00fcchel C, Bromberg U, Cattrell A, Conrod P, Desrivi\u00e8res S<strong>, Frouin V<\/strong>, Papadopoulos-Orfanos D, Gallinat J, Garavan H, Heinz A, Walter H, Ittermann B, Gowland P, Paus T,\u00a0<strong>Martinot JL<\/strong>, <strong>Paill\u00e8re<\/strong> <strong>Martinot ML<\/strong>, Smolka MN, Vetter N, Whelan R, Schumann G, Flor H, Nees F; IMAGEN consortium.<\/p>\n<p style=\"text-align: justify;\"><span style=\"color: #3366ff;\"><strong><a style=\"color: #3366ff;\" href=\"http:\/\/www.ncbi.nlm.nih.gov\/pubmed\/26971049\">Brain Regions Related to Impulsivity Mediate the Effects of Early Adversity on Antisocial Behavior.<\/a><\/strong>\u00a0<\/span><\/p>\n<p style=\"text-align: justify;\">Biol Psychiatry. 2016 Jan 18. pii: S0006-3223(16)00043-3. doi: 10.1016\/j.biopsych.2015.12.027. [Epub ahead of print] PMID:26971049<\/p>\n<p style=\"text-align: justify;\">Mackey S, Chaarani B, Kan KJ, Spechler PA, Orr C, Banaschewski T, Barker G, Bokde AL, Bromberg U, B\u00fcchel C, Cattrell A, Conrod PJ, Desrivi\u00e8res S, Flor H, <strong>Frouin V<\/strong>, Gallinat J, Gowland P, Heinz A, Ittermann B, <strong>Paill\u00e8re Martinot ML<\/strong>,\u00a0<strong>Artiges E<\/strong>, Nees F, Papadopoulos-Orfanos D, Poustka L, Smolka MN, Jurk S, Walter H, Whelan R, Schumann G, Althoff RR, Garavan H; IMAGEN Consortium.<\/p>\n<p><span style=\"color: #3366ff;\"><strong><a style=\"color: #3366ff;\" href=\"http:\/\/www.ncbi.nlm.nih.gov\/pubmed\/26946130\">Tuning Eye-Gaze Perception by Transitory STS Inhibition.<\/a><\/strong>\u00a0<\/span><\/p>\n<p>Cereb Cortex. 2016 Mar 5. pii: bhw045. [Epub ahead of print] PMID:26946130<\/p>\n<p style=\"text-align: justify;\"><strong>Saitovitch A<\/strong>, Popa T,\u00a0<strong>Lemaitre H<\/strong>, <strong>Rechtman E<\/strong>, Lamy JC, Gr\u00e9vent D, <strong>Calmon R<\/strong>, Meunier S, Brunelle F, Samson Y, <strong>Boddaert N<\/strong>, <strong>Zilbovicius M.<\/strong><\/p>\n<p style=\"text-align: justify;\"><span style=\"color: #3366ff;\"><strong>Prediction of alcohol drinking in adolescents : personality-traits, behavior, brain responses and genetic variations in the context of reward sensitivity. <\/strong><\/span><\/p>\n<p>Biol Psychol. 2016 May 12;118:79-87. doi: 10.1016\/j.biopsycho.2016.05.002. [Epub ahead of print] PMID: 27180911<\/p>\n<p style=\"text-align: justify;\">Heinrich A, M\u00fcller KU, Banaschewski T, Barker GJ, Bokde AL, Bromberg U, B\u00fcchel C, Conrod P, Fauth-B\u00fchler M, Papadopoulos D, Gallinat J, Garavan H, Gowland P, Heinz A, Ittermann B, Mann K, <strong>Martinot JL<\/strong>, Paus T, Pausova Z, Smolka M, Str\u00f6hle A, Rietschel M, Flor H, Schumann G, Nees F,\u00a0IMAGEN Consortium.<\/p>\n<p style=\"text-align: justify;\"><span style=\"color: #3366ff;\"><strong>Ventral stratium connectivity during reward anticipation in adolescent smokers.<\/strong><\/span><\/p>\n<p>Dev Neuropsychol. 2016 Apr 13:1-16. [Epub ahead of print] PMID: 27074029<\/p>\n<p style=\"text-align: justify;\">Jollans L, Zhipeng C, Icke I, Greene C, Kelly C, Banaschewski T, Bokde AL, Bromberg U, B\u00fcchel C, Cattrell A, Conrod PJ, Desrivi\u00e8res S, Flor H, <strong>Frouin V<\/strong>, Gallinat J, Garavan H, Gowland P, Heinz A, Ittermann B, <strong>Martinot JL<\/strong>, <strong>Artiges E<\/strong>, Nees F, Papadopoulos Orfanos D, Paus T, Smolka MN, Walter H, Schumann G, Whelan R.<\/p>\n<p><span style=\"color: #3366ff;\"><strong>Neural basis of reward anticipation and its genetic determinants.<\/strong>\u00a0<\/span><\/p>\n<p>Proc Natl Acad Sci U S A. 2016 Apr 5;113(14):3879-84. doi: 10.1073\/pnas.1503252113. Epub 2016 Mar 21. PMID: 27001827<\/p>\n<p style=\"text-align: justify;\">Jia T, Macare C, Desrivi\u00e8res S, Gonzalez DA, Tao C, Ji X, Ruggeri B, Nees F, Banaschewski T, Barker GJ, Bokde AL, Bromberg U, B\u00fcchel C, Conrod PJ, Dove R, <strong>Frouin V<\/strong>, Gallinat J, Garavan H, Gowland PA, Heinz A, Ittermann B, Lathrop M, <strong>Lemaitre H<\/strong>, <strong>Martinot JL<\/strong>, Paus T, Pausova Z, Poline JB, Rietschel M, Robbins T, Smolka MN, M\u00fcller CP, Feng J, Rothenfluh A, Flor H, Schumann G; IMAGEN Consortium.<\/p>\n\n\n","protected":false},"excerpt":{"rendered":"<p>Determinants of brain metabolism changes in mesial temporal lobe epilepsy. PET-mtle-FC\u00a0 Epilepsia. 2016 Jun;57(6):907-19. doi: 10.1111\/epi.13377. Chassoux F, Artiges E, Semah F, Desarnaud S, Laurent A, Landre E, Gervais P, Devaux B, Helal OB. Neural correlates of three types of negative life events during angry face processing in adolescents. Gollier-Briant_et_al Social Cognitive and Affective Neuroscience. &hellip; <a href=\"https:\/\/www.inserm-u1000.universite-paris-saclay.fr\/?page_id=1958\" class=\"more-link\">Continuer la lecture de <span class=\"screen-reader-text\">Year 2016<\/span> <span class=\"meta-nav\">&rarr;<\/span><\/a><\/p>\n","protected":false},"author":1,"featured_media":0,"parent":0,"menu_order":7,"comment_status":"closed","ping_status":"closed","template":"","meta":[],"_links":{"self":[{"href":"https:\/\/www.inserm-u1000.universite-paris-saclay.fr\/index.php?rest_route=\/wp\/v2\/pages\/1958"}],"collection":[{"href":"https:\/\/www.inserm-u1000.universite-paris-saclay.fr\/index.php?rest_route=\/wp\/v2\/pages"}],"about":[{"href":"https:\/\/www.inserm-u1000.universite-paris-saclay.fr\/index.php?rest_route=\/wp\/v2\/types\/page"}],"author":[{"embeddable":true,"href":"https:\/\/www.inserm-u1000.universite-paris-saclay.fr\/index.php?rest_route=\/wp\/v2\/users\/1"}],"replies":[{"embeddable":true,"href":"https:\/\/www.inserm-u1000.universite-paris-saclay.fr\/index.php?rest_route=%2Fwp%2Fv2%2Fcomments&post=1958"}],"version-history":[{"count":1,"href":"https:\/\/www.inserm-u1000.universite-paris-saclay.fr\/index.php?rest_route=\/wp\/v2\/pages\/1958\/revisions"}],"predecessor-version":[{"id":1959,"href":"https:\/\/www.inserm-u1000.universite-paris-saclay.fr\/index.php?rest_route=\/wp\/v2\/pages\/1958\/revisions\/1959"}],"wp:attachment":[{"href":"https:\/\/www.inserm-u1000.universite-paris-saclay.fr\/index.php?rest_route=%2Fwp%2Fv2%2Fmedia&parent=1958"}],"curies":[{"name":"wp","href":"https:\/\/api.w.org\/{rel}","templated":true}]}}