{"id":1945,"date":"2022-08-04T16:55:15","date_gmt":"2022-08-04T15:55:15","guid":{"rendered":"https:\/\/www.inserm-u1000.universite-paris-saclay.fr\/?page_id=1945"},"modified":"2022-08-04T17:04:06","modified_gmt":"2022-08-04T16:04:06","slug":"year-2017","status":"publish","type":"page","link":"https:\/\/www.inserm-u1000.universite-paris-saclay.fr\/?page_id=1945","title":{"rendered":"Year 2017"},"content":{"rendered":"\n<p style=\"text-align: justify;\"><span style=\"color: #3366ff;\"><strong>Inattention and reaction time variability are linked to ventromedial prefrontal volume in adolescents<\/strong>.<\/span> <a href=\"http:\/\/www.inserm-u1000.u-psud.fr\/wp-content\/uploads\/2017\/01\/biol.psych_2017.pdf\">biol.psych_2017<\/a>\u00a0<\/p>\n<p>Biol Psychiatry. 2017 Jan 13. pii: S0006-3223(17)30035-5. doi: 10.1016\/j.biopsych.2017.01.003. [Epub ahead of print]<\/p>\n<p style=\"text-align: justify;\">Albaugh MD, Orr C, Chaarani B, Althoff RR, Allgaier N, D&rsquo;Alberto N, Hudson K, Mackey S, Spechler PA, Banaschewski T, Br\u00fchl R, Bokde AL, Bromberg U, B\u00fcchel C, Cattrell A, Conrod PJ, Desrivi\u00e8res S, Flor H, <strong>Frouin V<\/strong>, Gallinat J, Goodman R, Gowland P, Grimmer Y, Heinz A, Kappel V, <strong>Martinot JL<\/strong>, <strong>Paill\u00e8re-Martinot ML<\/strong>, Nees F, Orfanos DP, Penttila J, Poustka L, Paus T, Smolka MN, Struve M, Walter H, Whelan R, Schumann G, Garavan H, Potter AS.<\/p>\n<p style=\"text-align: justify;\"><strong><span style=\"color: #3366ff;\">Blunted ventral striatal responses to anticipated rewards foreshadow problematic drug use in novelty-seeking adolescents<\/span>. <a href=\"http:\/\/www.inserm-u1000.u-psud.fr\/wp-content\/uploads\/2017\/01\/nat.-comm_2017.pdf\">nat. comm_2017<\/a>\u00a0<\/strong><\/p>\n<p>Nat Commun. 2017 Feb 21;8:14140. doi: 10.1038\/ncomms14140.<\/p>\n<p style=\"text-align: justify;\">B\u00fcchel C, Peters J, Banaschewski T, Bokde AL, Bromberg U, Conrod PJ, Flor H, Papadopoulos D, Garavan H, Gowland P, Heinz A, Walter H, Ittermann B, Mann K, <strong>Martinot JL<\/strong>, <strong>Paill\u00e8re-Martinot ML<\/strong>, Nees F, Paus T, Pausova Z, Poustka L, Rietschel M, Robbins TW, Smolka MN, Gallinat J, Schumann G, Knutson B; IMAGEN Consortium.<\/p>\n<p><strong><span style=\"color: #3366ff;\">Sleep habits, academic performance, and the adolescent brain structure<\/span>.<\/strong> <a href=\"http:\/\/www.inserm-u1000.u-psud.fr\/wp-content\/uploads\/2017\/01\/scient.-reports_2017.pdf\">scient. reports_2017<\/a>\u00a0<\/p>\n<p>Sci Rep. 2017 Feb 9;7:41678. doi: 10.1038\/srep41678.<\/p>\n<p style=\"text-align: justify;\">Urrila AS<strong>, Artiges E<\/strong>, Massicotte J, <strong>Miranda R<\/strong>, <strong>Vulser H<\/strong>, <strong>B\u00e9zivin-Frere P<\/strong>, <strong>Lapidaire W<\/strong>, <strong>Lema\u00eetre H<\/strong>, Penttil\u00e4 J, Conrod PJ, Garavan H, <strong>Martinot-Paill\u00e8re ML<\/strong>,\u00a0<strong>Martinot JL<\/strong>; IMAGEN Consortium.<\/p>\n<p style=\"text-align: justify;\"><strong><span style=\"color: #3366ff;\">Striatal and Extrastriatal Dopamine Transporter Availability in Schizophrenia and Its Clinical Correlates: A Voxel-Based and High-Resolution PET Study<\/span>. <\/strong><\/p>\n<p>Schizophr Bull. 2017 Feb 8. doi: 10.1093\/schbul\/sbw192. [Epub ahead of print] No abstract available.<\/p>\n<p style=\"text-align: justify;\"><strong>Artiges E<\/strong>, <strong>Leroy C<\/strong>, <strong>Dubol M<\/strong>, Prat M, Pepin A, Mabondo A, de Beaurepaire R, Beaufils B, Korwin JP, <strong>Galinowski A<\/strong>, D&rsquo;Albis MA, Santiago-Ribeiro MJ, <strong>Granger B<\/strong>, <strong>Tzavara ET<\/strong>,\u00a0<strong>Martinot JL<\/strong>, <strong>Trichard C<\/strong>.<\/p>\n<p><strong><span style=\"color: #3366ff;\">Novel genetic loci associated with hippocampal volume<\/span>. <a href=\"http:\/\/www.inserm-u1000.u-psud.fr\/wp-content\/uploads\/2017\/01\/nat.comm_2017-novel-genetic.pdf\">nat.comm_2017 novel genetic<\/a>\u00a0<\/strong><\/p>\n<p>Nat Commun. 2017 Jan 18;8:13624. doi: 10.1038\/ncomms13624.<\/p>\n<p style=\"text-align: justify;\">Hibar DP, Adams HH, Jahanshad N, Chauhan G, Stein JL, Hofer E, Renteria ME, Bis JC, Arias-Vasquez A, Ikram MK, Desrivi\u00e8res S, Vernooij MW, Abramovic L, Alhusaini S, Amin N, Andersson M, Arfanakis K, Aribisala BS, Armstrong NJ, Athanasiu L, Axelsson T, Beecham AH, Beiser A, Bernard M, Blanton SH, Bohlken MM, Boks MP, Bralten J, Brickman AM, Carmichael O, Chakravarty MM, Chen Q, Ching CR, Chouraki V, Cuellar-Partida G, Crivello F, Den Braber A, Doan NT, Ehrlich S, Giddaluru S, Goldman AL, Gottesman RF, Grimm O, Griswold ME, Guadalupe T, Gutman BA, Hass J, Haukvik UK, Hoehn D, Holmes AJ, Hoogman M, Janowitz D, Jia T, J\u00f8rgensen KN, Karbalai N, Kasperaviciute D, Kim S, Klein M, Kraemer B, Lee PH, Liewald DC, Lopez LM, Luciano M, Macare C, Marquand AF, Matarin M, Mather KA, Mattheisen M, McKay DR, Milaneschi Y, Mu\u00f1oz Maniega S, Nho K, Nugent AC, Nyquist P, Loohuis LM, Oosterlaan J, Papmeyer M, Pirpamer L, P\u00fctz B, Ramasamy A, Richards JS, Risacher SL, Roiz-Santia\u00f1ez R, Rommelse N, Ropele S, Rose EJ, Royle NA, Rundek T, S\u00e4mann PG, Saremi A, Satizabal CL, Schmaal L, Schork AJ, Shen L, Shin J, Shumskaya E, Smith AV, Sprooten E, Strike LT, Teumer A, Tordesillas-Gutierrez D, Toro R, Trabzuni D, Trompet S, Vaidya D, Van der Grond J, Van der Lee SJ, Van der Meer D, Van Donkelaar MM, Van Eijk KR, Van Erp TG, Van Rooij D, Walton E, Westlye LT, Whelan CD, Windham BG, Winkler AM, Wittfeld K, Woldehawariat G, Wolf C, Wolfers T, Yanek LR, Yang J, Zijdenbos A, Zwiers MP, Agartz I, Almasy L, Ames D, Amouyel P, Andreassen OA, Arepalli S, Assareh AA, Barral S, Bastin ME, Becker DM, Becker JT, Bennett DA, Blangero J, van Bokhoven H, Boomsma DI, Brodaty H, Brouwer RM, Brunner HG, Buckner RL, Buitelaar JK, Bulayeva KB, Cahn W, Calhoun VD, Cannon DM, Cavalleri GL, Cheng CY, Cichon S, Cookson MR, Corvin A, Crespo-Facorro B, Curran JE, Czisch M, Dale AM, Davies GE, De Craen AJ, De Geus EJ, De Jager PL, De Zubicaray GI, Deary IJ, Debette S, DeCarli C, Delanty N, Depondt C, DeStefano A, Dillman A, Djurovic S, Donohoe G, Drevets WC, Duggirala R, Dyer TD, Enzinger C, Erk S, Espeseth T, Fedko IO, Fern\u00e1ndez G, Ferrucci L, Fisher SE, Fleischman DA, Ford I, Fornage M, Foroud TM, Fox PT, Francks C, Fukunaga M, Gibbs JR, Glahn DC, Gollub RL, G\u00f6ring HH, Green RC, Gruber O, Gudnason V, Guelfi S, H\u00e5berg AK, Hansell NK, Hardy J, Hartman CA, Hashimoto R, Hegenscheid K, Heinz A, Le Hellard S, Hernandez DG, Heslenfeld DJ, Ho BC, Hoekstra PJ, Hoffmann W, Hofman A, Holsboer F, Homuth G, Hosten N, Hottenga JJ, Huentelman M, Pol HE, Ikeda M, Jack CR Jr, Jenkinson M, Johnson R, J\u00f6nsson EG, Jukema JW, Kahn RS, Kanai R, Kloszewska I, Knopman DS, Kochunov P, Kwok JB, Lawrie SM, Lema\u00eetre H, Liu X, Longo DL, Lopez OL, Lovestone S, Martinez O,\u00a0<strong>Martinot JL<\/strong>, Mattay VS, McDonald C, McIntosh AM, McMahon FJ, McMahon KL, Mecocci P, Melle I, Meyer-Lindenberg A, Mohnke S, Montgomery GW, Morris DW, Mosley TH, M\u00fchleisen TW, M\u00fcller-Myhsok B, Nalls MA, Nauck M, Nichols TE, Niessen WJ, N\u00f6then MM, Nyberg L, Ohi K, Olvera RL, Ophoff RA, Pandolfo M, Paus T, Pausova Z, Penninx BW, Pike GB, Potkin SG, Psaty BM, Reppermund S, Rietschel M, Roffman JL, Romanczuk-Seiferth N, Rotter JI, Ryten M, Sacco RL, Sachdev PS, Saykin AJ, Schmidt R, Schmidt H, Schofield PR, Sigursson S, Simmons A, Singleton A, Sisodiya SM, Smith C, Smoller JW, Soininen H, Steen VM, Stott DJ, Sussmann JE, Thalamuthu A, Toga AW, Traynor BJ, Troncoso J, Tsolaki M, Tzourio C, Uitterlinden AG, Hern\u00e1ndez MC, Van der Brug M, van der Lugt A, van der Wee NJ, Van Haren NE, van &lsquo;t Ent D, Van Tol MJ, Vardarajan BN, Vellas B, Veltman DJ, V\u00f6lzke H, Walter H, Wardlaw JM, Wassink TH, Weale ME, Weinberger DR, Weiner MW, Wen W, Westman E, White T, Wong TY, Wright CB, Zielke RH, Zonderman AB, Martin NG, Van Duijn CM, Wright MJ, Longstreth WT, Schumann G, Grabe HJ, Franke B, Launer LJ, Medland SE, Seshadri S, Thompson PM, Ikram MA.<\/p>\n<p style=\"text-align: justify;\"><span style=\"color: #3366ff;\"><strong>Identifying disordered eating behaviours in adolescents: how do parent and adolescent reports differ by sex and age ? <a href=\"http:\/\/www.inserm-u1000.u-psud.fr\/wp-content\/uploads\/2017\/01\/eur.child_.adolesc.psych_.pdf\">eur.child.adolesc.psych<\/a>\u00a0<\/strong><\/span><\/p>\n<p>Eur Child Adolesc Psychiatry. 2017 Jan 3. doi: 10.1007\/s00787-016-0935-1. [Epub ahead of print]<\/p>\n<p>Bartholdy S, Allen K, Hodsoll J, O&rsquo;Daly OG, Campbell IC, Banaschewski T, Bokde AL, Bromberg U, B\u00fcchel C, Quinlan EB, Conrod PJ, Desrivi\u00e8res S, Flor H, <strong>Frouin V<\/strong>, Gallinat J, Garavan H, Heinz A, Ittermann B,\u00a0<strong>Martinot JL<\/strong>, <strong>Artiges E<\/strong>, Nees F, Orfanos DP, Paus T, Poustka L, Smolka MN, Mennigen E, Walter H, Whelan R, Schumann G, Schmidt U.<\/p>\n<p style=\"text-align: justify;\"><strong><span style=\"color: #3366ff;\">Active and placebo transcranial magnetic stimulation effects on external and internal auditory hallucinations of schizophrenia<\/span>. <a href=\"http:\/\/www.inserm-u1000.u-psud.fr\/wp-content\/uploads\/2017\/01\/Acta_Psychiatrica_Scandinavica_2017.pdf\">Acta_Psychiatrica_Scandinavica_2017<\/a>\u00a0<\/strong><\/p>\n<p style=\"text-align: justify;\">Acta Psychiatr Scand. 2017 Mar;135(3):228-238. doi: 10.1111\/acps.12680.<\/p>\n<p style=\"text-align: justify;\"><strong>Paill\u00e8re-Martinot ML<\/strong>, <strong>Galinowski A<\/strong>, Plaze M, Andoh J, Bartr\u00e9s-Faz D, Bellivier F, Lefaucheur JP, Rivi\u00e8re D, Gallarda T,\u00a0<strong>Martinot JL<\/strong>, <strong>Artiges E<\/strong>.<\/p>\n<p style=\"text-align: left;\"><strong><span style=\"color: #3366ff;\">18F-FDG-PET patterns of surgical success and failure in mesial temporal lobe epilepsy<\/span>.\u00a0<a href=\"http:\/\/FDG2017\" data-wplink-url-error=\"true\">http:\/\/FDG2017<\/a> <\/strong><\/p>\n<p style=\"text-align: left;\">Neurology. 2017 Feb 10. pii: 10.1212\/WNL.0000000000003714. doi: 10.1212\/WNL.0000000000003714. [Epub ahead of print]<\/p>\n<p style=\"text-align: justify;\">Chassoux F,\u00a0<strong>Artiges E<\/strong>, Semah F, Laurent A, Landr\u00e9 E, Turak B, Gervais P, Helal BO, Devaux B.<\/p>\n<p style=\"text-align: justify;\"><span style=\"color: #3366ff;\"><strong>Methylation of OPRL1 mediates the effect of psychosocial stress on binge drinking in adolescents.<\/strong> <\/span><\/p>\n<p><span style=\"color: #3366ff;\"><span style=\"color: #000000;\">J<\/span> <span role=\"menubar\"><a title=\"Journal of child psychology and psychiatry, and allied disciplines.\" role=\"menuitem\" href=\"https:\/\/www.ncbi.nlm.nih.gov\/pubmed\/29197086#\" aria-expanded=\"false\" aria-haspopup=\"true\"><span style=\"color: #000000;\">Child Psychol Psychiatry.<\/span><\/a><\/span><span style=\"color: #000000;\"> 2017 Dec 2. doi: 10.1111\/jcpp.12843. [Epub ahead of print]<\/span><\/span><\/p>\n<p style=\"text-align: justify;\"><span style=\"color: #000000;\"><a style=\"color: #000000;\" href=\"https:\/\/www.ncbi.nlm.nih.gov\/pubmed\/?term=Ruggeri%20B%5BAuthor%5D&amp;cauthor=true&amp;cauthor_uid=29197086\">Ruggeri B<\/a>, <a style=\"color: #000000;\" href=\"https:\/\/www.ncbi.nlm.nih.gov\/pubmed\/?term=Macare%20C%5BAuthor%5D&amp;cauthor=true&amp;cauthor_uid=29197086\">Macare C<\/a>, <a style=\"color: #000000;\" href=\"https:\/\/www.ncbi.nlm.nih.gov\/pubmed\/?term=Stopponi%20S%5BAuthor%5D&amp;cauthor=true&amp;cauthor_uid=29197086\">Stopponi S<\/a>, <a style=\"color: #000000;\" href=\"https:\/\/www.ncbi.nlm.nih.gov\/pubmed\/?term=Jia%20T%5BAuthor%5D&amp;cauthor=true&amp;cauthor_uid=29197086\">Jia T<\/a>, <a style=\"color: #000000;\" href=\"https:\/\/www.ncbi.nlm.nih.gov\/pubmed\/?term=Carvalho%20FM%5BAuthor%5D&amp;cauthor=true&amp;cauthor_uid=29197086\">Carvalho FM<\/a>, <a style=\"color: #000000;\" href=\"https:\/\/www.ncbi.nlm.nih.gov\/pubmed\/?term=Robert%20G%5BAuthor%5D&amp;cauthor=true&amp;cauthor_uid=29197086\">Robert G<\/a>, <a style=\"color: #000000;\" href=\"https:\/\/www.ncbi.nlm.nih.gov\/pubmed\/?term=Banaschewski%20T%5BAuthor%5D&amp;cauthor=true&amp;cauthor_uid=29197086\">Banaschewski T<\/a>, <a style=\"color: #000000;\" href=\"https:\/\/www.ncbi.nlm.nih.gov\/pubmed\/?term=Bokde%20ALW%5BAuthor%5D&amp;cauthor=true&amp;cauthor_uid=29197086\">Bokde ALW<\/a>, <a style=\"color: #000000;\" href=\"https:\/\/www.ncbi.nlm.nih.gov\/pubmed\/?term=Bromberg%20U%5BAuthor%5D&amp;cauthor=true&amp;cauthor_uid=29197086\">Bromberg U<\/a>, <a style=\"color: #000000;\" href=\"https:\/\/www.ncbi.nlm.nih.gov\/pubmed\/?term=B%C3%BCchel%20C%5BAuthor%5D&amp;cauthor=true&amp;cauthor_uid=29197086\">B\u00fcchel C<\/a>, <a style=\"color: #000000;\" href=\"https:\/\/www.ncbi.nlm.nih.gov\/pubmed\/?term=Cattrell%20A%5BAuthor%5D&amp;cauthor=true&amp;cauthor_uid=29197086\">Cattrell A<\/a>, <a style=\"color: #000000;\" href=\"https:\/\/www.ncbi.nlm.nih.gov\/pubmed\/?term=Conrod%20PJ%5BAuthor%5D&amp;cauthor=true&amp;cauthor_uid=29197086\">Conrod PJ<\/a>, <a style=\"color: #000000;\" href=\"https:\/\/www.ncbi.nlm.nih.gov\/pubmed\/?term=Desrivi%C3%A8res%20S%5BAuthor%5D&amp;cauthor=true&amp;cauthor_uid=29197086\">Desrivi\u00e8res S<\/a>, <a style=\"color: #000000;\" href=\"https:\/\/www.ncbi.nlm.nih.gov\/pubmed\/?term=Flor%20H%5BAuthor%5D&amp;cauthor=true&amp;cauthor_uid=29197086\">Flor H<\/a>, <a style=\"color: #000000;\" href=\"https:\/\/www.ncbi.nlm.nih.gov\/pubmed\/?term=Frouin%20V%5BAuthor%5D&amp;cauthor=true&amp;cauthor_uid=29197086\">Frouin V<\/a>, <a style=\"color: #000000;\" href=\"https:\/\/www.ncbi.nlm.nih.gov\/pubmed\/?term=Gallinat%20J%5BAuthor%5D&amp;cauthor=true&amp;cauthor_uid=29197086\">Gallinat J<\/a>, <a style=\"color: #000000;\" href=\"https:\/\/www.ncbi.nlm.nih.gov\/pubmed\/?term=Garavan%20H%5BAuthor%5D&amp;cauthor=true&amp;cauthor_uid=29197086\">Garavan H<\/a>, <a style=\"color: #000000;\" href=\"https:\/\/www.ncbi.nlm.nih.gov\/pubmed\/?term=Gowland%20P%5BAuthor%5D&amp;cauthor=true&amp;cauthor_uid=29197086\">Gowland P<\/a>, <a style=\"color: #000000;\" href=\"https:\/\/www.ncbi.nlm.nih.gov\/pubmed\/?term=Heinz%20A%5BAuthor%5D&amp;cauthor=true&amp;cauthor_uid=29197086\">Heinz A<\/a>, <a style=\"color: #000000;\" href=\"https:\/\/www.ncbi.nlm.nih.gov\/pubmed\/?term=Ittermann%20B%5BAuthor%5D&amp;cauthor=true&amp;cauthor_uid=29197086\">Ittermann B<\/a>, <strong><a style=\"color: #000000;\" href=\"https:\/\/www.ncbi.nlm.nih.gov\/pubmed\/?term=Martinot%20JL%5BAuthor%5D&amp;cauthor=true&amp;cauthor_uid=29197086\"><span class=\"highlight\">Martinot JL<\/span><\/a><\/strong>, <strong><a style=\"color: #000000;\" href=\"https:\/\/www.ncbi.nlm.nih.gov\/pubmed\/?term=Martinot%20MP%5BAuthor%5D&amp;cauthor=true&amp;cauthor_uid=29197086\">Martinot-Paill\u00e8re ML<\/a>,<\/strong> <a style=\"color: #000000;\" href=\"https:\/\/www.ncbi.nlm.nih.gov\/pubmed\/?term=Nees%20F%5BAuthor%5D&amp;cauthor=true&amp;cauthor_uid=29197086\">Nees F<\/a>, <a style=\"color: #000000;\" href=\"https:\/\/www.ncbi.nlm.nih.gov\/pubmed\/?term=Papadopoulos-Orfanos%20D%5BAuthor%5D&amp;cauthor=true&amp;cauthor_uid=29197086\">Papadopoulos-Orfanos D<\/a>, <a style=\"color: #000000;\" href=\"https:\/\/www.ncbi.nlm.nih.gov\/pubmed\/?term=Paus%20T%5BAuthor%5D&amp;cauthor=true&amp;cauthor_uid=29197086\">Paus T<\/a>, <a style=\"color: #000000;\" href=\"https:\/\/www.ncbi.nlm.nih.gov\/pubmed\/?term=Poustka%20L%5BAuthor%5D&amp;cauthor=true&amp;cauthor_uid=29197086\">Poustka L<\/a>, <a style=\"color: #000000;\" href=\"https:\/\/www.ncbi.nlm.nih.gov\/pubmed\/?term=Smolka%20MN%5BAuthor%5D&amp;cauthor=true&amp;cauthor_uid=29197086\">Smolka MN<\/a>, <a style=\"color: #000000;\" href=\"https:\/\/www.ncbi.nlm.nih.gov\/pubmed\/?term=Vetter%20NC%5BAuthor%5D&amp;cauthor=true&amp;cauthor_uid=29197086\">Vetter NC<\/a>, <a style=\"color: #000000;\" href=\"https:\/\/www.ncbi.nlm.nih.gov\/pubmed\/?term=Walter%20H%5BAuthor%5D&amp;cauthor=true&amp;cauthor_uid=29197086\">Walter H<\/a>, <a style=\"color: #000000;\" href=\"https:\/\/www.ncbi.nlm.nih.gov\/pubmed\/?term=Whelan%20R%5BAuthor%5D&amp;cauthor=true&amp;cauthor_uid=29197086\">Whelan R<\/a>, <a style=\"color: #000000;\" href=\"https:\/\/www.ncbi.nlm.nih.gov\/pubmed\/?term=Sommer%20WH%5BAuthor%5D&amp;cauthor=true&amp;cauthor_uid=29197086\">Sommer WH<\/a>, <a style=\"color: #000000;\" href=\"https:\/\/www.ncbi.nlm.nih.gov\/pubmed\/?term=Bakalkin%20G%5BAuthor%5D&amp;cauthor=true&amp;cauthor_uid=29197086\">Bakalkin G<\/a>, <a style=\"color: #000000;\" href=\"https:\/\/www.ncbi.nlm.nih.gov\/pubmed\/?term=Ciccocioppo%20R%5BAuthor%5D&amp;cauthor=true&amp;cauthor_uid=29197086\">Ciccocioppo R<\/a>, <a style=\"color: #000000;\" href=\"https:\/\/www.ncbi.nlm.nih.gov\/pubmed\/?term=Schumann%20G%5BAuthor%5D&amp;cauthor=true&amp;cauthor_uid=29197086\">Schumann G and\u00a0<\/a><a style=\"color: #000000;\" href=\"https:\/\/www.ncbi.nlm.nih.gov\/pubmed\/?term=IMAGEN%20consortium%5BCorporate%20Author%5D\">IMAGEN Consortium<\/a>.<\/span><\/p>\n<p style=\"text-align: justify;\"><span lang=\"EN-US\" style=\"margin: 0px; color: #3366ff; line-height: 107%; font-family: 'Arial',sans-serif; font-size: 11pt;\"><strong>Amygdala and regional volumes in treatment-resistant versus nontreatment-resistant depression patients.<\/strong> <\/span><\/p>\n<p><span lang=\"EN-US\" style=\"margin: 0px; color: #3366ff; line-height: 107%; font-family: 'Arial',sans-serif; font-size: 11pt;\"><span style=\"color: #000000;\"><span lang=\"EN-US\" style=\"margin: 0px; line-height: 107%; font-family: 'Arial',sans-serif; font-size: 11pt;\">Depression Anxiety<\/span><span style=\"font-family: Calibri; font-size: small;\"><span lang=\"EN-US\" style=\"margin: 0px; line-height: 107%; font-family: 'Calibri',sans-serif; font-size: 11pt;\"><i>. <\/i><\/span><\/span><span style=\"font-family: Arial; font-size: small;\"><span lang=\"EN-US\" style=\"margin: 0px; line-height: 107%; font-family: 'Arial',sans-serif; font-size: 11pt;\">2017 Nov;34(11):1065-1071. doi: 10.1002\/da.22675. <\/span><\/span><\/span><\/span><\/p>\n<p style=\"text-align: justify;\"><span lang=\"EN-US\" style=\"margin: 0px; line-height: 107%; font-family: 'Arial',sans-serif; font-size: 11pt;\"><span style=\"color: #000000;\">Sandu AL, <strong>Artiges E<\/strong>, <strong>Galinowski A<\/strong>, Gallarda T, Bellivier F,<strong> Lemaitre H<\/strong>, <strong>Granger B<\/strong>, Ringuenet D, Tzavara ET, <strong>Martinot JL<\/strong>, <strong>Paill\u00e8re-Martinot ML<\/strong>. <\/span><\/span><\/p>\n<p style=\"text-align: justify;\"><span lang=\"EN-US\" style=\"margin: 0px; color: #3366ff; line-height: 107%; font-family: 'Arial',sans-serif; font-size: 11pt;\"><strong>Functional Neuroimaging Predictors of Self-Reported Psychotic Symptoms in Adolescents. <\/strong><\/span><\/p>\n<p><span lang=\"EN-US\" style=\"margin: 0px; color: #3366ff; line-height: 107%; font-family: 'Arial',sans-serif; font-size: 11pt;\"><span style=\"color: #000000;\"><span lang=\"EN-US\" style=\"margin: 0px; line-height: 107%; font-family: 'Arial',sans-serif; font-size: 11pt;\">American Journal of Psychiatry<\/span><span style=\"font-family: Arial; font-size: small;\"><span lang=\"EN-US\">. 2017 Jun 1;174(6):566-575. doi:10.1176\/appi.ajp.2017.16080897. Epub 2017 Mar 21. <\/span><\/span><\/span>\u00a0<\/span><\/p>\n<p style=\"text-align: justify;\"><span lang=\"EN-US\" style=\"margin: 0px; line-height: 107%; font-family: 'Arial',sans-serif; font-size: 11pt;\"><span style=\"color: #000000;\">Bourque J, Spechler PA, Potvin S, Whelan R, Banaschewski T, Bokde ALW, Bromberg U, B\u00fcchel C, Quinlan EB, Desrivi\u00e8res S, Flor H, Frouin V, Gowland P, Heinz A, Ittermann B, <strong>Martinot JL<\/strong>, <strong>Paill\u00e8re-Martinot ML<\/strong>, McEwen SC, Nees F, Orfanos DP, Paus T, Poustka L, Smolka MN, Vetter NC, Walter H, Schumann G, Garavan H, Conrod PJ &amp; IMAGEN Consortium.<\/span><\/span><\/p>\n\n\n","protected":false},"excerpt":{"rendered":"<p>Inattention and reaction time variability are linked to ventromedial prefrontal volume in adolescents. biol.psych_2017\u00a0 Biol Psychiatry. 2017 Jan 13. pii: S0006-3223(17)30035-5. doi: 10.1016\/j.biopsych.2017.01.003. [Epub ahead of print] Albaugh MD, Orr C, Chaarani B, Althoff RR, Allgaier N, D&rsquo;Alberto N, Hudson K, Mackey S, Spechler PA, Banaschewski T, Br\u00fchl R, Bokde AL, Bromberg U, B\u00fcchel C, &hellip; <a href=\"https:\/\/www.inserm-u1000.universite-paris-saclay.fr\/?page_id=1945\" class=\"more-link\">Continuer la lecture de <span class=\"screen-reader-text\">Year 2017<\/span> <span class=\"meta-nav\">&rarr;<\/span><\/a><\/p>\n","protected":false},"author":1,"featured_media":0,"parent":0,"menu_order":6,"comment_status":"closed","ping_status":"closed","template":"","meta":[],"_links":{"self":[{"href":"https:\/\/www.inserm-u1000.universite-paris-saclay.fr\/index.php?rest_route=\/wp\/v2\/pages\/1945"}],"collection":[{"href":"https:\/\/www.inserm-u1000.universite-paris-saclay.fr\/index.php?rest_route=\/wp\/v2\/pages"}],"about":[{"href":"https:\/\/www.inserm-u1000.universite-paris-saclay.fr\/index.php?rest_route=\/wp\/v2\/types\/page"}],"author":[{"embeddable":true,"href":"https:\/\/www.inserm-u1000.universite-paris-saclay.fr\/index.php?rest_route=\/wp\/v2\/users\/1"}],"replies":[{"embeddable":true,"href":"https:\/\/www.inserm-u1000.universite-paris-saclay.fr\/index.php?rest_route=%2Fwp%2Fv2%2Fcomments&post=1945"}],"version-history":[{"count":3,"href":"https:\/\/www.inserm-u1000.universite-paris-saclay.fr\/index.php?rest_route=\/wp\/v2\/pages\/1945\/revisions"}],"predecessor-version":[{"id":1951,"href":"https:\/\/www.inserm-u1000.universite-paris-saclay.fr\/index.php?rest_route=\/wp\/v2\/pages\/1945\/revisions\/1951"}],"wp:attachment":[{"href":"https:\/\/www.inserm-u1000.universite-paris-saclay.fr\/index.php?rest_route=%2Fwp%2Fv2%2Fmedia&parent=1945"}],"curies":[{"name":"wp","href":"https:\/\/api.w.org\/{rel}","templated":true}]}}