{"id":1942,"date":"2022-08-04T16:35:44","date_gmt":"2022-08-04T15:35:44","guid":{"rendered":"https:\/\/www.inserm-u1000.universite-paris-saclay.fr\/?page_id=1942"},"modified":"2022-08-04T16:35:45","modified_gmt":"2022-08-04T15:35:45","slug":"year-2018-2","status":"publish","type":"page","link":"https:\/\/www.inserm-u1000.universite-paris-saclay.fr\/?page_id=1942","title":{"rendered":"Year 2018"},"content":{"rendered":"\n<p style=\"text-align: justify;\"><span style=\"font-size: 14px; color: #3366ff;\"><span style=\"font-family: arial,helvetica,sans-serif;\"><strong>Early Variations in White Matter Microstructure and Depression Outcome in Adolescents With Subthreshold Depression<\/strong><\/span><\/span>.<\/p>\n<p style=\"text-align: justify;\">Am J Psychiatry. 2018 Aug 16:appiajp201817070825. doi: 10.1176\/appi.ajp.2018.17070825. [Epub ahead of print]<\/p>\n<p style=\"text-align: justify;\"><strong>Vulser H<\/strong>, <strong>Paill\u00e8re-Martinot ML<\/strong>, <strong>Artiges E<\/strong>, <strong>Miranda R<\/strong>, Penttil\u00e4 J, Grimmer Y, van Noort BM, Stringaris A, Struve M, Fadai T, Kappel V, Goodman R, Tzavara E, Massaad C, Banaschewski T, Barker GJ, Bokde ALW, Bromberg U, Br\u00fchl R, B\u00fcchel C, Cattrell A, Conrod P, Desrivi\u00e8res S, Flor H, Frouin V, Gallinat J, Garavan H, Gowland P, Heinz A, Nees F, Papadopoulos-Orfanos D, Paus T, Poustka L, Rodehacke S, Smolka MN, Walter H, Whelan R, Schumann G, <strong>Martinot JL<\/strong>, <strong>Lemaitre H<\/strong> &amp; IMAGEN Consortium.<\/p>\n<p style=\"text-align: justify;\"><span style=\"color: #3366ff;\"><strong><span style=\"font-size: 14px;\"><span style=\"font-family: arial,helvetica,sans-serif;\">Cerebral blood flow changes after radiation therapy identifies pseudoprogression in diffuse intrinsic pontine gliomas<\/span><\/span>. <\/strong><\/span><\/p>\n<p style=\"text-align: justify;\">Neuro Oncol. 2018 Jun 18;20(7):994-1002. doi: 10.1093\/neuonc\/nox227.<\/p>\n<p style=\"text-align: justify;\">Calmon R, Puget S, Varlet P, Dangouloff-Ros V, Blauwblomme T, Beccaria K, Grevent D, Sainte-Rose C, Castel D, Debily MA, Dufour C, Bolle S, Dhermain F, <strong>Saitovitch A<\/strong>, <strong>Zilbovicius M<\/strong>, Brunelle F, Grill J, <strong>Boddaert N<\/strong>.<\/p>\n<p style=\"text-align: justify;\"><span style=\"color: #3366ff;\"><span style=\"font-size: 14px;\"><span style=\"font-family: arial,helvetica,sans-serif;\"><strong>Examination of the Neural Basis of Psychoticlike Experiences in Adolescence During Reward Processing<\/strong><\/span><\/span>. <\/span><\/p>\n<p style=\"text-align: justify;\">JAMA Psychiatry. 2018 Aug 1. doi: 10.1001\/jamapsychiatry.2018.1973. [Epub ahead of print]<\/p>\n<p style=\"text-align: justify;\">Papanastasiou E, Mouchlianitis E, Joyce DW, McGuire P, Banaschewski T, Bokde ALW, Bromberg U, B\u00fcchel C, Quinlan EB, Desrivi\u00e8res S, Flor H, Frouin V, Garavan H, Spechler P, Gowland P, Heinz A, Ittermann B<strong>, Martinot JL<\/strong>, <strong>Paill\u00e8re-Martinot ML<\/strong>, <strong>Artiges E<\/strong>, Nees F, Papadopoulos Orfanos D, Poustka L, Millenet S, Fr\u00f6hner JH, Smolka MN, Walter H, Whelan R, Schumann G, Shergill S &amp; IMAGEN Consortium.<\/p>\n<p><span style=\"color: #3366ff;\"><span style=\"font-size: 14px;\"><span style=\"font-family: arial,helvetica,sans-serif;\"><strong>Mapping adolescent reward anticipation, receipt, and prediction error during the monetary incentive delay task<\/strong><\/span><\/span>.<\/span> <a href=\"http:\/\/www.inserm-u1000.u-psud.fr\/wp-content\/uploads\/2018\/10\/mapping-adolescent.htm\">mapping adolescent <\/a><\/p>\n<p>Hum Brain Mapp. 2018 Sep 21. doi: 10.1002\/hbm.24370. [Epub ahead of print].<\/p>\n<p style=\"text-align: justify;\">Cao Z, Bennett M, Orr C, Icke I, Banaschewski T, Barker GJ, Bokde ALW, Bromberg U, B\u00fcchel C, Quinlan EB, Desrivi\u00e8res S, Flor H, Frouin V, Garavan H, Gowland P, Heinz A, Ittermann B, <strong>Martinot JL<\/strong>, Nees F, Orfanos DP, Paus T, Poustka L, Hohmann S, Fr\u00f6hner JH, Smolka MN, Walter H, Schumann G, Whelan R &amp; IMAGEN Consortium.<\/p>\n<p style=\"text-align: justify;\"><span style=\"font-size: 14px; color: #3366ff;\"><span style=\"font-family: arial,helvetica,sans-serif;\"><strong>Epigenetic variance in dopamine D2 receptor: a marker of IQ malleability ?<\/strong><\/span><\/span> <a href=\"http:\/\/www.inserm-u1000.u-psud.fr\/wp-content\/uploads\/2018\/10\/Epigenic-variance.pdf\">Epigenic variance<\/a><\/p>\n<p style=\"text-align: justify;\">Transl Psychiatry. 2018 Aug 30;8(1):169. doi: 10.1038\/s41398-018-0222-7.<\/p>\n<p style=\"text-align: justify;\">Kaminski JA, Schlagenhauf F, Rapp M, Awasthi S, Ruggeri B, Deserno L, Banaschewski T, Bokde ALW, Bromberg U, B\u00fcchel C, Quinlan EB, Desrivi\u00e8res S, Flor H, Frouin V, Garavan H, Gowland P, Ittermann B, <strong>Martinot JL<\/strong>, <strong>Paill\u00e8re-Martinot<\/strong> <strong>ML<\/strong>, Nees F, Orfanos DP, Paus T, Poustka L, Smolka MN, Fr\u00f6hner JH, Walter H, Whelan R, Ripke S, Schumann G, Heinz A &amp; IMAGEN Consortium.<\/p>\n<p style=\"text-align: justify;\"><span style=\"color: #3366ff;\"><span style=\"font-size: 14px;\"><span style=\"font-family: arial,helvetica,sans-serif;\"><strong>COMT Val158Met Polymorphism and Social Impairment Interactively Affect Attention-Deficit Hyperactivity Symptoms in Healthy Adolescents<\/strong><\/span><\/span>. <\/span><\/p>\n<p style=\"text-align: justify;\">Front Genet. 2018 Jul 31;9:284. doi: 10.3389\/fgene.2018.00284. eCollection 2018.<\/p>\n<p style=\"text-align: justify;\">Millenet SK, Nees F, Heintz S, Bach C, Frank J, Vollst\u00e4dt-Klein S, Bokde A, Bromberg U, B\u00fcchel C, Quinlan EB, Desrivi\u00e8res S, Fr\u00f6hner J, Flor H, Frouin V, Garavan H, Gowland P, Heinz A, Ittermann B, Lemaire H, <strong>Martinot JL<\/strong>, <strong>Paill\u00e8re-Martinot ML<\/strong>, Papadoulos DO, Paus T, Poustka L, Rietschel M, Smolka MN, Walter H, Whelan R, Schumann G, Banaschewski T, Hohmann S.<\/p>\n<p style=\"text-align: justify;\"><span style=\"color: #3366ff;\"><span style=\"font-size: 14px;\"><span style=\"font-family: arial,helvetica,sans-serif;\"><strong>Distinct brain structure and behavior related to ADHD and conduct disorder traits<\/strong><\/span><\/span>. <\/span><\/p>\n<p style=\"text-align: justify;\">Mol Psychiatry. 2018 Aug 14. doi: 10.1038\/s41380-018-0202-6. [Epub ahead of print]<\/p>\n<p style=\"text-align: justify;\">Bayard F, Nymberg Thunell C, Ab\u00e9 C, Almeida R, Banaschewski T, Barker G, Bokde ALW, Bromberg U, B\u00fcchel C, Quinlan EB, Desrivi\u00e8res S, Flor H, Frouin V, Garavan H, Gowland P, Heinz A, Ittermann B, <strong>Martinot JL<\/strong>, <strong>Paill\u00e8re-Martinot ML<\/strong>, Nees F, Orfanos DP, Paus T, Poustka L, Conrod P, Stringaris A, Struve M, Penttil\u00e4 J, Kappel V, Grimmer Y, Fadai T, van Noort B, Smolka MN, Vetter NC, Walter H, Whelan R, Schumann G, Petrovic P &amp; IMAGEN Consortium.<\/p>\n<p style=\"text-align: justify;\"><span style=\"color: #3366ff;\"><span style=\"font-size: 14px;\"><span style=\"font-family: arial,helvetica,sans-serif;\"><strong>A neurobiological pathway to smoking in adolescence: TTC12-ANKK1-DRD2 variants and reward response<\/strong><\/span><\/span>. <\/span><\/p>\n<p style=\"text-align: justify;\">Eur Neuropsychopharmacol. 2018 Oct;28(10):1103-1114. doi: 10.1016\/j.euroneuro.2018.07.101. Epub 2018 Aug 11.<\/p>\n<p style=\"text-align: justify;\">Bromberg U, Hill M, Buxton J, Blakemore A, Veijola J, B\u00fcchel C, Banaschewski T, Bokde ALW, Conrod P, Flor H, Frouin V, Gallinat J, Garavan H, Gowland PA, Heinz A, Ittermann B, Lathrop M, <strong>Martinot JL<\/strong>, Paus T, Desrivi\u00e8res S, Munaf\u00f2 M, J\u00e4rvelin MR, Schumann G &amp; IMAGEN Consortium.<\/p>\n<p style=\"text-align: justify;\"><span style=\"color: #3366ff;\"><span style=\"font-size: 14px;\"><span style=\"font-family: arial,helvetica,sans-serif;\"><strong>Ventromedial Prefrontal Volume in Adolescence Predicts Hyperactive\/Inattentive Symptoms in Adulthood<\/strong><\/span><\/span>. <\/span><\/p>\n<p style=\"text-align: justify;\">Cereb Cortex. 2018 Apr 18. doi: 10.1093\/cercor\/bhy066. [Epub ahead of print]<\/p>\n<p style=\"text-align: justify;\">Albaugh MD, Ivanova M, Chaarani B, Orr C, Allgaier N, Althoff RR, D&rsquo; Alberto N, Hudson K, Mackey S, Spechler PA, Banaschewski T, Br\u00fchl R, Bokde ALW, Bromberg U, B\u00fcchel C, Cattrell A, Conrod PJ, Desrivi\u00e8res S, Flor H, Frouin V, <strong>Paill\u00e8re-Martinot ML<\/strong>, Nees F, Papadopoulos Orfanos D, Penttil\u00e4 J, Poustka L, Paus T, Smolka MN, Struve M, Walter H, Whelan R, Schumann G, Garavan H, Potter AS.<\/p>\n<p style=\"text-align: justify;\"><span style=\"color: #3366ff;\"><span style=\"font-size: 14px;\"><strong><span style=\"font-family: arial,helvetica,sans-serif;\"><span style=\"margin: 0px; line-height: 107%;\">Modulation of orbitofrontal-striatal reward activity by dopaminergic functional polymorphisms contributes to a predisposition to alcohol misuse in early adolescence<\/span><\/span><\/strong><\/span>. <\/span><\/p>\n<p style=\"text-align: justify;\">Psychol Med. 2018 Jun 18:1-10. doi: 10.1017\/S0033291718001459. [Epub ahead of print]<\/p>\n<p style=\"text-align: justify;\">Baker TE, Castellanos-Ryan N, Schumann G, Cattrell A, Flor H, Nees F, Banaschewski T, Bokde A, Whelan R, Buechel C, Bromberg U, Papadopoulos Orfanos D, Gallinat J, Garavan H, Heinz A, Walter H, Br\u00fchl R, Gowland P, Paus T, Poustka L, <strong>Martinot JL<\/strong>, <strong>Lemaitre H<\/strong>, <strong>Artiges E<\/strong>, <strong>Paill\u00e8re-Martinot ML<\/strong>, Smolka MN, Conrod P&amp; IMAGEN Consortium.<\/p>\n<p style=\"text-align: justify;\"><span style=\"font-size: 14px; color: #3366ff;\"><span style=\"font-family: arial,helvetica,sans-serif;\"><span style=\"margin: 0px; line-height: 107%;\"><b>The Initiation of Cannabis Use in Adolescence is Predicted by Sex-Specific Psychosocial and Neurobiological Features<\/b><\/span><\/span><\/span><span style=\"color: #000000;\"><span style=\"margin: 0px; line-height: 107%; font-family: 'Arial',sans-serif; font-size: 12pt;\"><span style=\"color: #3366ff;\">.<\/span>\u00a0<\/span><\/span><a href=\"http:\/\/www.inserm-u1000.u-psud.fr\/wp-content\/uploads\/2018\/10\/the-initiation-of-Cannabis.htm\">the Initiation of Cannabis<\/a><\/p>\n<p style=\"text-align: justify;\">Eur J Neurosci. 2018 Jun 11. doi: 10.1111\/ejn.13989. [Epub ahead of print]<\/p>\n<p style=\"text-align: justify;\">Spechler PA, Allgaier N, Chaarani B, Whelan R, Watts R, Orr C, Albaugh MD, D&rsquo;Alberto N, Higgins ST, Hudson KE, Mackey S, Potter A, Banaschewski T, Bokde ALW, Bromberg U, B\u00fcchel C, Cattrell A, Conrod PJ, Desrivi\u00e8res S, Flor H, Frouin V, Gallinat J, Gowland P, Heinz A, Ittermann B, <strong>Martinot JL<\/strong>, <strong>Paill\u00e8re-Martinot ML<\/strong>, Nees F, Orfanos DP, Paus T, Smolka MN, Walter H, Schumann G, Althoff RR, Garavan H &amp; IMAGEN Consortium.<\/p>\n<p style=\"text-align: justify;\"><span style=\"color: #3366ff;\"><span style=\"font-family: arial,helvetica,sans-serif;\"><span style=\"font-size: 14px;\"><strong>Risk profiles for heavy drinking in adolescence: differential effects of gender<\/strong><\/span><\/span>.\u00a0<\/span><a href=\"http:\/\/www.inserm-u1000.u-psud.fr\/wp-content\/uploads\/2018\/10\/risk-prolfiles.htm\">risk prolfiles<\/a><\/p>\n<p style=\"text-align: justify;\">Addict Biol. 2018 May 30. doi: 10.1111\/adb.12636. [Epub ahead of print]<\/p>\n<p style=\"text-align: justify;\">Seo S, Beck A, Matthis C, Genauck A, Banaschewski T, Bokde ALW, Bromberg U, B\u00fcchel C, Quinlan EB, Flor H, Frouin V, Garavan H, Gowland P, Ittermann B, <strong>Martinot JL<\/strong>, <strong>Paill\u00e8re-Martinot ML<\/strong>, Nees F, Papadopoulos Orfanos D, Poustka L, Hohmann S, Fr\u00f6hner JH, Smolka MN, Walter H, Whelan R, Desrivi\u00e8res S, Heinz A, Schumann G, Obermayer K.<\/p>\n<p style=\"text-align: justify;\"><strong><span style=\"color: #3399ff;\"><span style=\"color: #3366ff;\"><span style=\"font-size: 14px;\"><span style=\"font-family: arial,helvetica,sans-serif;\">Individual differences in stop-related activity are inflated by the adaptive algorithm in the stop signal task<\/span><\/span>.<\/span>\u00a0<\/span><\/strong><a href=\"http:\/\/www.inserm-u1000.u-psud.fr\/wp-content\/uploads\/2018\/10\/individual-differences.htm\">individual differences<\/a><\/p>\n<p style=\"text-align: justify;\">Hum Brain Mapp. 2018 Aug;39(8):3263-3276. doi: 10.1002\/hbm.24075. Epub 2018 Apr 15.<\/p>\n<p style=\"text-align: justify;\">D&rsquo;Alberto N, Chaarani B, Orr CA, Spechler PA, Albaugh MD, Allgaier N, Wonnell A, Banaschewski T, Bokde ALW, Bromberg U, B\u00fcchel C, Quinlan EB, Conrod PJ, Desrivi\u00e8res S, Flor H, Fr\u00f6hner JH, Frouin V, Gowland P, Heinz A, Itterman B, <strong>Martinot JL<\/strong>, <strong>Paill\u00e8re-Martinot ML<\/strong>, <strong>Artiges E<\/strong>, Nees F, Papadopoulos Orfanos D, Poustka L, Robbins TW, Smolka MN, Walter H, Whelan R, Schumann G, Potter AS, Garavan H.<\/p>\n<p style=\"text-align: justify;\"><span style=\"color: #3366ff;\"><strong><span style=\"font-size: 14px;\"><span style=\"font-family: arial,helvetica,sans-serif;\">Interaction between striatal volume and DAT1 polymorphism predicts working memory development during adolescence<\/span><\/span>. <\/strong><\/span><a href=\"http:\/\/www.inserm-u1000.u-psud.fr\/wp-content\/uploads\/2018\/10\/interaction-between-striatal.pdf\">interaction between striatal<\/a><\/p>\n<p style=\"text-align: justify;\">Dev Cogn Neurosci. 2018 Apr;30:191-199. doi: 10.1016\/j.dcn.2018.03.006. Epub 2018 Mar 13.<\/p>\n<p style=\"text-align: justify;\">Nemmi F, Nymberg C, Darki F, Banaschewski T, Bokde ALW, B\u00fcchel C, Flor H, Frouin V, Garavan H, Gowland P, Heinz A, <strong>Martinot JL<\/strong>, Nees F, Paus T, Smolka MN, Robbins TW, Schumann G, Klingberg T &amp; IMAGEN Consortium.<\/p>\n<p style=\"text-align: justify;\"><span style=\"color: #3366ff;\"><strong><span style=\"font-size: 14px;\"><span style=\"font-family: arial,helvetica,sans-serif;\">Extending the Construct Network of Trait Disinhibition to the Neuroimaging Domain: Validation of a Bridging Scale for Use in the European IMAGEN Project<\/span><\/span>. <\/strong><\/span><\/p>\n<p style=\"text-align: justify;\">Assessment. 2018 Mar 1:1073191118759748. doi: 10.1177\/1073191118759748. [Epub ahead of print]<\/p>\n<p style=\"text-align: justify;\">Brislin SJ, Patrick CJ, Flor H, Nees F, Heinrich A, Drislane LE, Yancey JR, Banaschewski T, Bokde ALW, Bromberg U, B\u00fcchel C, Quinlan EB, Desrivi\u00e8res S, Frouin V, Garavan H, Gowland P, Heinz A, Ittermann B, <strong>Martinot JL<\/strong>, <strong>Paill\u00e8re-Martinot ML<\/strong>, Papadopoulos Orfanos D, Poustka L, Fr\u00f6hner JH, Smolka MN, Walter H, Whelan R, Conrod P, Stringaris A, Struve M, van Noort B, Grimmer Y, Fadai T, Schumann G, Foell J.<\/p>\n<p style=\"text-align: justify;\"><strong><span style=\"color: #3366ff;\"><span style=\"font-size: 14px;\"><span style=\"font-family: arial,helvetica,sans-serif;\">The Influence of Study-Level Inference Models and Study Set Size on Coordinate-Based fMRI Meta-Analyses<\/span><\/span>.<\/span>\u00a0<\/strong><a href=\"http:\/\/www.inserm-u1000.u-psud.fr\/wp-content\/uploads\/2018\/10\/the-influence-of-study-level.pdf\">the influence of study level<\/a><\/p>\n<p style=\"text-align: justify;\">Front Neurosci. 2018 Jan 18;11:745. doi: 10.3389\/fnins.2017.00745. eCollection 2017.<\/p>\n<p style=\"text-align: justify;\">Bossier H, Seurinck R, K\u00fchn S, Banaschewski T, Barker GJ, Bokde ALW, <strong>Martinot JL<\/strong>, <strong>Lemaitre H<\/strong>, Paus T, Millenet S, Moerkerke B.<\/p>\n<p style=\"text-align: justify;\"><strong><span style=\"color: #3366ff;\"><span style=\"font-size: 14px;\"><span style=\"font-family: arial,helvetica,sans-serif;\">Methylation of OPRL1 mediates the effect of psychosocial stress on binge drinking in adolescents<\/span><\/span>.<\/span>\u00a0<\/strong><a href=\"http:\/\/www.inserm-u1000.u-psud.fr\/wp-content\/uploads\/2018\/10\/methylation-of-oprl1.htm\">methylation of oprl1<\/a><\/p>\n<p style=\"text-align: justify;\">J Child Psychol Psychiatry. 2018 Jun;59(6):650-658. doi: 10.1111\/jcpp.12843. Epub 2017 Dec 2.<\/p>\n<p style=\"text-align: justify;\">Ruggeri B, Macare C, Stopponi S, Jia T, Carvalho FM, Robert G, Banaschewski T, Bokde ALW, Bromberg U, B\u00fcchel C, Cattrell A, Conrod PJ, Desrivi\u00e8res S, Flor H, Frouin V, Gallinat J, Garavan H, Gowland P, Heinz A, Ittermann B, <strong>Martinot JL<\/strong>, <strong>Paill\u00e8re-Martinot ML<\/strong>, Nees F, Papadopoulos-Orfanos D, Paus T, Poustka L, Smolka MN, Vetter NC, Walter H, Whelan R, Sommer WH, Bakalkin G, Ciccocioppo R, Schumann G &amp; IMAGEN Consortium.<\/p>\n\n\n","protected":false},"excerpt":{"rendered":"<p>Early Variations in White Matter Microstructure and Depression Outcome in Adolescents With Subthreshold Depression. Am J Psychiatry. 2018 Aug 16:appiajp201817070825. doi: 10.1176\/appi.ajp.2018.17070825. [Epub ahead of print] Vulser H, Paill\u00e8re-Martinot ML, Artiges E, Miranda R, Penttil\u00e4 J, Grimmer Y, van Noort BM, Stringaris A, Struve M, Fadai T, Kappel V, Goodman R, Tzavara E, Massaad C, &hellip; <a href=\"https:\/\/www.inserm-u1000.universite-paris-saclay.fr\/?page_id=1942\" class=\"more-link\">Continuer la lecture de <span class=\"screen-reader-text\">Year 2018<\/span> <span class=\"meta-nav\">&rarr;<\/span><\/a><\/p>\n","protected":false},"author":1,"featured_media":0,"parent":0,"menu_order":0,"comment_status":"closed","ping_status":"closed","template":"","meta":[],"_links":{"self":[{"href":"https:\/\/www.inserm-u1000.universite-paris-saclay.fr\/index.php?rest_route=\/wp\/v2\/pages\/1942"}],"collection":[{"href":"https:\/\/www.inserm-u1000.universite-paris-saclay.fr\/index.php?rest_route=\/wp\/v2\/pages"}],"about":[{"href":"https:\/\/www.inserm-u1000.universite-paris-saclay.fr\/index.php?rest_route=\/wp\/v2\/types\/page"}],"author":[{"embeddable":true,"href":"https:\/\/www.inserm-u1000.universite-paris-saclay.fr\/index.php?rest_route=\/wp\/v2\/users\/1"}],"replies":[{"embeddable":true,"href":"https:\/\/www.inserm-u1000.universite-paris-saclay.fr\/index.php?rest_route=%2Fwp%2Fv2%2Fcomments&post=1942"}],"version-history":[{"count":1,"href":"https:\/\/www.inserm-u1000.universite-paris-saclay.fr\/index.php?rest_route=\/wp\/v2\/pages\/1942\/revisions"}],"predecessor-version":[{"id":1943,"href":"https:\/\/www.inserm-u1000.universite-paris-saclay.fr\/index.php?rest_route=\/wp\/v2\/pages\/1942\/revisions\/1943"}],"wp:attachment":[{"href":"https:\/\/www.inserm-u1000.universite-paris-saclay.fr\/index.php?rest_route=%2Fwp%2Fv2%2Fmedia&parent=1942"}],"curies":[{"name":"wp","href":"https:\/\/api.w.org\/{rel}","templated":true}]}}