{"id":1674,"date":"2022-07-29T13:39:32","date_gmt":"2022-07-29T12:39:32","guid":{"rendered":"https:\/\/www.inserm-u1000.universite-paris-saclay.fr\/?page_id=1674"},"modified":"2025-11-19T12:31:32","modified_gmt":"2025-11-19T11:31:32","slug":"collaborators","status":"publish","type":"page","link":"https:\/\/www.inserm-u1000.universite-paris-saclay.fr\/?page_id=1674","title":{"rendered":"Collaborators"},"content":{"rendered":"\n<p>The research of the INSERM unit is carried out with the ICM platform. The team is part of the radiopediatrics department of the Necker Hospital.<\/p>\n\n\n\n<h4><strong>Researchers<\/strong><\/h4>\n\n\n\n<table style=\"width: 100%; height: 275px;\">\n<tbody>\n<tr style=\"height: 55px;\">\n<td class=\"block-editor-rich-text__editable wp-block-table__cell-content rich-text\" style=\"width: 11.6719%; height: 55px;\" role=\"textbox\" contenteditable=\"true\" aria-multiline=\"true\" aria-label=\"Texte de la cellule du corps\"><strong data-rich-text-format-boundary=\"true\">Name<\/strong><\/td>\n<td class=\"block-editor-rich-text__editable wp-block-table__cell-content rich-text\" style=\"width: 9.93691%; height: 55px;\" role=\"textbox\" contenteditable=\"true\" aria-multiline=\"true\" aria-label=\"Texte de la cellule du corps\"><strong>1er Name<\/strong><\/td>\n<td class=\"block-editor-rich-text__editable wp-block-table__cell-content rich-text\" style=\"width: 31.8612%; height: 55px;\" role=\"textbox\" contenteditable=\"true\" aria-multiline=\"true\" aria-label=\"Texte de la cellule du corps\"><strong>Function<\/strong><\/td>\n<td class=\"block-editor-rich-text__editable wp-block-table__cell-content rich-text\" style=\"width: 11.3565%; height: 55px;\" role=\"textbox\" contenteditable=\"true\" aria-multiline=\"true\" aria-label=\"Texte de la cellule du corps\"><strong>Affiliation<\/strong><\/td>\n<td class=\"block-editor-rich-text__editable wp-block-table__cell-content rich-text\" style=\"width: 35.0158%; height: 55px;\" role=\"textbox\" contenteditable=\"true\" aria-multiline=\"true\" aria-label=\"Texte de la cellule du corps\"><strong>Habilitation to Supervise Research (HSR)<\/strong><\/td>\n<\/tr>\n<tr style=\"height: 55px;\">\n<td class=\"block-editor-rich-text__editable wp-block-table__cell-content rich-text\" style=\"width: 11.6719%; height: 55px;\" role=\"textbox\" contenteditable=\"true\" aria-multiline=\"true\" aria-label=\"Texte de la cellule du corps\">\n<p>\u00a0<\/p>\n<p>Artiges<\/p>\n<\/td>\n<td class=\"block-editor-rich-text__editable wp-block-table__cell-content rich-text\" style=\"width: 9.93691%; height: 55px;\" role=\"textbox\" contenteditable=\"true\" aria-multiline=\"true\" aria-label=\"Texte de la cellule du corps\">\n<p>\u00a0<\/p>\n<p>Eric<\/p>\n<\/td>\n<td class=\"block-editor-rich-text__editable wp-block-table__cell-content rich-text\" style=\"width: 31.8612%; height: 55px;\" role=\"textbox\" contenteditable=\"true\" aria-multiline=\"true\" aria-label=\"Texte de la cellule du corps\">\n<p>\u00a0<\/p>\n<p>Unit Director, Psychiatrist<\/p>\n<\/td>\n<td class=\"block-editor-rich-text__editable wp-block-table__cell-content rich-text\" style=\"width: 11.3565%; height: 55px;\" role=\"textbox\" contenteditable=\"true\" aria-multiline=\"true\" aria-label=\"Texte de la cellule du corps\">\n<p>\u00a0<\/p>\n<p>INSERM<\/p>\n<\/td>\n<td class=\"block-editor-rich-text__editable wp-block-table__cell-content rich-text\" style=\"width: 35.0158%; height: 55px;\" role=\"textbox\" contenteditable=\"true\" aria-multiline=\"true\" aria-label=\"Texte de la cellule du corps\">\n<p>\u00a0<\/p>\n<p>Yes<\/p>\n<\/td>\n<\/tr>\n<tr style=\"height: 67px;\">\n<td class=\"block-editor-rich-text__editable wp-block-table__cell-content rich-text\" style=\"width: 11.6719%; height: 67px;\" role=\"textbox\" contenteditable=\"true\" aria-multiline=\"true\" aria-label=\"Texte de la cellule du corps\">Zilbovicius<\/td>\n<td class=\"block-editor-rich-text__editable wp-block-table__cell-content rich-text\" style=\"width: 9.93691%; height: 67px;\" role=\"textbox\" contenteditable=\"true\" aria-multiline=\"true\" aria-label=\"Texte de la cellule du corps\">Monica<\/td>\n<td class=\"block-editor-rich-text__editable wp-block-table__cell-content rich-text\" style=\"width: 31.8612%; height: 67px;\" role=\"textbox\" contenteditable=\"true\" aria-multiline=\"true\" aria-label=\"Texte de la cellule du corps\">Research Director, Child Psychiatrist<\/td>\n<td class=\"block-editor-rich-text__editable wp-block-table__cell-content rich-text\" style=\"width: 11.3565%; height: 67px;\" role=\"textbox\" contenteditable=\"true\" aria-multiline=\"true\" aria-label=\"Texte de la cellule du corps\">INSERM<\/td>\n<td class=\"block-editor-rich-text__editable wp-block-table__cell-content rich-text\" style=\"width: 35.0158%; height: 67px;\" role=\"textbox\" contenteditable=\"true\" aria-multiline=\"true\" aria-label=\"Texte de la cellule du corps\">Yes<\/td>\n<\/tr>\n<tr style=\"height: 98px;\">\n<td class=\"block-editor-rich-text__editable wp-block-table__cell-content rich-text\" style=\"width: 11.6719%; height: 98px;\" role=\"textbox\" contenteditable=\"true\" aria-multiline=\"true\" aria-label=\"Texte de la cellule du corps\">Martinot<hr \/>Niedhammer<\/td>\n<td class=\"block-editor-rich-text__editable wp-block-table__cell-content rich-text\" style=\"width: 9.93691%; height: 98px;\" role=\"textbox\" contenteditable=\"true\" aria-multiline=\"true\" aria-label=\"Texte de la cellule du corps\">Jean-Luc<hr \/>Isabelle<\/td>\n<td class=\"block-editor-rich-text__editable wp-block-table__cell-content rich-text\" style=\"width: 31.8612%; height: 98px;\" role=\"textbox\" contenteditable=\"true\" aria-multiline=\"true\" aria-label=\"Texte de la cellule du corps\">Emeritus Research Director, Child Psychiatrist<hr \/>Research Director, Epidemiologist<\/td>\n<td class=\"block-editor-rich-text__editable wp-block-table__cell-content rich-text\" style=\"width: 11.3565%; height: 98px;\" role=\"textbox\" contenteditable=\"true\" aria-multiline=\"true\" aria-label=\"Texte de la cellule du corps\">INSERM<hr \/>INSERM<\/td>\n<td class=\"block-editor-rich-text__editable wp-block-table__cell-content rich-text\" style=\"width: 35.0158%; height: 98px;\" role=\"textbox\" contenteditable=\"true\" aria-multiline=\"true\" aria-label=\"Texte de la cellule du corps\">Yes<hr \/>Yes<\/td>\n<\/tr>\n<\/tbody>\n<\/table>\n\n\n\n<h4><strong>Teachers &#8211; Researchers<\/strong><\/h4>\n<table style=\"width: 100%; height: 164px;\">\n<tbody>\n<tr style=\"height: 55px;\">\n<td class=\"block-editor-rich-text__editable wp-block-table__cell-content rich-text\" style=\"height: 55px; width: 9.93691%;\" role=\"textbox\" contenteditable=\"true\" aria-multiline=\"true\" aria-label=\"Texte de la cellule du corps\"><strong data-rich-text-format-boundary=\"true\">Name<\/strong><\/td>\n<td class=\"block-editor-rich-text__editable wp-block-table__cell-content rich-text\" style=\"height: 55px; width: 11.041%;\" role=\"textbox\" contenteditable=\"true\" aria-multiline=\"true\" aria-label=\"Texte de la cellule du corps\"><strong>1er Name<\/strong><\/td>\n<td class=\"block-editor-rich-text__editable wp-block-table__cell-content rich-text\" style=\"height: 55px; width: 10.2524%;\" role=\"textbox\" contenteditable=\"true\" aria-multiline=\"true\" aria-label=\"Texte de la cellule du corps\"><strong>Function<\/strong><\/td>\n<td class=\"block-editor-rich-text__editable wp-block-table__cell-content rich-text\" style=\"height: 55px; width: 34.858%;\" role=\"textbox\" contenteditable=\"true\" aria-multiline=\"true\" aria-label=\"Texte de la cellule du corps\"><strong>Affiliation<\/strong><\/td>\n<td class=\"block-editor-rich-text__editable wp-block-table__cell-content rich-text\" style=\"height: 55px; width: 33.7539%;\" role=\"textbox\" contenteditable=\"true\" aria-multiline=\"true\" aria-label=\"Texte de la cellule du corps\"><strong>Habilitation to Supervise Research (HSR)&nbsp;<\/strong><\/td>\n<\/tr>\n<tr style=\"height: 27px;\">\n<td class=\"block-editor-rich-text__editable wp-block-table__cell-content rich-text\" style=\"height: 27px; width: 9.93691%;\" role=\"textbox\" contenteditable=\"true\" aria-multiline=\"true\" aria-label=\"Texte de la cellule du corps\">Boddaert<\/td>\n<td class=\"block-editor-rich-text__editable wp-block-table__cell-content rich-text\" style=\"height: 27px; width: 11.041%;\" role=\"textbox\" contenteditable=\"true\" aria-multiline=\"true\" aria-label=\"Texte de la cellule du corps\">Nathalie<\/td>\n<td class=\"block-editor-rich-text__editable wp-block-table__cell-content rich-text\" style=\"height: 27px; width: 10.2524%;\" role=\"textbox\" contenteditable=\"true\" aria-multiline=\"true\" aria-label=\"Texte de la cellule du corps\">PU-PH<\/td>\n<td class=\"block-editor-rich-text__editable wp-block-table__cell-content rich-text\" style=\"height: 27px; width: 34.858%;\" role=\"textbox\" contenteditable=\"true\" aria-multiline=\"true\" aria-label=\"Texte de la cellule du corps\">AP-HP University Paris Cit\u00e9<\/td>\n<td class=\"block-editor-rich-text__editable wp-block-table__cell-content rich-text\" style=\"height: 27px; width: 33.7539%;\" role=\"textbox\" contenteditable=\"true\" aria-multiline=\"true\" aria-label=\"Texte de la cellule du corps\">Yes<\/td>\n<\/tr>\n<tr style=\"height: 27px;\">\n<td class=\"block-editor-rich-text__editable wp-block-table__cell-content rich-text\" style=\"height: 27px; width: 9.93691%;\" role=\"textbox\" contenteditable=\"true\" aria-multiline=\"true\" aria-label=\"Texte de la cellule du corps\">Haddouk<\/td>\n<td class=\"block-editor-rich-text__editable wp-block-table__cell-content rich-text\" style=\"height: 27px; width: 11.041%;\" role=\"textbox\" contenteditable=\"true\" aria-multiline=\"true\" aria-label=\"Texte de la cellule du corps\">Lise<\/td>\n<td class=\"block-editor-rich-text__editable wp-block-table__cell-content rich-text\" style=\"height: 27px; width: 10.2524%;\" role=\"textbox\" contenteditable=\"true\" aria-multiline=\"true\" aria-label=\"Texte de la cellule du corps\">MCU<\/td>\n<td class=\"block-editor-rich-text__editable wp-block-table__cell-content rich-text\" style=\"height: 27px; width: 34.858%;\" role=\"textbox\" contenteditable=\"true\" aria-multiline=\"true\" aria-label=\"Texte de la cellule du corps\">Rouen University, Centre Borelli<\/td>\n<td class=\"block-editor-rich-text__editable wp-block-table__cell-content rich-text\" style=\"height: 27px; width: 33.7539%;\" role=\"textbox\" contenteditable=\"true\" aria-multiline=\"true\" aria-label=\"Texte de la cellule du corps\">Yes<\/td>\n<\/tr>\n<\/tbody>\n<\/table>\n\n\n\n<h4><strong>Psychiatrists<\/strong><\/h4>\n<table style=\"width: 100%; height: 137px;\">\n<tbody>\n<tr style=\"height: 55px;\">\n<td class=\"block-editor-rich-text__editable wp-block-table__cell-content rich-text\" style=\"height: 55px;\" role=\"textbox\" contenteditable=\"true\" aria-multiline=\"true\" aria-label=\"Texte de la cellule du corps\"><strong data-rich-text-format-boundary=\"true\">Name<\/strong><\/td>\n<td class=\"block-editor-rich-text__editable wp-block-table__cell-content rich-text\" style=\"height: 55px;\" role=\"textbox\" contenteditable=\"true\" aria-multiline=\"true\" aria-label=\"Texte de la cellule du corps\"><strong>1st Name<\/strong><\/td>\n<td class=\"block-editor-rich-text__editable wp-block-table__cell-content rich-text\" style=\"height: 55px;\" role=\"textbox\" contenteditable=\"true\" aria-multiline=\"true\" aria-label=\"Texte de la cellule du corps\"><strong>Function<\/strong><\/td>\n<td class=\"block-editor-rich-text__editable wp-block-table__cell-content rich-text\" style=\"height: 55px;\" role=\"textbox\" contenteditable=\"true\" aria-multiline=\"true\" aria-label=\"Texte de la cellule du corps\"><strong>Affiliation<\/strong><\/td>\n<td class=\"block-editor-rich-text__editable wp-block-table__cell-content rich-text\" style=\"height: 55px;\" role=\"textbox\" contenteditable=\"true\" aria-multiline=\"true\" aria-label=\"Texte de la cellule du corps\"><strong>Habilitation to Supervise Research (HSR)<\/strong><\/td>\n<\/tr>\n<tr style=\"height: 55px;\">\n<td class=\"block-editor-rich-text__editable wp-block-table__cell-content rich-text\" style=\"height: 55px;\" role=\"textbox\" contenteditable=\"true\" aria-multiline=\"true\" aria-label=\"Texte de la cellule du corps\">Paill\u00e8re<\/td>\n<td class=\"block-editor-rich-text__editable wp-block-table__cell-content rich-text\" style=\"height: 55px;\" role=\"textbox\" contenteditable=\"true\" aria-multiline=\"true\" aria-label=\"Texte de la cellule du corps\">Marie-Laure<\/td>\n<td class=\"block-editor-rich-text__editable wp-block-table__cell-content rich-text\" style=\"height: 55px;\" role=\"textbox\" contenteditable=\"true\" aria-multiline=\"true\" aria-label=\"Texte de la cellule du corps\">PH<\/td>\n<td class=\"block-editor-rich-text__editable wp-block-table__cell-content rich-text\" style=\"height: 55px;\" role=\"textbox\" contenteditable=\"true\" aria-multiline=\"true\" aria-label=\"Texte de la cellule du corps\">AP-HP, Child Psychiatrist, La Piti\u00e9-Salp\u00eatri\u00e8re Hospital<\/td>\n<td class=\"block-editor-rich-text__editable wp-block-table__cell-content rich-text\" style=\"height: 55px;\" role=\"textbox\" contenteditable=\"true\" aria-multiline=\"true\" aria-label=\"Texte de la cellule du corps\">Yes<\/td>\n<\/tr>\n<tr style=\"height: 55px;\">\n<td class=\"block-editor-rich-text__editable wp-block-table__cell-content rich-text\" style=\"height: 55px;\" role=\"textbox\" contenteditable=\"true\" aria-multiline=\"true\" aria-label=\"Texte de la cellule du corps\">Martelli<\/td>\n<td class=\"block-editor-rich-text__editable wp-block-table__cell-content rich-text\" style=\"height: 27px;\" role=\"textbox\" contenteditable=\"true\" aria-multiline=\"true\" aria-label=\"Texte de la cellule du corps\">Catherine<\/td>\n<td class=\"block-editor-rich-text__editable wp-block-table__cell-content rich-text\" style=\"height: 27px;\" role=\"textbox\" contenteditable=\"true\" aria-multiline=\"true\" aria-label=\"Texte de la cellule du corps\">PH<\/td>\n<td class=\"block-editor-rich-text__editable wp-block-table__cell-content rich-text\" style=\"height: 27px;\" role=\"textbox\" contenteditable=\"true\" aria-multiline=\"true\" aria-label=\"Texte de la cellule du corps\">&nbsp;AP-HP, Villejuif Hospital<\/td>\n<td class=\"block-editor-rich-text__editable wp-block-table__cell-content rich-text\" style=\"height: 27px;\" role=\"textbox\" contenteditable=\"true\" aria-multiline=\"true\" aria-label=\"Texte de la cellule du corps\">No<\/td>\n<\/tr>\n<\/tbody>\n<\/table>\n<h4><strong>Engineers<\/strong><\/h4>\n<table style=\"width: 100%; height: 81px;\">\n<tbody>\n<tr style=\"height: 27px;\">\n<td class=\"block-editor-rich-text__editable wp-block-table__cell-content rich-text\" style=\"width: 12.3028%; height: 27px;\" role=\"textbox\" contenteditable=\"true\" aria-multiline=\"true\" aria-label=\"Texte de la cellule du corps\"><strong data-rich-text-format-boundary=\"true\">Name<\/strong><\/td>\n<td class=\"block-editor-rich-text__editable wp-block-table__cell-content rich-text\" style=\"width: 11.3565%; height: 27px;\" role=\"textbox\" contenteditable=\"true\" aria-multiline=\"true\" aria-label=\"Texte de la cellule du corps\"><strong>1st name<\/strong><\/td>\n<td class=\"block-editor-rich-text__editable wp-block-table__cell-content rich-text\" style=\"width: 31.0726%; height: 27px;\" role=\"textbox\" contenteditable=\"true\" aria-multiline=\"true\" aria-label=\"Texte de la cellule du corps\"><strong>Affiliation<\/strong><\/td>\n<td class=\"block-editor-rich-text__editable wp-block-table__cell-content rich-text\" style=\"width: 45.1104%; height: 27px;\" role=\"textbox\" contenteditable=\"true\" aria-multiline=\"true\" aria-label=\"Texte de la cellule du corps\"><strong>Habilitation to Supervise Research (HSR)&nbsp;<\/strong><\/td>\n<\/tr>\n<tr style=\"height: 27px;\">\n<td class=\"block-editor-rich-text__editable wp-block-table__cell-content rich-text\" style=\"width: 12.3028%; height: 27px;\" role=\"textbox\" contenteditable=\"true\" aria-multiline=\"true\" aria-label=\"Texte de la cellule du corps\">Fillon<\/td>\n<td class=\"block-editor-rich-text__editable wp-block-table__cell-content rich-text\" style=\"width: 11.3565%; height: 27px;\" role=\"textbox\" contenteditable=\"true\" aria-multiline=\"true\" aria-label=\"Texte de la cellule du corps\">Ludovic<\/td>\n<td class=\"block-editor-rich-text__editable wp-block-table__cell-content rich-text\" style=\"width: 31.0726%; height: 27px;\" role=\"textbox\" contenteditable=\"true\" aria-multiline=\"true\" aria-label=\"Texte de la cellule du corps\">Permanent Contract IMAGINE<\/td>\n<td class=\"block-editor-rich-text__editable wp-block-table__cell-content rich-text\" style=\"width: 45.1104%; height: 27px;\" role=\"textbox\" contenteditable=\"true\" aria-multiline=\"true\" aria-label=\"Texte de la cellule du corps\">No<\/td>\n<\/tr>\n<tr style=\"height: 27px;\">\n<td class=\"block-editor-rich-text__editable wp-block-table__cell-content rich-text\" style=\"width: 12.3028%; height: 27px;\" role=\"textbox\" contenteditable=\"true\" aria-multiline=\"true\" aria-label=\"Texte de la cellule du corps\">Boisgontier<\/td>\n<td class=\"block-editor-rich-text__editable wp-block-table__cell-content rich-text\" style=\"width: 11.3565%; height: 27px;\" role=\"textbox\" contenteditable=\"true\" aria-multiline=\"true\" aria-label=\"Texte de la cellule du corps\">Jennifer<\/td>\n<td class=\"block-editor-rich-text__editable wp-block-table__cell-content rich-text\" style=\"width: 31.0726%; height: 27px;\" role=\"textbox\" contenteditable=\"true\" aria-multiline=\"true\" aria-label=\"Texte de la cellule du corps\">Permanent Contract IMAGINE<\/td>\n<td class=\"block-editor-rich-text__editable wp-block-table__cell-content rich-text\" style=\"width: 45.1104%; height: 27px;\" role=\"textbox\" contenteditable=\"true\" aria-multiline=\"true\" aria-label=\"Texte de la cellule du corps\">No<\/td>\n<\/tr>\n<\/tbody>\n<\/table>\n\n\n\n<h4><strong>Research psychologist<\/strong><\/h4>\n<table>\n<tbody>\n<tr>\n<td class=\"block-editor-rich-text__editable wp-block-table__cell-content rich-text\" role=\"textbox\" contenteditable=\"true\" aria-multiline=\"true\" aria-label=\"Texte de la cellule du corps\"><strong data-rich-text-format-boundary=\"true\">Name<\/strong><\/td>\n<td class=\"block-editor-rich-text__editable wp-block-table__cell-content rich-text\" role=\"textbox\" contenteditable=\"true\" aria-multiline=\"true\" aria-label=\"Texte de la cellule du corps\"><strong>1st Name<\/strong><\/td>\n<td class=\"block-editor-rich-text__editable wp-block-table__cell-content rich-text\" role=\"textbox\" contenteditable=\"true\" aria-multiline=\"true\" aria-label=\"Texte de la cellule du corps\"><strong>Affiliation<\/strong><\/td>\n<td class=\"block-editor-rich-text__editable wp-block-table__cell-content rich-text\" role=\"textbox\" contenteditable=\"true\" aria-multiline=\"true\" aria-label=\"Texte de la cellule du corps\"><strong>Habilitation to Supervise Research (HSR)<\/strong><\/td>\n<\/tr>\n<tr>\n<td class=\"block-editor-rich-text__editable wp-block-table__cell-content rich-text\" role=\"textbox\" contenteditable=\"true\" aria-multiline=\"true\" aria-label=\"Texte de la cellule du corps\">Baggio-Saitovitch<\/td>\n<td class=\"block-editor-rich-text__editable wp-block-table__cell-content rich-text\" role=\"textbox\" contenteditable=\"true\" aria-multiline=\"true\" aria-label=\"Texte de la cellule du corps\">Ana-Riva<\/td>\n<td class=\"block-editor-rich-text__editable wp-block-table__cell-content rich-text\" role=\"textbox\" contenteditable=\"true\" aria-multiline=\"true\" aria-label=\"Texte de la cellule du corps\">Permanent Contract IMAGINE<\/td>\n<td class=\"block-editor-rich-text__editable wp-block-table__cell-content rich-text\" role=\"textbox\" contenteditable=\"true\" aria-multiline=\"true\" aria-label=\"Texte de la cellule du corps\">No<\/td>\n<\/tr>\n<\/tbody>\n<\/table>\n<h4><strong>Administrator<\/strong><\/h4>\n<table>\n<tbody>\n<tr>\n<td class=\"block-editor-rich-text__editable wp-block-table__cell-content rich-text\" role=\"textbox\" contenteditable=\"true\" aria-multiline=\"true\" aria-label=\"Texte de la cellule du corps\"><strong data-rich-text-format-boundary=\"true\">Name<\/strong><\/td>\n<td class=\"block-editor-rich-text__editable wp-block-table__cell-content rich-text\" role=\"textbox\" contenteditable=\"true\" aria-multiline=\"true\" aria-label=\"Texte de la cellule du corps\"><strong>1st Name<\/strong><\/td>\n<td class=\"block-editor-rich-text__editable wp-block-table__cell-content rich-text\" role=\"textbox\" contenteditable=\"true\" aria-multiline=\"true\" aria-label=\"Texte de la cellule du corps\"><strong>Affiliation<\/strong><\/td>\n<\/tr>\n<tr>\n<td class=\"block-editor-rich-text__editable wp-block-table__cell-content rich-text\" role=\"textbox\" contenteditable=\"true\" aria-multiline=\"true\" aria-label=\"Texte de la cellule du corps\">Gourlan<\/td>\n<td class=\"block-editor-rich-text__editable wp-block-table__cell-content rich-text\" role=\"textbox\" contenteditable=\"true\" aria-multiline=\"true\" aria-label=\"Texte de la cellule du corps\">Chantal<\/td>\n<td class=\"block-editor-rich-text__editable wp-block-table__cell-content rich-text\" role=\"textbox\" contenteditable=\"true\" aria-multiline=\"true\" aria-label=\"Texte de la cellule du corps\">INSERM<\/td>\n<\/tr>\n<\/tbody>\n<tfoot><\/tfoot>\n<\/table>\n<h4><strong>Thesis<\/strong><\/h4>\n<table style=\"width: 100%; height: 93px;\">\n<tbody>\n<tr style=\"height: 28px;\">\n<td style=\"width: 30.4416%; height: 28px;\"><strong>Name<\/strong><\/td>\n<td style=\"width: 21.7666%; height: 28px;\"><strong>1st Name<\/strong><\/td>\n<td style=\"width: 26.3407%; height: 28px;\"><strong>Function<\/strong><\/td>\n<td style=\"width: 21.2934%; height: 28px;\"><strong>Contract<\/strong><\/td>\n<\/tr>\n<tr style=\"height: 28px;\">\n<td style=\"height: 28px; width: 30.4416%;\">Fernandez-Ruiz<\/td>\n<td style=\"height: 28px; width: 21.7666%;\">Julia<\/td>\n<td style=\"height: 28px; width: 26.3407%;\">&nbsp;<\/td>\n<td style=\"height: 28px; width: 21.2934%;\">INSERM<\/td>\n<\/tr>\n<tr style=\"height: 10px;\">\n<td style=\"height: 10px; width: 30.4416%;\">Fabre<\/td>\n<td style=\"height: 10px; width: 21.7666%;\">Aur\u00e9lie<\/td>\n<td style=\"height: 10px; width: 26.3407%;\">&nbsp;<\/td>\n<td style=\"height: 10px; width: 21.2934%;\">L&rsquo;Elan retrouv\u00e9<\/td>\n<\/tr>\n<tr style=\"height: 27px;\">\n<td style=\"width: 30.4416%; height: 27px;\">Aljabali<\/td>\n<td style=\"width: 21.7666%; height: 27px;\">Khawla<\/td>\n<td style=\"width: 26.3407%; height: 27px;\">&nbsp;<\/td>\n<td style=\"width: 21.2934%; height: 27px;\">L&rsquo;Elan retrouv\u00e9<\/td>\n<\/tr>\n<\/tbody>\n<\/table>\n\n\n\n<h4><strong>Master 2 Students<\/strong><\/h4>\n<table style=\"width: 100.158%; height: 112px;\">\n<tbody>\n<tr style=\"height: 28px;\">\n<td style=\"width: 19.685%; height: 28px;\"><strong>Name<\/strong><\/td>\n<td style=\"width: 24.4094%; height: 28px;\"><strong>1st Name<\/strong><\/td>\n<td style=\"width: 19.8425%; height: 28px;\"><strong>Function<\/strong><\/td>\n<td style=\"width: 36.063%; height: 28px;\"><strong>Affiliation<\/strong><\/td>\n<\/tr>\n<tr style=\"height: 56px;\">\n<td style=\"width: 19.685%; height: 56px;\">Boutillon<\/td>\n<td style=\"width: 24.4094%; height: 56px;\">Maud<\/td>\n<td style=\"width: 19.8425%; height: 56px;\">Master 2<\/td>\n<td style=\"width: 36.063%; height: 56px;\">Sorbonne University\u00a0<\/td>\n<\/tr>\n<\/tbody>\n<\/table>\n","protected":false},"excerpt":{"rendered":"<p>The research of the INSERM unit is carried out with the ICM platform. The team is part of the radiopediatrics department of the Necker Hospital. Researchers Name 1er Name Function Affiliation Habilitation to Supervise Research (HSR) \u00a0 Artiges \u00a0 Eric \u00a0 Unit Director, Psychiatrist \u00a0 INSERM \u00a0 Yes Zilbovicius Monica Research Director, Child Psychiatrist INSERM &hellip; <a href=\"https:\/\/www.inserm-u1000.universite-paris-saclay.fr\/?page_id=1674\" class=\"more-link\">Continuer la lecture de <span class=\"screen-reader-text\">Collaborators<\/span> <span class=\"meta-nav\">&rarr;<\/span><\/a><\/p>\n","protected":false},"author":1,"featured_media":0,"parent":0,"menu_order":0,"comment_status":"closed","ping_status":"closed","template":"","meta":[],"_links":{"self":[{"href":"https:\/\/www.inserm-u1000.universite-paris-saclay.fr\/index.php?rest_route=\/wp\/v2\/pages\/1674"}],"collection":[{"href":"https:\/\/www.inserm-u1000.universite-paris-saclay.fr\/index.php?rest_route=\/wp\/v2\/pages"}],"about":[{"href":"https:\/\/www.inserm-u1000.universite-paris-saclay.fr\/index.php?rest_route=\/wp\/v2\/types\/page"}],"author":[{"embeddable":true,"href":"https:\/\/www.inserm-u1000.universite-paris-saclay.fr\/index.php?rest_route=\/wp\/v2\/users\/1"}],"replies":[{"embeddable":true,"href":"https:\/\/www.inserm-u1000.universite-paris-saclay.fr\/index.php?rest_route=%2Fwp%2Fv2%2Fcomments&post=1674"}],"version-history":[{"count":20,"href":"https:\/\/www.inserm-u1000.universite-paris-saclay.fr\/index.php?rest_route=\/wp\/v2\/pages\/1674\/revisions"}],"predecessor-version":[{"id":2232,"href":"https:\/\/www.inserm-u1000.universite-paris-saclay.fr\/index.php?rest_route=\/wp\/v2\/pages\/1674\/revisions\/2232"}],"wp:attachment":[{"href":"https:\/\/www.inserm-u1000.universite-paris-saclay.fr\/index.php?rest_route=%2Fwp%2Fv2%2Fmedia&parent=1674"}],"curies":[{"name":"wp","href":"https:\/\/api.w.org\/{rel}","templated":true}]}}