{"id":12,"date":"2015-05-06T13:34:26","date_gmt":"2015-05-06T12:34:26","guid":{"rendered":"http:\/?page_id=12"},"modified":"2022-08-03T11:14:59","modified_gmt":"2022-08-03T10:14:59","slug":"plateau-technique","status":"publish","type":"page","link":"https:\/\/www.inserm-u1000.universite-paris-saclay.fr\/?page_id=12","title":{"rendered":"Localisation des recherches"},"content":{"rendered":"<h3 style=\"text-align: center;\"><span style=\"text-decoration: underline;\"><a href=\"https:\/\/www.inserm-u1000.universite-paris-saclay.fr\/wp-content\/uploads\/2021\/09\/ens.jpg\"><img decoding=\"async\" loading=\"lazy\" class=\"alignnone  wp-image-1350\" src=\"https:\/\/www.inserm-u1000.universite-paris-saclay.fr\/wp-content\/uploads\/2021\/09\/ens-300x225.jpg\" alt=\"\" width=\"476\" height=\"357\" srcset=\"https:\/\/www.inserm-u1000.universite-paris-saclay.fr\/wp-content\/uploads\/2021\/09\/ens-300x225.jpg 300w, https:\/\/www.inserm-u1000.universite-paris-saclay.fr\/wp-content\/uploads\/2021\/09\/ens.jpg 591w\" sizes=\"(max-width: 476px) 100vw, 476px\" \/><\/a><\/span><\/h3>\n<h3 style=\"text-align: center;\"><span style=\"text-decoration: underline;\">Centre Borelli &#8211; ENS &#8211; Universit\u00e9 Paris-Saclay<\/span><\/h3>\n<p style=\"text-align: center;\">\u00a0 \u00a0 \u00a0 \u00a0 \u00a0 \u00a0 \u00a0 \u00a0 \u00a0 \u00a0Math\u00e9matiques aux interfaces et neurosciences int\u00e9gratives et comportementales<\/p>\n<p style=\"text-align: center;\">\u00a0 \u00a0\u00a0 \u00a0\u00a0 \u00a0\u00a0 \u00a0\u00a0<a href=\"https:\/\/centreborelli.ens-paris-saclay.fr\/fr\/trajectoires-developpementales-psychiatrie\">https:\/\/centreborelli.ens-paris-saclay.fr\/fr\/trajectoires-developpementales-psychiatrie<\/a><\/p>\n<p style=\"text-align: center;\"><a href=\"https:\/\/www.inserm-u1000.universite-paris-saclay.fr\/wp-content\/uploads\/2021\/06\/photo-unit\u00e9.jpg\"><img decoding=\"async\" loading=\"lazy\" class=\"alignnone  wp-image-1306\" src=\"https:\/\/www.inserm-u1000.universite-paris-saclay.fr\/wp-content\/uploads\/2021\/06\/photo-unit\u00e9-300x225.jpg\" alt=\"\" width=\"502\" height=\"376\" srcset=\"https:\/\/www.inserm-u1000.universite-paris-saclay.fr\/wp-content\/uploads\/2021\/06\/photo-unit\u00e9-300x225.jpg 300w, https:\/\/www.inserm-u1000.universite-paris-saclay.fr\/wp-content\/uploads\/2021\/06\/photo-unit\u00e9-1024x768.jpg 1024w, https:\/\/www.inserm-u1000.universite-paris-saclay.fr\/wp-content\/uploads\/2021\/06\/photo-unit\u00e9-768x576.jpg 768w, https:\/\/www.inserm-u1000.universite-paris-saclay.fr\/wp-content\/uploads\/2021\/06\/photo-unit\u00e9.jpg 1280w\" sizes=\"(max-width: 502px) 100vw, 502px\" \/><\/a><\/p>\n<p style=\"text-align: justify;\">Les \u00e9valuations cliniques, psycho-comportementales, et d&rsquo;imagerie c\u00e9r\u00e9brale des participants sont analys\u00e9es gr\u00e2ce aux serveurs de stockage, d&rsquo;applications et de calcul du laboratoire INSERM, au coeur du cluster scientifique dynamique du plateau de Saclay, au sein de l&rsquo;Ecole Normale Sup\u00e9rieure Paris-Saclay, \u00e0 proximit\u00e9 imm\u00e9diate de grandes \u00e9coles (Centrale-Sup\u00e9lec, Polytechnique), de l&rsquo;Universit\u00e9 d&rsquo;Orsay, et de laboratoires de recherche acad\u00e9miques et en entreprises :<\/p>\n<p><span style=\"color: #3366ff;\"><a style=\"color: #3366ff;\" href=\"http:\/\/www.paris-saclay.com\/l-agglo\/grands-projets\/cluster-paris-saclay-270.html\">http:\/\/www.paris-saclay.com\/l-agglo\/grands-projets\/cluster-paris-saclay-270.html<\/a>\u00a0<\/span><\/p>\n<p>Les recherches de l&rsquo;INSERM U 1299 &lsquo;Trajectoires D\u00e9veloppementales et Psychiatrie&rsquo; sont r\u00e9alis\u00e9es avec la plateforme de l&rsquo;ICM. L&rsquo;\u00e9quipe int\u00e8gre une antenne dans le service de radiop\u00e9diatrie de l&rsquo;h\u00f4pital Necker.<u><\/u><\/p>\n<p>\u00a0<\/p>\n<h3 style=\"text-align: center;\"><span style=\"text-decoration: underline;\"><strong>Le CENIR \u00e0 l&rsquo;ICM<\/strong><\/span><\/h3>\n<h3 style=\"text-align: center;\"><span style=\"text-decoration: underline;\"><strong><a href=\"https:\/\/www.inserm-u1000.universite-paris-saclay.fr\/wp-content\/uploads\/2015\/09\/IInstitut-du-cerveau-Vue-1-e1441112150627.jpg\"><img decoding=\"async\" loading=\"lazy\" class=\"wp-image-159 aligncenter\" src=\"https:\/\/www.inserm-u1000.universite-paris-saclay.fr\/wp-content\/uploads\/2015\/09\/IInstitut-du-cerveau-Vue-1-300x242.jpg\" alt=\"\" width=\"464\" height=\"375\" \/><\/a><\/strong><\/span><\/h3>\n<p class=\"center\" style=\"margin: 0.5em 0px 1em; padding: 0px; text-align: center; color: #747474; line-height: normal; font-family: Verdana, Helvetica, sans-serif, Arial; font-size: 11px;\">\u00a0<\/p>\n<p class=\"left\" style=\"margin: 0.5em 0px 1em; padding: 0px; color: #747474; line-height: normal; font-family: Verdana, Helvetica, sans-serif, Arial; font-size: 11px;\"><span style=\"font-size: 14px;\"><span style=\"color: #000000;\">Nouveau centre de recherche sur les maladies du cerveau situ\u00e9 \u00e0 Paris &#8211; Salp\u00eatri\u00e8re<\/span>.<\/span><\/p>\n<p style=\"margin: 0.5em 0px 1em; padding: 0px; color: #747474; line-height: normal; font-family: Verdana, Helvetica, sans-serif, Arial; font-size: 11px;\"><span style=\"font-size: 14px;\"><span style=\"color: #000000;\">Le Centre de Neuroimagerie de Recherche <span style=\"color: #3366ff;\"><a style=\"color: #3366ff;\" href=\"https:\/\/cenir.institutducerveau-icm.org\">https:\/\/cenir.institutducerveau-icm.org<\/a><\/span><\/span><span style=\"color: #3366ff;\">\u00a0<\/span><span style=\"color: #000000;\">au sein de l&rsquo;Institut du Cerveau et de la Moelle \u00e9pini\u00e8re.<\/span><\/span><\/p>\n<p style=\"margin: 0.5em 0px 1em; padding: 0px; color: #747474; line-height: normal; font-family: Verdana, Helvetica, sans-serif, Arial; font-size: 11px;\"><span style=\"font-size: 14px;\"><span style=\"color: #000000;\">Les s\u00e9quences de L&rsquo;INSERM U 1299 &lsquo;Trajectoires D\u00e9veloppementales et Psychiatrie&rsquo; fonctionnent sur une IRM 3Teslas Siemens Prisma.<\/span><br \/><span style=\"color: #000000;\">Des chercheurs de l&rsquo;\u00e9quipe utilisent \u00e9galement la TMS du CENIR.<\/span><\/span><\/p>\n<div>\u00a0<\/div>\n<h3 style=\"text-align: center;\"><u><span style=\"color: #000000;\"><strong style=\"line-height: 1.6;\">LE SERVICE DE RADIOPEDIATRIE H\u00d4PITAL NECKER-ENFANTS MALADES\u00a0<span style=\"font-size: 14px;\">(AP-HP, Paris)<\/span><\/strong><\/span><\/u><\/h3>\n<p><strong>Chef de service : Pr N. BODDAERT<\/strong><\/p>\n<p style=\"text-align: center;\"><a href=\"https:\/\/www.inserm-u1000.universite-paris-saclay.fr\/wp-content\/uploads\/2015\/05\/\u00e9quipe-necker.jpg\"><img decoding=\"async\" loading=\"lazy\" class=\"alignnone  wp-image-196\" src=\"https:\/\/www.inserm-u1000.universite-paris-saclay.fr\/wp-content\/uploads\/2015\/05\/\u00e9quipe-necker.jpg\" alt=\"\" width=\"532\" height=\"399\" \/><\/a><\/p>\n<p><strong style=\"font-size: revert;\">L&rsquo;INSERM U 1299 &lsquo;Trajectoires D\u00e9veloppementales et Psychiatrie&rsquo; dispose d&rsquo;une antenne de recherche dans le service de radiop\u00e9diatrie de l&rsquo;H\u00f4pital Necker-Enfants Malades qui poss\u00e8de un appareil IRM r\u00e9cent General Electrics 3Teslas, avec le personnel exp\u00e9riment\u00e9 et toutes les fonctionnalit\u00e9s pour l&rsquo;acquisition d&rsquo;images du cerveau chez les enfants et les adolescents : <\/strong><span style=\"color: #3366ff;\"><a style=\"color: #3366ff;\" href=\"https:\/\/www.aphp.fr\/service\/service-18-061\">https:\/\/www.aphp.fr\/service\/service-18-061<\/a><\/span><\/p>\n<p style=\"text-align: justify;\">Ceci permet l&rsquo;investigation de la maturation normale et pathologique du cerveau, y compris au cours des affections psychiatriques et neurog\u00e9n\u00e9tiques les plus s\u00e9v\u00e8res.<\/p>\n<p style=\"text-align: justify;\">L&rsquo;environnement p\u00e9diatrique sp\u00e9cialis\u00e9 autorise en toute s\u00e9curit\u00e9 l&rsquo;utilisation d&rsquo;une pr\u00e9m\u00e9dication et d&rsquo;une anesth\u00e9sie g\u00e9n\u00e9rale si n\u00e9cessaire.<\/p>\n<p>\u00a0<\/p>\n<h3 style=\"text-align: center;\"><span style=\"text-decoration: underline;\">Centre universitaire Saints P\u00e8res<\/span><\/h3>\n<p style=\"text-align: center;\"><a href=\"https:\/\/www.inserm-u1000.universite-paris-saclay.fr\/wp-content\/uploads\/2020\/12\/uinversit\u00e9-paris.jpg\"><img decoding=\"async\" loading=\"lazy\" class=\"alignnone wp-image-1214\" src=\"https:\/\/www.inserm-u1000.universite-paris-saclay.fr\/wp-content\/uploads\/2020\/12\/uinversit\u00e9-paris.jpg\" alt=\"\" width=\"562\" height=\"421\" \/><\/a><\/p>\n<p style=\"text-align: justify;\"><strong>Une Antenne de l&rsquo;INSERM U 1299 &lsquo;Trajectoires D\u00e9veloppementales et Psychiatrie&rsquo;, est am\u00e9nag\u00e9e\u00a0 au Centre universitaire Saints P\u00e8res <span style=\"color: #3366ff;\"><span style=\"color: #000000;\">(<\/span><a style=\"color: #3366ff;\" href=\"https:\/\/histoire.inserm.fr\/les-lieux\/faculte-des-saints-peres\">https:\/\/histoire.inserm.fr\/les-lieux\/faculte-des-saints-peres<span style=\"color: #000000;\">)<\/span><\/a><\/span> pour des recherches sur les trajectoires des jeunes, en fonction de facteurs li\u00e9s \u00e0 l&rsquo;environnement, et des risques de troubles psychiques.\u00a0<\/strong><\/p>\n<p>\u2013 la cohorte internationale d&rsquo;adolescents<span style=\"color: #3366ff;\"> <a style=\"color: #3366ff;\" href=\"https:\/\/imagen-project.org\/\"><strong>IMAGEN<\/strong><\/a><\/span> y sert de r\u00e9f\u00e9rence : 2 000 adolescents de la population\/3 vagues d&rsquo;\u00e9valuations psychologiques, comportementales, de neuro-imagerie, et g\u00e9n\u00e9tiques.<\/p>\n<p>\u2013 Cette cohorte est compar\u00e9e aux mesures de volontaires adultes.<\/p>\n<p>\u2013 de nouvelles strat\u00e9gies de pr\u00e9vention sont recherch\u00e9es dans le cadre du consortium ERANET &#8211;\u00a0 Neuron ADORe :<\/p>\n<p><strong><span style=\"color: #3366ff;\"><span style=\"font-family: 'Arial',sans-serif;\"><span style=\"font-size: small;\"><span style=\"margin: 0px;\"><a style=\"color: #3366ff;\" href=\"https:\/\/www.neuron-eranet.eu\/_media\/ADORe_summary.pdf\">https:\/\/www.neuron-eranet.eu\/_media\/ADORe_summary.pdf<\/a><\/span><\/span><\/span><\/span><\/strong><\/p>\n<p><span style=\"color: #3366ff;\"><a style=\"color: #3366ff;\" href=\"https:\/\/www.project-adore.com\/\">https:\/\/www.project-adore.com\/<\/a><\/span><\/p>\n\n\n\n\n<p><\/p>\n","protected":false},"excerpt":{"rendered":"<p>Centre Borelli &#8211; ENS &#8211; Universit\u00e9 Paris-Saclay \u00a0 \u00a0 \u00a0 \u00a0 \u00a0 \u00a0 \u00a0 \u00a0 \u00a0 \u00a0Math\u00e9matiques aux interfaces et neurosciences int\u00e9gratives et comportementales \u00a0 \u00a0\u00a0 \u00a0\u00a0 \u00a0\u00a0 \u00a0\u00a0https:\/\/centreborelli.ens-paris-saclay.fr\/fr\/trajectoires-developpementales-psychiatrie Les \u00e9valuations cliniques, psycho-comportementales, et d&rsquo;imagerie c\u00e9r\u00e9brale des participants sont analys\u00e9es gr\u00e2ce aux serveurs de stockage, d&rsquo;applications et de calcul du laboratoire INSERM, au coeur du &hellip; <a href=\"https:\/\/www.inserm-u1000.universite-paris-saclay.fr\/?page_id=12\" class=\"more-link\">Continuer la lecture de <span class=\"screen-reader-text\">Localisation des recherches<\/span> <span class=\"meta-nav\">&rarr;<\/span><\/a><\/p>\n","protected":false},"author":1,"featured_media":0,"parent":0,"menu_order":0,"comment_status":"closed","ping_status":"closed","template":"","meta":[],"_links":{"self":[{"href":"https:\/\/www.inserm-u1000.universite-paris-saclay.fr\/index.php?rest_route=\/wp\/v2\/pages\/12"}],"collection":[{"href":"https:\/\/www.inserm-u1000.universite-paris-saclay.fr\/index.php?rest_route=\/wp\/v2\/pages"}],"about":[{"href":"https:\/\/www.inserm-u1000.universite-paris-saclay.fr\/index.php?rest_route=\/wp\/v2\/types\/page"}],"author":[{"embeddable":true,"href":"https:\/\/www.inserm-u1000.universite-paris-saclay.fr\/index.php?rest_route=\/wp\/v2\/users\/1"}],"replies":[{"embeddable":true,"href":"https:\/\/www.inserm-u1000.universite-paris-saclay.fr\/index.php?rest_route=%2Fwp%2Fv2%2Fcomments&post=12"}],"version-history":[{"count":102,"href":"https:\/\/www.inserm-u1000.universite-paris-saclay.fr\/index.php?rest_route=\/wp\/v2\/pages\/12\/revisions"}],"predecessor-version":[{"id":1825,"href":"https:\/\/www.inserm-u1000.universite-paris-saclay.fr\/index.php?rest_route=\/wp\/v2\/pages\/12\/revisions\/1825"}],"wp:attachment":[{"href":"https:\/\/www.inserm-u1000.universite-paris-saclay.fr\/index.php?rest_route=%2Fwp%2Fv2%2Fmedia&parent=12"}],"curies":[{"name":"wp","href":"https:\/\/api.w.org\/{rel}","templated":true}]}}